{"id":11230,"date":"2023-02-21T11:16:03","date_gmt":"2023-02-21T14:16:03","guid":{"rendered":"https:\/\/test.enertik.com\/ar\/?post_type=product&#038;p=11230"},"modified":"2026-04-02T05:58:41","modified_gmt":"2026-04-02T08:58:41","slug":"elevador-de-continua-dc-12v-24v-10a","status":"publish","type":"product","link":"https:\/\/enertik.com\/ar\/tienda\/otros-productos\/convertidores-de-corriente-continua\/elevadores\/elevador-de-continua-dc-12v-24v-10a\/","title":{"rendered":"Elevador de Continua DC 12V &#8211; 24V 10A"},"content":{"rendered":"\t\t<div data-elementor-type=\"product-post\" data-elementor-id=\"11230\" class=\"elementor elementor-11230\" data-elementor-post-type=\"product\">\n\t\t\t\t\t\t<section class=\"wd-negative-gap elementor-section elementor-top-section elementor-element elementor-element-0715b7f Product_Description elementor-section-boxed elementor-section-height-default elementor-section-height-default\" data-id=\"0715b7f\" data-element_type=\"section\" data-e-type=\"section\">\n\t\t\t\t\t\t<div class=\"elementor-container elementor-column-gap-default\">\n\t\t\t\t\t<div class=\"elementor-column elementor-col-100 elementor-top-column elementor-element elementor-element-64f2f9e\" data-id=\"64f2f9e\" data-element_type=\"column\" data-e-type=\"column\" data-settings=\"{&quot;background_background&quot;:&quot;classic&quot;}\">\n\t\t\t<div class=\"elementor-widget-wrap elementor-element-populated\">\n\t\t\t\t\t\t<section class=\"wd-negative-gap elementor-section elementor-inner-section elementor-element elementor-element-2a34a69 elementor-section-boxed elementor-section-height-default elementor-section-height-default\" data-id=\"2a34a69\" data-element_type=\"section\" data-e-type=\"section\">\n\t\t\t\t\t\t<div class=\"elementor-container elementor-column-gap-default\">\n\t\t\t\t\t<div class=\"elementor-column elementor-col-100 elementor-inner-column elementor-element elementor-element-d343ff3\" data-id=\"d343ff3\" data-element_type=\"column\" data-e-type=\"column\">\n\t\t\t<div class=\"elementor-widget-wrap elementor-element-populated\">\n\t\t\t\t\t\t<div class=\"elementor-element elementor-element-414e4d7 elementor-widget elementor-widget-wd_tabs\" data-id=\"414e4d7\" data-element_type=\"widget\" data-e-type=\"widget\" data-widget_type=\"wd_tabs.default\">\n\t\t\t\t<div class=\"elementor-widget-container\">\n\t\t\t\t\t\t\t<div class=\"wd-tabs tabs-design-default\">\n\t\t\t<div class=\"wd-tabs-header text-center\">\n\t\t\t\t\n\t\t\t\t\n\t\t\t\t<div class=\"wd-nav-wrapper wd-nav-tabs-wrapper wd-mb-action-swipe\">\n\t\t\t\t\t<ul class=\"wd-nav wd-nav-tabs wd-icon-pos-left wd-style-underline\">\n\t\t\t\t\t\t\t\t\t\t\t\t\t\n\t\t\t\t\t\t\t<li>\n\t\t\t\t\t\t\t\t<a href=\"#\" class=\"wd-nav-link\">\n\t\t\t\t\t\t\t\t\t\n\t\t\t\t\t\t\t\t\t<span class=\"nav-link-text wd-tabs-title\">\n\t\t\t\t\t\t\t\t\t\tDESCRIPCI\u00d3N\t\t\t\t\t\t\t\t\t<\/span>\n\t\t\t\t\t\t\t\t<\/a>\n\t\t\t\t\t\t\t<\/li>\n\n\t\t\t\t\t\t\t\t\t\t\t\t\t\n\t\t\t\t\t\t\t<li>\n\t\t\t\t\t\t\t\t<a href=\"#\" class=\"wd-nav-link\">\n\t\t\t\t\t\t\t\t\t\n\t\t\t\t\t\t\t\t\t<span class=\"nav-link-text wd-tabs-title\">\n\t\t\t\t\t\t\t\t\t\tESPECIFICACIONES\t\t\t\t\t\t\t\t\t<\/span>\n\t\t\t\t\t\t\t\t<\/a>\n\t\t\t\t\t\t\t<\/li>\n\n\t\t\t\t\t\t\t\t\t\t\t<\/ul>\n\t\t\t\t<\/div>\n\t\t\t<\/div>\n\n\t\t\t<div class=\"wd-tabs-content-wrapper\">\n\t\t\t\t\t\t\t\t\t\t\t\t\t\t\n\t\t\t\t\t<div class=\"wd-tab-content wd-entry-content\">\n\t\t\t\t\t\t\t\t\t\t\t\t\t<div >\n\t\t\t\t\t\t\t\t<h2>VENTAJAS<\/h2><ul class=\"ulMiddle\"><li class=\"ulBgColor\">Amplio rango de voltaje de entrada<\/li><li>Alta eficiencia de hasta 90%<\/li><li class=\"ulBgColor\">100% sellado para protecci\u00f3n contra agua, polvo y vibraciones<\/li><li>Tama\u00f1o y peso reducidos<\/li><li class=\"ulBgColor\">Carcasa de aluminio inyectado, sellado con resina epoxy<\/li><li>Refrigeraci\u00f3n por convecci\u00f3n natural<\/li><li class=\"ulBgColor\">Protecciones con auto-recuperaci\u00f3n por: sobre-corriente, sobre-tensi\u00f3n, cortocircuito y sobre-temperatura<\/li><li>Negativo com\u00fan<\/li><li class=\"ulBgColor\">Normas: CE \/ RoHS \/ IP68<\/li><\/ul>\t\t\t\t\t\t\t<\/div>\n\t\t\t\t\t\t\t\t\t\t\t<\/div>\n\n\t\t\t\t\t\t\t\t\t\t\t\t\t\t\n\t\t\t\t\t<div class=\"wd-tab-content wd-entry-content\">\n\t\t\t\t\t\t\t\t\t\t\t\t\t<div >\n\t\t\t\t\t\t\t\t<div class=\"woocommerce-tabs et-clearfix et_element wc-tabs-wrapper type-folders horizontal loaded\" data-title=\"Pesta\u00f1as\"><div id=\"tab-description\" class=\"woocommerce-Tabs-panel woocommerce-Tabs-panel--description panel entry-content wc-tab\" role=\"tabpanel\" aria-labelledby=\"tab-title-description\"><section class=\"wpb-content-wrapper\"><div class=\"vc_row wpb_row vc_row-fluid vc_custom_1653922784469 vc_row-has-fill et_custom_uniqid_new_6294dbd87580e mpc-row\" data-vc-full-width=\"true\" data-vc-full-width-init=\"true\"><div class=\"wpb_column vc_column_container vc_col-sm-12 et_custom_uniqid_642e7cfb946e9 mpc-column\" data-column-id=\"mpc_column-43642e7cfcd9d5b\"><div class=\"vc_column-inner\"><div class=\"wpb_wrapper\"><div class=\"vc_tta-container\" data-vc-action=\"collapse\"><div class=\"vc_general vc_tta vc_tta-accordion vc_tta-color-green vc_tta-style-outline vc_tta-shape-rounded vc_tta-spacing-3 vc_tta-gap-5 vc_tta-controls-align-center vc_tta-o-no-fill  acordeon-products\"><div class=\"vc_tta-panels-container\"><div class=\"vc_tta-panels\"><div id=\"1654088028518-8b1b8605-f960\" class=\"vc_tta-panel vc_active\" data-vc-content=\".vc_tta-panel-body\"><div class=\"vc_tta-panel-body\"><div class=\"wpb_text_column wpb_content_element  table-product\"><div class=\"wpb_wrapper\"><table><tbody><tr class=\"tbBorderNone\"><td class=\"tbLeft\">Modelo<\/td><td>DC-12-2410<\/td><\/tr><tr class=\"tbBorderNone\"><td class=\"tbTit\" colspan=\"2\">Entrada<\/td><\/tr><tr><td class=\"tbLeft\">Tensi\u00f3n de entrada<\/td><td>12VCC<\/td><\/tr><tr class=\"tbBorderNone\"><td class=\"tbLeft\">Rango de tensi\u00f3n de entrada<\/td><td>10-16VCC<\/td><\/tr><tr class=\"tbBorderNone\"><td class=\"tbTit\" colspan=\"2\">Salida<\/td><\/tr><tr><td class=\"tbLeft\">Eficiencia<\/td><td>94% (media carga), 92% (carga completa)<\/td><\/tr><tr><td class=\"tbLeft\">Tensi\u00f3n de salida<\/td><td>24VCC<\/td><\/tr><tr><td class=\"tbLeft\">Corriente de salida<\/td><td>10A<\/td><\/tr><tr><td class=\"tbLeft\">Potencia nominal de salida<\/td><td>240W<\/td><\/tr><tr><td class=\"tbLeft\">Pico de potencia de salida<\/td><td>255W<\/td><\/tr><tr><td class=\"tbLeft\">Regulaci\u00f3n de voltaje<\/td><td>&lt;1%<\/td><\/tr><tr class=\"tbBorderNone\"><td class=\"tbLeft\">Ripple<\/td><td>&lt;100mv<\/td><\/tr><tr class=\"tbBorderNone\"><td class=\"tbTit\" colspan=\"2\">Protecci\u00f3n<\/td><\/tr><tr><td class=\"tbLeft\">Protecci\u00f3n por sobretensi\u00f3n<\/td><td>S\u00ed<\/td><\/tr><tr><td class=\"tbLeft\">Protecci\u00f3n de sobrecorriente<\/td><td>S\u00ed<\/td><\/tr><tr><td class=\"tbLeft\">Protecci\u00f3n de temperatura<\/td><td>S\u00ed<\/td><\/tr><tr class=\"tbBorderNone\"><td class=\"tbLeft\">Protecci\u00f3n de cortocircuito<\/td><td>S\u00ed<\/td><\/tr><tr class=\"tbBorderNone\"><td class=\"tbTit\" colspan=\"2\">Datos generales<\/td><\/tr><tr><td class=\"tbLeft\">Enfriamiento<\/td><td>Convecci\u00f3n<\/td><\/tr><tr><td class=\"tbLeft\">Temperatura de trabajo<\/td><td>-30\u00ba C ~ +80\u00ba C<\/td><\/tr><tr class=\"tbBorderNone\"><td class=\"tbLeft\">Grado de protecci\u00f3n<\/td><td>IP68<\/td><\/tr><tr><td class=\"tbTit\" colspan=\"2\">Especificaciones f\u00edsicas<\/td><\/tr><tr><td class=\"tbLeft\">Dimensiones (mm)<\/td><td>74 x 74 x 32<\/td><\/tr><tr><td class=\"tbLeft\">Peso neto (kg)<\/td><td>0.320<\/td><\/tr><\/tbody><\/table><\/div><\/div><\/div><\/div><\/div><\/div><\/div><\/div><\/div><\/div><\/div><\/div><div class=\"vc_row-full-width vc_clearfix\">\u00a0<\/div><\/section><\/div><\/div><div class=\"et_element single_product-html_block single_product-html_block4\">\u00a0<\/div><div class=\"related-products-wrapper products-hover-only-icons\">\u00a0<\/div>\t\t\t\t\t\t\t<\/div>\n\t\t\t\t\t\t\t\t\t\t\t<\/div>\n\n\t\t\t\t\t\t\t<\/div>\n\t\t<\/div>\n\t\t\t\t\t\t<\/div>\n\t\t\t\t<\/div>\n\t\t\t\t\t<\/div>\n\t\t<\/div>\n\t\t\t\t\t<\/div>\n\t\t<\/section>\n\t\t\t\t\t<\/div>\n\t\t<\/div>\n\t\t\t\t\t<\/div>\n\t\t<\/section>\n\t\t\t\t<\/div>\n\t\t","protected":false},"excerpt":{"rendered":"<p>(Elevador 12V a 24V 10A) Este regulador de tensi\u00f3n de corriente continua tiene grado IP68. Carcasa de aluminio inyectado, sellado con resina epoxy. Alta eficiencia de hasta 90%. 100% sellado para protecci\u00f3n contra agua, polvo y vibraciones. Refrigeraci\u00f3n por convecci\u00f3n natural y protecciones con auto-recuperaci\u00f3n por: sobre-corriente, sobre-tensi\u00f3n, cortocircuito y sobre-temperatura. Tama\u00f1o y peso reducidos.<\/p>\n","protected":false},"featured_media":9954,"comment_status":"open","ping_status":"closed","template":"","meta":{"_relevanssi_hide_post":"","_relevanssi_hide_content":"","_relevanssi_pin_for_all":"","_relevanssi_pin_keywords":"","_relevanssi_unpin_keywords":"","_relevanssi_related_keywords":"","_relevanssi_related_include_ids":"","_relevanssi_related_exclude_ids":"","_relevanssi_related_no_append":"","_relevanssi_related_not_related":"","_relevanssi_related_posts":"","_relevanssi_noindex_reason":"","inline_featured_image":false},"product_brand":[],"product_cat":[1759,1760],"product_tag":[],"class_list":{"0":"post-11230","1":"product","2":"type-product","3":"status-publish","4":"has-post-thumbnail","6":"product_cat-convertidores-de-corriente-continua","7":"product_cat-elevadores","8":"pa_corriente-10a","9":"pa_gtin-3479","10":"pa_marca-enertik","11":"pa_mpn-dc-12-2410","12":"pa_voltaje-12v","14":"first","15":"instock","16":"taxable","17":"shipping-taxable","18":"purchasable","19":"product-type-simple"},"bundled_by":[],"bundle_stock_status":"instock","bundle_stock_quantity":184,"bundle_virtual":false,"bundle_layout":"","bundle_add_to_cart_form_location":"","bundle_editable_in_cart":false,"bundle_sold_individually_context":"","bundle_item_grouping":"","bundle_min_size":"","bundle_max_size":"","bundle_price":[],"bundled_items":[],"bundle_sell_ids":[],"group_of_quantity":0,"min_quantity":0,"max_quantity":50,"exclude_order_quantity_value_rules":"no","exclude_category_quantity_rules":"no","combine_variations":"no","exclude_global_add_ons":[],"addons":[],"_links":{"self":[{"href":"https:\/\/enertik.com\/ar\/wp-json\/wp\/v2\/product\/11230","targetHints":{"allow":["GET"]}}],"collection":[{"href":"https:\/\/enertik.com\/ar\/wp-json\/wp\/v2\/product"}],"about":[{"href":"https:\/\/enertik.com\/ar\/wp-json\/wp\/v2\/types\/product"}],"replies":[{"embeddable":true,"href":"https:\/\/enertik.com\/ar\/wp-json\/wp\/v2\/comments?post=11230"}],"version-history":[{"count":0,"href":"https:\/\/enertik.com\/ar\/wp-json\/wp\/v2\/product\/11230\/revisions"}],"wp:featuredmedia":[{"embeddable":true,"href":"https:\/\/enertik.com\/ar\/wp-json\/wp\/v2\/media\/9954"}],"wp:attachment":[{"href":"https:\/\/enertik.com\/ar\/wp-json\/wp\/v2\/media?parent=11230"}],"wp:term":[{"taxonomy":"product_brand","embeddable":true,"href":"https:\/\/enertik.com\/ar\/wp-json\/wp\/v2\/product_brand?post=11230"},{"taxonomy":"product_cat","embeddable":true,"href":"https:\/\/enertik.com\/ar\/wp-json\/wp\/v2\/product_cat?post=11230"},{"taxonomy":"product_tag","embeddable":true,"href":"https:\/\/enertik.com\/ar\/wp-json\/wp\/v2\/product_tag?post=11230"}],"curies":[{"name":"wp","href":"https:\/\/api.w.org\/{rel}","templated":true}]}}