{"id":11093,"date":"2023-02-21T11:13:40","date_gmt":"2023-02-21T14:13:40","guid":{"rendered":"https:\/\/test.enertik.com\/ar\/?post_type=product&#038;p=11093"},"modified":"2026-04-10T18:38:02","modified_gmt":"2026-04-10T21:38:02","slug":"estabilizador-elevador-de-tension-10kva-rele","status":"publish","type":"product","link":"https:\/\/enertik.com\/ar\/tienda\/estabilizadores-de-tension\/rele\/estabilizador-elevador-de-tension-10kva-rele\/","title":{"rendered":"Estabilizador \/ Elevador de Tensi\u00f3n 10KVA (Rel\u00e9)"},"content":{"rendered":"\t\t<div data-elementor-type=\"product-post\" data-elementor-id=\"11093\" class=\"elementor elementor-11093\" data-elementor-post-type=\"product\">\n\t\t\t\t\t\t<section class=\"wd-negative-gap elementor-section elementor-top-section elementor-element elementor-element-7f8f92d Product_Description elementor-section-boxed elementor-section-height-default elementor-section-height-default\" data-id=\"7f8f92d\" data-element_type=\"section\" data-e-type=\"section\">\n\t\t\t\t\t\t<div class=\"elementor-container elementor-column-gap-default\">\n\t\t\t\t\t<div class=\"elementor-column elementor-col-100 elementor-top-column elementor-element elementor-element-850bc83\" data-id=\"850bc83\" data-element_type=\"column\" data-e-type=\"column\" data-settings=\"{&quot;background_background&quot;:&quot;classic&quot;}\">\n\t\t\t<div class=\"elementor-widget-wrap elementor-element-populated\">\n\t\t\t\t\t\t<section class=\"wd-negative-gap elementor-section elementor-inner-section elementor-element elementor-element-7000c91 elementor-section-boxed elementor-section-height-default elementor-section-height-default\" data-id=\"7000c91\" data-element_type=\"section\" data-e-type=\"section\">\n\t\t\t\t\t\t<div class=\"elementor-container elementor-column-gap-default\">\n\t\t\t\t\t<div class=\"elementor-column elementor-col-100 elementor-inner-column elementor-element elementor-element-cd4f127\" data-id=\"cd4f127\" data-element_type=\"column\" data-e-type=\"column\">\n\t\t\t<div class=\"elementor-widget-wrap elementor-element-populated\">\n\t\t\t\t\t\t<div class=\"elementor-element elementor-element-efb69ca elementor-widget elementor-widget-wd_tabs\" data-id=\"efb69ca\" data-element_type=\"widget\" data-e-type=\"widget\" data-widget_type=\"wd_tabs.default\">\n\t\t\t\t<div class=\"elementor-widget-container\">\n\t\t\t\t\t\t\t<div class=\"wd-tabs tabs-design-default\">\n\t\t\t<div class=\"wd-tabs-header text-center\">\n\t\t\t\t\n\t\t\t\t\n\t\t\t\t<div class=\"wd-nav-wrapper wd-nav-tabs-wrapper wd-mb-action-swipe\">\n\t\t\t\t\t<ul class=\"wd-nav wd-nav-tabs wd-icon-pos-left wd-style-underline\">\n\t\t\t\t\t\t\t\t\t\t\t\t\t\n\t\t\t\t\t\t\t<li>\n\t\t\t\t\t\t\t\t<a href=\"#\" class=\"wd-nav-link\">\n\t\t\t\t\t\t\t\t\t\n\t\t\t\t\t\t\t\t\t<span class=\"nav-link-text wd-tabs-title\">\n\t\t\t\t\t\t\t\t\t\tDESCRIPCI\u00d3N\t\t\t\t\t\t\t\t\t<\/span>\n\t\t\t\t\t\t\t\t<\/a>\n\t\t\t\t\t\t\t<\/li>\n\n\t\t\t\t\t\t\t\t\t\t\t\t\t\n\t\t\t\t\t\t\t<li>\n\t\t\t\t\t\t\t\t<a href=\"#\" class=\"wd-nav-link\">\n\t\t\t\t\t\t\t\t\t\n\t\t\t\t\t\t\t\t\t<span class=\"nav-link-text wd-tabs-title\">\n\t\t\t\t\t\t\t\t\t\tESPECIFICACIONES\t\t\t\t\t\t\t\t\t<\/span>\n\t\t\t\t\t\t\t\t<\/a>\n\t\t\t\t\t\t\t<\/li>\n\n\t\t\t\t\t\t\t\t\t\t\t<\/ul>\n\t\t\t\t<\/div>\n\t\t\t<\/div>\n\n\t\t\t<div class=\"wd-tabs-content-wrapper\">\n\t\t\t\t\t\t\t\t\t\t\t\t\t\t\n\t\t\t\t\t<div class=\"wd-tab-content wd-entry-content\">\n\t\t\t\t\t\t\t\t\t\t\t\t\t<div >\n\t\t\t\t\t\t\t\t<h2>CARACTER\u00cdSTICAS DESTACADAS<\/h2><ul><li class=\"ulBgColor\">Funci\u00f3n de eliminaci\u00f3n de transitorios<\/li><li>Display con tensi\u00f3n de entrada y salida<\/li><li class=\"ulBgColor\">Control por microprocesador para garantizar alta confiabilidad<\/li><li>Supresi\u00f3n de picos<\/li><li class=\"ulBgColor\">Medici\u00f3n de potencia<\/li><li>Selecci\u00f3n de retardo en la conexi\u00f3n<\/li><\/ul><h2>PROTECCIONES DEL EQUIPO<\/h2><ul><li>Sobrecarga<\/li><li class=\"ulBgColor\">Alta tensi\u00f3n de entrada<\/li><li>Baja tensi\u00f3n de entrada<\/li><li class=\"ulBgColor\">Sobre temperatura<\/li><li>Funci\u00f3n Bypass<\/li><\/ul><h2>SOBRE ESTABILIZADORES CON REL\u00c9<\/h2><p>Adecuado para todo tipo de productos electr\u00f3nicos, por ejemplo: televisores, computadora, radio, luces, ordenador port\u00e1til, etc.<\/p><h5>VENTAJAS:<\/h5><ul><li class=\"ulBgColor\">Tama\u00f1o y peso reducido<\/li><li>Econ\u00f3mico<\/li><li class=\"ulBgColor\">R\u00e1pida regulaci\u00f3n de tensi\u00f3n (&lt;20ms)<\/li><\/ul><h5>DESVENTAJAS:<\/h5><ul><li class=\"ulBgColor\">No funciona bien con motores<\/li><li>Menos eficiente que los estabilizadores con servomotor<\/li><li class=\"ulBgColor\">Variaci\u00f3n de la tensi\u00f3n de salida \u00b110~14%<\/li><\/ul><h2>USOS DE LOS ESTABILIZADORES DE TENSI\u00d3N<\/h2><p>Cuando se trata de proteger equipos sensibles y caros, equipos industriales o que tienen grandes demandas de energ\u00eda la mejor opci\u00f3n suelen ser los estabilizadores m\u00e1s precisos (electromec\u00e1nicos con servomotor). Si por el contrario hablamos de equipos dom\u00e9sticos no especialmente sensibles, ser\u00e1 adecuado optar por una opci\u00f3n m\u00e1s econ\u00f3mica (electr\u00f3nicos con rel\u00e9).Veamos algunos ejemplos:<\/p><p>\u2022 Los estabilizadores electr\u00f3nicos tendr\u00e1n sentido para proteger equipos poco delicados y que no generen grandes demandas de energ\u00eda. En general, cualquier aparato el\u00e9ctrico o electr\u00f3nico del hogar que no supere la potencia m\u00e1xima se podr\u00e1 proteger con un estabilizador de este tipo. Por ejemplo, televisores y equipos de audio, peque\u00f1os electrodom\u00e9sticos, calderas, etc.<\/p><p>\u2022 Los estabilizadores electromec\u00e1nicos tendr\u00e1n sentido para proteger equipos m\u00e1s delicados o aquellos que generen grandes demandas de energ\u00eda. En general, cualquier aparato el\u00e9ctrico o electr\u00f3nico del hogar que no supere la potencia m\u00e1xima, pero tambi\u00e9n equipos industriales, bombas o motores. Este tipo de estabilizadores son tambi\u00e9n adecuados para su empleo a la salida de generadores o grupos electr\u00f3genos que no est\u00e9n regulados.<\/p><p>En el entorno inform\u00e1tico, los estabilizadores de tensi\u00f3n son adecuados para proteger los perif\u00e9ricos menos cr\u00edticos y especialmente las impresoras l\u00e1ser. No son aptos para proteger ordenadores o servidores, porque al no disponer de bater\u00edas no pueden garantizar la continuidad el\u00e9ctrica en caso de un fallo total en el suministro, para estos casos la mejor opci\u00f3n son los inversores\/cargadores.<\/p><p><b>Estabilizadores electr\u00f3nicos (con rel\u00e9).<\/b>\u00a0Se basan en el empleo de un autotransformador con varios puntos de trabajo entre los que se conmuta seg\u00fan sea la tensi\u00f3n de entrada. Habitualmente tienen tres modos de trabajo: normal (la tensi\u00f3n de salida es la misma que la de la entrada), boost (cuando la tensi\u00f3n de entrada es baja, se aumenta la tensi\u00f3n de salida) y buck (cuando la tensi\u00f3n de entrada es alta, se reduce la tensi\u00f3n de salida). Son los m\u00e1s econ\u00f3micos y su precisi\u00f3n es baja; t\u00edpicamente en torno al 8~10%. Sus tiempos de respuesta son r\u00e1pidos (menos de 20ms) y al usar un autotransformador incorporan el beneficio a\u00f1adido de filtrar los ruidos de media y alta frecuencia, as\u00ed como recortar los picos transitorios de sobretensi\u00f3n.<\/p><p><b>Estabilizadores electromec\u00e1nicos (con servomotor).<\/b>\u00a0Se basan en el empleo de un autotransformador de variaci\u00f3n continua sobre el que se posiciona una escobilla accionada por un servomotor. Su precisi\u00f3n es mucho mayor que la de un estabilizador electr\u00f3nico, siendo su valor t\u00edpico inferior al 3%. Su velocidad de respuesta es m\u00e1s lenta (menos de 500ms) y depende de la velocidad del servomotor, que responder\u00e1 m\u00e1s r\u00e1pido a variaciones peque\u00f1as y con mayor lentitud a variaciones grandes en la tensi\u00f3n de entrada. Al igual que los estabilizadores electr\u00f3nicos, filtran ruidos y recortan picos transitorios.<\/p>\t\t\t\t\t\t\t<\/div>\n\t\t\t\t\t\t\t\t\t\t\t<\/div>\n\n\t\t\t\t\t\t\t\t\t\t\t\t\t\t\n\t\t\t\t\t<div class=\"wd-tab-content wd-entry-content\">\n\t\t\t\t\t\t\t\t\t\t\t\t\t<div >\n\t\t\t\t\t\t\t\t<div id=\"1654088028518-8b1b8605-f960\" class=\"vc_tta-panel vc_active\" data-vc-content=\".vc_tta-panel-body\"><div class=\"vc_tta-panel-body\"><div class=\"wpb_text_column wpb_content_element table-product\"><div class=\"wpb_wrapper\"><table><tbody><tr><td class=\"tbLeft\">Modelo<\/td><td>EVR-10KVA<\/td><\/tr><tr><td class=\"tbLeft\">Potencia<\/td><td>10000VA \/ 8000W<\/td><\/tr><tr class=\"tbBorderNone\"><td class=\"tbLeft\">Tipo de conmutaci\u00f3n<\/td><td>REL\u00c9<\/td><\/tr><tr class=\"tbBorderNone\"><td class=\"tbTit\" colspan=\"2\">Entrada<\/td><\/tr><tr class=\"tbBorderNone\"><td class=\"tbLeft\">Rango de tensi\u00f3n de entrada<\/td><td>140~260VCA<\/td><\/tr><tr class=\"tbBorderNone\"><td class=\"tbTit\" colspan=\"2\">Salida<\/td><\/tr><tr><td class=\"tbLeft\">Corriente m\u00e1xima<\/td><td>45.4A<\/td><\/tr><tr><td class=\"tbLeft\">Voltaje de salida<\/td><td>220VCA \u00b1 8%<\/td><\/tr><tr class=\"tbBorderNone\"><td class=\"tbLeft\">Factor de potencia<\/td><td>100% (cuando el voltaje de entrada es 220VCA)<\/td><\/tr><tr><td class=\"tbTit\" colspan=\"2\">Datos generales<\/td><\/tr><tr><td class=\"tbLeft\">Frecuencia<\/td><td>50 \/ 60 Hz<\/td><\/tr><tr><td class=\"tbLeft\">Retardo<\/td><td>3s (Corto) \/ 120s (Largo)<\/td><\/tr><tr><td class=\"tbLeft\">Proteccio\u0301n contra sobrecarga y corto circuito<\/td><td>Con termomagne\u0301tica<\/td><\/tr><tr><td class=\"tbLeft\">Funci\u00f3n Bypass<\/td><td>S\u00ed<\/td><\/tr><tr><td class=\"tbLeft\">Eficiencia<\/td><td>96%<\/td><\/tr><tr><td class=\"tbLeft\">Ruido<\/td><td>\u2264 50dB<\/td><\/tr><tr><td class=\"tbLeft\">Temperatura de operaci\u00f3n<\/td><td>-10\u00b0C ~ 40\u00b0C<\/td><\/tr><tr><td class=\"tbLeft\">Humedad<\/td><td>20 ~ 90% HR<\/td><\/tr><tr class=\"tbBorderNone\"><td class=\"tbLeft\">Fusible<\/td><td>MCB 40A<\/td><\/tr><tr><td class=\"tbTit\" colspan=\"2\">Especificaciones f\u00edsicas<\/td><\/tr><tr class=\"tbBorderNone\"><td class=\"tbLeft\">Dimensiones (mm)<\/td><td>355 x 270 x 215<\/td><\/tr><tr><td class=\"tbTit\" colspan=\"4\">Especificaciones del embalaje<\/td><\/tr><tr><td class=\"tbLeft\">Dimensiones (mm)<\/td><td>460 x 450 x 330<\/td><\/tr><tr class=\"tbBorderNone\"><td class=\"tbLeft\">Peso neto (kg)<\/td><td>24<\/td><\/tr><\/tbody><\/table><\/div><\/div><\/div><\/div>\t\t\t\t\t\t\t<\/div>\n\t\t\t\t\t\t\t\t\t\t\t<\/div>\n\n\t\t\t\t\t\t\t<\/div>\n\t\t<\/div>\n\t\t\t\t\t\t<\/div>\n\t\t\t\t<\/div>\n\t\t\t\t\t<\/div>\n\t\t<\/div>\n\t\t\t\t\t<\/div>\n\t\t<\/section>\n\t\t\t\t\t<\/div>\n\t\t<\/div>\n\t\t\t\t\t<\/div>\n\t\t<\/section>\n\t\t\t\t<section class=\"wd-negative-gap elementor-section elementor-top-section elementor-element elementor-element-200e3bd Link_Buttons elementor-section-boxed elementor-section-height-default elementor-section-height-default\" data-id=\"200e3bd\" data-element_type=\"section\" data-e-type=\"section\" data-settings=\"{&quot;background_background&quot;:&quot;classic&quot;}\">\n\t\t\t\t\t\t<div class=\"elementor-container elementor-column-gap-custom\">\n\t\t\t\t\t<div class=\"elementor-column elementor-col-50 elementor-top-column elementor-element elementor-element-acf33f5\" data-id=\"acf33f5\" data-element_type=\"column\" data-e-type=\"column\">\n\t\t\t<div class=\"elementor-widget-wrap elementor-element-populated\">\n\t\t\t\t\t\t<div class=\"elementor-element elementor-element-639495d elementor-view-framed elementor-shape-circle elementor-position-block-start elementor-mobile-position-block-start elementor-widget elementor-widget-icon-box\" data-id=\"639495d\" data-element_type=\"widget\" data-e-type=\"widget\" data-widget_type=\"icon-box.default\">\n\t\t\t\t\t\t\t<div class=\"elementor-icon-box-wrapper\">\n\n\t\t\t\t\t\t<div class=\"elementor-icon-box-icon\">\n\t\t\t\t<a href=\"https:\/\/enertik.com\/wp-content\/uploads\/sites\/2\/documentos\/manuales\/manual-estabilizador-de-tension-etr.pdf\" target=\"_blank\" class=\"elementor-icon\" tabindex=\"-1\">\n\t\t\t\t<svg aria-hidden=\"true\" class=\"e-font-icon-svg e-fas-book\" viewBox=\"0 0 448 512\" xmlns=\"http:\/\/www.w3.org\/2000\/svg\"><path d=\"M448 360V24c0-13.3-10.7-24-24-24H96C43 0 0 43 0 96v320c0 53 43 96 96 96h328c13.3 0 24-10.7 24-24v-16c0-7.5-3.5-14.3-8.9-18.7-4.2-15.4-4.2-59.3 0-74.7 5.4-4.3 8.9-11.1 8.9-18.6zM128 134c0-3.3 2.7-6 6-6h212c3.3 0 6 2.7 6 6v20c0 3.3-2.7 6-6 6H134c-3.3 0-6-2.7-6-6v-20zm0 64c0-3.3 2.7-6 6-6h212c3.3 0 6 2.7 6 6v20c0 3.3-2.7 6-6 6H134c-3.3 0-6-2.7-6-6v-20zm253.4 250H96c-17.7 0-32-14.3-32-32 0-17.6 14.4-32 32-32h285.4c-1.9 17.1-1.9 46.9 0 64z\"><\/path><\/svg>\t\t\t\t<\/a>\n\t\t\t<\/div>\n\t\t\t\n\t\t\t\t\t\t<div class=\"elementor-icon-box-content\">\n\n\t\t\t\t\n\t\t\t\t\t\t\t\t\t<p class=\"elementor-icon-box-description\">\n\t\t\t\t\t\tMANUAL\t\t\t\t\t<\/p>\n\t\t\t\t\n\t\t\t<\/div>\n\t\t\t\n\t\t<\/div>\n\t\t\t\t\t\t<\/div>\n\t\t\t\t\t<\/div>\n\t\t<\/div>\n\t\t\t\t<div class=\"elementor-column elementor-col-50 elementor-top-column elementor-element elementor-element-410cdf1\" data-id=\"410cdf1\" data-element_type=\"column\" data-e-type=\"column\">\n\t\t\t<div class=\"elementor-widget-wrap elementor-element-populated\">\n\t\t\t\t\t\t<div class=\"elementor-element elementor-element-4e1f62d elementor-view-framed elementor-shape-circle elementor-position-block-start elementor-mobile-position-block-start elementor-widget elementor-widget-icon-box\" data-id=\"4e1f62d\" data-element_type=\"widget\" data-e-type=\"widget\" data-widget_type=\"icon-box.default\">\n\t\t\t\t\t\t\t<div class=\"elementor-icon-box-wrapper\">\n\n\t\t\t\t\t\t<div class=\"elementor-icon-box-icon\">\n\t\t\t\t<a href=\"https:\/\/enertik.com\/wp-content\/uploads\/sites\/2\/documentos\/folletos\/folleto-estabilizador-de-tension-etr-ets.pdf\" target=\"_blank\" class=\"elementor-icon\" tabindex=\"-1\">\n\t\t\t\t<svg aria-hidden=\"true\" class=\"e-font-icon-svg e-fas-book-open\" viewBox=\"0 0 576 512\" xmlns=\"http:\/\/www.w3.org\/2000\/svg\"><path d=\"M542.22 32.05c-54.8 3.11-163.72 14.43-230.96 55.59-4.64 2.84-7.27 7.89-7.27 13.17v363.87c0 11.55 12.63 18.85 23.28 13.49 69.18-34.82 169.23-44.32 218.7-46.92 16.89-.89 30.02-14.43 30.02-30.66V62.75c.01-17.71-15.35-31.74-33.77-30.7zM264.73 87.64C197.5 46.48 88.58 35.17 33.78 32.05 15.36 31.01 0 45.04 0 62.75V400.6c0 16.24 13.13 29.78 30.02 30.66 49.49 2.6 149.59 12.11 218.77 46.95 10.62 5.35 23.21-1.94 23.21-13.46V100.63c0-5.29-2.62-10.14-7.27-12.99z\"><\/path><\/svg>\t\t\t\t<\/a>\n\t\t\t<\/div>\n\t\t\t\n\t\t\t\t\t\t<div class=\"elementor-icon-box-content\">\n\n\t\t\t\t\n\t\t\t\t\t\t\t\t\t<p class=\"elementor-icon-box-description\">\n\t\t\t\t\t\tFOLLETO\t\t\t\t\t<\/p>\n\t\t\t\t\n\t\t\t<\/div>\n\t\t\t\n\t\t<\/div>\n\t\t\t\t\t\t<\/div>\n\t\t\t\t\t<\/div>\n\t\t<\/div>\n\t\t\t\t\t<\/div>\n\t\t<\/section>\n\t\t\t\t<\/div>\n\t\t","protected":false},"excerpt":{"rendered":"<p>Potencia: 10KVA. Entrada 140-260VCa. Tipo: Rel\u00e9<\/p>\n","protected":false},"featured_media":9503,"comment_status":"open","ping_status":"closed","template":"","meta":{"_relevanssi_hide_post":"","_relevanssi_hide_content":"","_relevanssi_pin_for_all":"","_relevanssi_pin_keywords":"","_relevanssi_unpin_keywords":"","_relevanssi_related_keywords":"","_relevanssi_related_include_ids":"","_relevanssi_related_exclude_ids":"","_relevanssi_related_no_append":"","_relevanssi_related_not_related":"","_relevanssi_related_posts":"","_relevanssi_noindex_reason":"","inline_featured_image":false},"product_brand":[],"product_cat":[1742,1741],"product_tag":[],"class_list":{"0":"post-11093","1":"product","2":"type-product","3":"status-publish","4":"has-post-thumbnail","6":"product_cat-rele","7":"product_cat-estabilizadores-de-tension","8":"pa_gtin-3625","9":"pa_marca-enertik","10":"pa_mpn-evr-10kva","11":"pa_potencia-10kva","13":"first","14":"instock","15":"taxable","16":"shipping-taxable","17":"purchasable","18":"product-type-simple"},"bundled_by":[],"bundle_stock_status":"instock","bundle_stock_quantity":31,"bundle_virtual":false,"bundle_layout":"","bundle_add_to_cart_form_location":"","bundle_editable_in_cart":false,"bundle_sold_individually_context":"","bundle_item_grouping":"","bundle_min_size":"","bundle_max_size":"","bundle_price":[],"bundled_items":[],"bundle_sell_ids":[],"group_of_quantity":0,"min_quantity":0,"max_quantity":"","exclude_order_quantity_value_rules":"no","exclude_category_quantity_rules":"no","combine_variations":"no","exclude_global_add_ons":[],"addons":[],"_links":{"self":[{"href":"https:\/\/enertik.com\/ar\/wp-json\/wp\/v2\/product\/11093","targetHints":{"allow":["GET"]}}],"collection":[{"href":"https:\/\/enertik.com\/ar\/wp-json\/wp\/v2\/product"}],"about":[{"href":"https:\/\/enertik.com\/ar\/wp-json\/wp\/v2\/types\/product"}],"replies":[{"embeddable":true,"href":"https:\/\/enertik.com\/ar\/wp-json\/wp\/v2\/comments?post=11093"}],"version-history":[{"count":0,"href":"https:\/\/enertik.com\/ar\/wp-json\/wp\/v2\/product\/11093\/revisions"}],"wp:featuredmedia":[{"embeddable":true,"href":"https:\/\/enertik.com\/ar\/wp-json\/wp\/v2\/media\/9503"}],"wp:attachment":[{"href":"https:\/\/enertik.com\/ar\/wp-json\/wp\/v2\/media?parent=11093"}],"wp:term":[{"taxonomy":"product_brand","embeddable":true,"href":"https:\/\/enertik.com\/ar\/wp-json\/wp\/v2\/product_brand?post=11093"},{"taxonomy":"product_cat","embeddable":true,"href":"https:\/\/enertik.com\/ar\/wp-json\/wp\/v2\/product_cat?post=11093"},{"taxonomy":"product_tag","embeddable":true,"href":"https:\/\/enertik.com\/ar\/wp-json\/wp\/v2\/product_tag?post=11093"}],"curies":[{"name":"wp","href":"https:\/\/api.w.org\/{rel}","templated":true}]}}