{"id":11053,"date":"2023-02-21T11:12:54","date_gmt":"2023-02-21T14:12:54","guid":{"rendered":"https:\/\/test.enertik.com\/ar\/?post_type=product&#038;p=11053"},"modified":"2026-04-24T18:38:47","modified_gmt":"2026-04-24T21:38:47","slug":"panel-colector-solar-para-piscina-1-22-x-3-65-metros","status":"publish","type":"product","link":"https:\/\/enertik.com\/ar\/tienda\/solar-termica\/climatizador-solar-de-piscinas\/panel-colector-solar-para-piscina-1-22-x-3-65-metros\/","title":{"rendered":"Panel Colector Solar para Piscina 1.22 X 3.65 Metros"},"content":{"rendered":"\t\t<div data-elementor-type=\"product-post\" data-elementor-id=\"11053\" class=\"elementor elementor-11053\" data-elementor-post-type=\"product\">\n\t\t\t\t\t\t<section class=\"wd-negative-gap elementor-section elementor-top-section elementor-element elementor-element-843c10d Product_Description elementor-section-boxed elementor-section-height-default elementor-section-height-default\" data-id=\"843c10d\" data-element_type=\"section\" data-e-type=\"section\">\n\t\t\t\t\t\t<div class=\"elementor-container elementor-column-gap-default\">\n\t\t\t\t\t<div class=\"elementor-column elementor-col-100 elementor-top-column elementor-element elementor-element-c322fd3\" data-id=\"c322fd3\" data-element_type=\"column\" data-e-type=\"column\" data-settings=\"{&quot;background_background&quot;:&quot;classic&quot;}\">\n\t\t\t<div class=\"elementor-widget-wrap elementor-element-populated\">\n\t\t\t\t\t\t<section class=\"wd-negative-gap elementor-section elementor-inner-section elementor-element elementor-element-319452e elementor-section-boxed elementor-section-height-default elementor-section-height-default\" data-id=\"319452e\" data-element_type=\"section\" data-e-type=\"section\">\n\t\t\t\t\t\t<div class=\"elementor-container elementor-column-gap-default\">\n\t\t\t\t\t<div class=\"elementor-column elementor-col-100 elementor-inner-column elementor-element elementor-element-48fced7\" data-id=\"48fced7\" data-element_type=\"column\" data-e-type=\"column\">\n\t\t\t<div class=\"elementor-widget-wrap elementor-element-populated\">\n\t\t\t\t\t\t<div class=\"elementor-element elementor-element-6f5bf62 elementor-widget elementor-widget-wd_tabs\" data-id=\"6f5bf62\" data-element_type=\"widget\" data-e-type=\"widget\" data-widget_type=\"wd_tabs.default\">\n\t\t\t\t<div class=\"elementor-widget-container\">\n\t\t\t\t\t\t\t<div class=\"wd-tabs tabs-design-default\">\n\t\t\t<div class=\"wd-tabs-header text-center\">\n\t\t\t\t\n\t\t\t\t\n\t\t\t\t<div class=\"wd-nav-wrapper wd-nav-tabs-wrapper wd-mb-action-swipe\">\n\t\t\t\t\t<ul class=\"wd-nav wd-nav-tabs wd-icon-pos-left wd-style-underline\">\n\t\t\t\t\t\t\t\t\t\t\t\t\t\n\t\t\t\t\t\t\t<li>\n\t\t\t\t\t\t\t\t<a href=\"#\" class=\"wd-nav-link\">\n\t\t\t\t\t\t\t\t\t\n\t\t\t\t\t\t\t\t\t<span class=\"nav-link-text wd-tabs-title\">\n\t\t\t\t\t\t\t\t\t\tDESCRIPCI\u00d3N\t\t\t\t\t\t\t\t\t<\/span>\n\t\t\t\t\t\t\t\t<\/a>\n\t\t\t\t\t\t\t<\/li>\n\n\t\t\t\t\t\t\t\t\t\t\t\t\t\n\t\t\t\t\t\t\t<li>\n\t\t\t\t\t\t\t\t<a href=\"#\" class=\"wd-nav-link\">\n\t\t\t\t\t\t\t\t\t\n\t\t\t\t\t\t\t\t\t<span class=\"nav-link-text wd-tabs-title\">\n\t\t\t\t\t\t\t\t\t\tESPECIFICACIONES\t\t\t\t\t\t\t\t\t<\/span>\n\t\t\t\t\t\t\t\t<\/a>\n\t\t\t\t\t\t\t<\/li>\n\n\t\t\t\t\t\t\t\t\t\t\t<\/ul>\n\t\t\t\t<\/div>\n\t\t\t<\/div>\n\n\t\t\t<div class=\"wd-tabs-content-wrapper\">\n\t\t\t\t\t\t\t\t\t\t\t\t\t\t\n\t\t\t\t\t<div class=\"wd-tab-content wd-entry-content\">\n\t\t\t\t\t\t\t\t\t\t\t\t\t<div >\n\t\t\t\t\t\t\t\t<h2>VENTAJAS<\/h2><ul class=\"ulMiddle\"><li class=\"ulBgColor\">Permite ampliar a 6 meses la temporada de piscina (desde Octubre hasta Abril)<\/li><li>Fabricado \u00edntegramente en EE.UU.<\/li><li class=\"ulBgColor\">\u00a1Reversible! Permite ser usado de ambos lados, ampliando la vida \u00fatil<\/li><li>Mantiene la temperatura del agua entre 27\u00baC y 30\u00baC<\/li><li class=\"ulBgColor\">Bajo costo de inversi\u00f3n<\/li><li>Vida \u00fatil m\u00ednima de 20 a\u00f1os<\/li><li class=\"ulBgColor\">Bajo impacto arquitect\u00f3nico<\/li><li>F\u00e1cil de instalar y f\u00e1cil de utilizar<\/li><li class=\"ulBgColor\">Apto para operar bajo condiciones severas<\/li><li>Protecci\u00f3n UV y alta resistencia a granizo, heladas y cambios de temperaturas<\/li><\/ul><p>\u00a0<\/p><h2>CLIMATIZADORES DE PISCINAS<\/h2><p>Nuestro sistema de climatizaci\u00f3n de piscinas le permite prolongar la temporada de uso aprovechando la energ\u00eda solar. Dependiendo de la zona geogr\u00e1fica, se calcula que podr\u00e1 extenderla hasta seis meses, es decir, entre los meses de Octubre y Abril aproximadamente. A su vez, la temperatura generada oscila entre los 27\u00b0C y los 30\u00b0C, permitiendo adem\u00e1s extender las horas de uso diario.<\/p><p>\u00a0<\/p><h2>FABRICADO EN EE.UU.<\/h2><p>Los paneles colectores del sistema, y sus accesorios, son fabricados \u00edntegramente en Estados Unidos con materia prima de primera calidad y exigentes controles de calidad, lo que garantiza un correcto funcionamiento y una larga vida \u00fatil del sistema.<\/p><p>\u00a0<\/p><h2>F\u00c1CIL DE INSTALAR<\/h2><p>La instalaci\u00f3n del sistema es r\u00e1pida y sencilla. Una vez armado, se conecta al sistema de filtrado existente utilizando ca\u00f1er\u00edas de PVC est\u00e1ndar. Adem\u00e1s, puede ser montados sobre superficies planas sin necesidad de construir un soporte base.<\/p><p>\u00a0<\/p><h2>SISTEMA DE BAJO COSTO<\/h2><p>Adem\u00e1s de requerir un bajo costo de inversi\u00f3n, y de tener un costo de mantenimiento casi nulo, el sistema logra ahorros de hasta un 80% en facturas de gas y\/o electricidad.<\/p><p>\u00a0<\/p><h2>REVERSIBLES<\/h2><p>Los paneles colectores son reversibles, lo cual permite utilizarlos de ambos lados y as\u00ed extender la vida \u00fatil del sistema.<\/p><p>\u00a0<\/p>\t\t\t\t\t\t\t<\/div>\n\t\t\t\t\t\t\t\t\t\t\t<\/div>\n\n\t\t\t\t\t\t\t\t\t\t\t\t\t\t\n\t\t\t\t\t<div class=\"wd-tab-content wd-entry-content\">\n\t\t\t\t\t\t\t\t\t\t\t\t\t<div >\n\t\t\t\t\t\t\t\t<div class=\"vc_tta-container\" data-vc-action=\"collapse\"><div class=\"vc_general vc_tta vc_tta-accordion vc_tta-color-green vc_tta-style-outline vc_tta-shape-rounded vc_tta-spacing-3 vc_tta-gap-5 vc_tta-controls-align-center vc_tta-o-no-fill  acordeon-products\"><div class=\"vc_tta-panels-container\"><div class=\"vc_tta-panels\"><div id=\"1654088028518-8b1b8605-f960\" class=\"vc_tta-panel vc_active\" data-vc-content=\".vc_tta-panel-body\"><div class=\"vc_tta-panel-body\"><div class=\"wpb_text_column wpb_content_element  table-product\"><div class=\"wpb_wrapper\"><table><tbody><tr class=\"tbBorderNone\"><td class=\"tbLeft\">Modelo<\/td><td colspan=\"2\">21PPNU412<\/td><\/tr><tr><td class=\"tbTit\" colspan=\"3\">Especificaciones generales<\/td><\/tr><tr><td class=\"tbLeft\">Tipo<\/td><td colspan=\"2\">Panel colector solar<\/td><\/tr><tr class=\"tbBorderNone\"><td class=\"tbLeft\">Origen<\/td><td colspan=\"2\">EE.UU.<\/td><\/tr><tr><td class=\"tbTit\" colspan=\"3\">Especificaciones f\u00edsicas<\/td><\/tr><tr><td class=\"tbLeft\">Material<\/td><td colspan=\"2\">Polipropileno<\/td><\/tr><tr><td class=\"tbLeft\">Peso neto (kg)<\/td><td colspan=\"2\">8.5<\/td><\/tr><tr class=\"tbBorderNone\"><td class=\"tbLeft\">Dimensiones (Largo x Ancho) en mm<\/td><td colspan=\"2\">3650 x 1220<\/td><\/tr><tr><td class=\"tbTit\" colspan=\"3\">Especificaciones de temperatura<\/td><\/tr><tr class=\"tbBorderNone\"><td class=\"tbLeft\">Temperatura promedio del agua<\/td><td colspan=\"2\">27\u00baC ~ 30\u00baC<\/td><\/tr><tr><td class=\"tbTit\" colspan=\"3\">Especificaciones t\u00e9cnicas<\/td><\/tr><tr><td class=\"tbLeft\">Presi\u00f3n m\u00e1xima (30\u00baC)<\/td><td colspan=\"2\">5 kg\/cm\u00b2<\/td><\/tr><tr class=\"tbBorderNone\"><td class=\"tbLeft\">Caudal recomendado por panel (LPM)<\/td><td colspan=\"2\">18<\/td><\/tr><\/tbody><\/table><\/div><\/div><\/div><\/div><\/div><\/div><\/div><\/div><div class=\"wpb_video_widget wpb_content_element vc_clearfix   vc_video-aspect-ratio-169 vc_video-el-width-100 vc_video-align-left align-left\"><div class=\"wpb_wrapper\">\u00a0<\/div><\/div>\t\t\t\t\t\t\t<\/div>\n\t\t\t\t\t\t\t\t\t\t\t<\/div>\n\n\t\t\t\t\t\t\t<\/div>\n\t\t<\/div>\n\t\t\t\t\t\t<\/div>\n\t\t\t\t<\/div>\n\t\t\t\t\t<\/div>\n\t\t<\/div>\n\t\t\t\t\t<\/div>\n\t\t<\/section>\n\t\t\t\t\t<\/div>\n\t\t<\/div>\n\t\t\t\t\t<\/div>\n\t\t<\/section>\n\t\t\t\t<section class=\"wd-negative-gap elementor-section elementor-top-section elementor-element elementor-element-067c6a0 Product_Description elementor-section-boxed elementor-section-height-default elementor-section-height-default\" data-id=\"067c6a0\" data-element_type=\"section\" data-e-type=\"section\">\n\t\t\t\t\t\t<div class=\"elementor-container elementor-column-gap-default\">\n\t\t\t\t\t<div class=\"elementor-column elementor-col-100 elementor-top-column elementor-element elementor-element-ac5d138\" data-id=\"ac5d138\" data-element_type=\"column\" data-e-type=\"column\" data-settings=\"{&quot;background_background&quot;:&quot;classic&quot;}\">\n\t\t\t<div class=\"elementor-widget-wrap elementor-element-populated\">\n\t\t\t\t\t\t<section class=\"wd-negative-gap elementor-section elementor-inner-section elementor-element elementor-element-ea05f08 elementor-reverse-mobile elementor-section-boxed elementor-section-height-default elementor-section-height-default\" data-id=\"ea05f08\" data-element_type=\"section\" data-e-type=\"section\">\n\t\t\t\t\t\t<div class=\"elementor-container elementor-column-gap-default\">\n\t\t\t\t\t<div class=\"elementor-column elementor-col-50 elementor-inner-column elementor-element elementor-element-17f834a\" data-id=\"17f834a\" data-element_type=\"column\" data-e-type=\"column\" data-settings=\"{&quot;background_background&quot;:&quot;classic&quot;}\">\n\t\t\t<div class=\"elementor-widget-wrap elementor-element-populated\">\n\t\t\t\t\t\t<div class=\"elementor-element elementor-element-9f8b62c elementor-widget elementor-widget-wd_image_or_svg\" data-id=\"9f8b62c\" data-element_type=\"widget\" data-e-type=\"widget\" data-widget_type=\"wd_image_or_svg.default\">\n\t\t\t\t<div class=\"elementor-widget-container\">\n\t\t\t\t\t\n\t\t<div class=\"wd-image text-center\">\n\t\t\t\t\t\t\t\t<img decoding=\"async\" width=\"800\" height=\"860\" src=\"https:\/\/enertik.com\/ar\/wp-content\/uploads\/sites\/2\/imagenes\/climatizadores-solares\/diagrama-climatizador-solar-de-piscina.webp\" class=\"attachment-full size-full\" alt=\"Diagrama Climatizador Solar De Piscina\" srcset=\"https:\/\/enertik.com\/ar\/wp-content\/uploads\/sites\/2\/imagenes\/climatizadores-solares\/diagrama-climatizador-solar-de-piscina.webp 800w, https:\/\/enertik.com\/ar\/wp-content\/uploads\/sites\/2\/imagenes\/climatizadores-solares\/diagrama-climatizador-solar-de-piscina-279x300.webp 279w, https:\/\/enertik.com\/ar\/wp-content\/uploads\/sites\/2\/imagenes\/climatizadores-solares\/diagrama-climatizador-solar-de-piscina-744x800.webp 744w, https:\/\/enertik.com\/ar\/wp-content\/uploads\/sites\/2\/imagenes\/climatizadores-solares\/diagrama-climatizador-solar-de-piscina-768x826.webp 768w, https:\/\/enertik.com\/ar\/wp-content\/uploads\/sites\/2\/imagenes\/climatizadores-solares\/diagrama-climatizador-solar-de-piscina-430x462.webp 430w, https:\/\/enertik.com\/ar\/wp-content\/uploads\/sites\/2\/imagenes\/climatizadores-solares\/diagrama-climatizador-solar-de-piscina-700x753.webp 700w, https:\/\/enertik.com\/ar\/wp-content\/uploads\/sites\/2\/imagenes\/climatizadores-solares\/diagrama-climatizador-solar-de-piscina-150x161.webp 150w\" sizes=\"(max-width: 800px) 100vw, 800px\" title=\"\">\t\t\t\t\t<\/div>\n\n\t\t\t\t\t\t<\/div>\n\t\t\t\t<\/div>\n\t\t\t\t\t<\/div>\n\t\t<\/div>\n\t\t\t\t<div class=\"elementor-column elementor-col-50 elementor-inner-column elementor-element elementor-element-f1990cf\" data-id=\"f1990cf\" data-element_type=\"column\" data-e-type=\"column\">\n\t\t\t<div class=\"elementor-widget-wrap elementor-element-populated\">\n\t\t\t\t\t\t<div class=\"elementor-element elementor-element-2515fe9 elementor-widget elementor-widget-heading\" data-id=\"2515fe9\" data-element_type=\"widget\" data-e-type=\"widget\" data-widget_type=\"heading.default\">\n\t\t\t\t\t<h2 class=\"elementor-heading-title elementor-size-default\">DIAGRAMA DE CONEXI\u00d3N\nPARA CLIMATIZACI\u00d3N DE PISCINAS\n\n<\/h2>\t\t\t\t<\/div>\n\t\t\t\t<div class=\"elementor-element elementor-element-fdf1945 color-scheme-inherit text-left elementor-widget elementor-widget-text-editor\" data-id=\"fdf1945\" data-element_type=\"widget\" data-e-type=\"widget\" data-widget_type=\"text-editor.default\">\n\t\t\t\t\t\t\t\t\t<ul><li>A Bomba de circulaci\u00f3n<\/li><li>B Filtro<\/li><li>C V\u00e1lvula de retenci\u00f3n<\/li><li><div>D V\u00e1lvula termost\u00e1tica<\/div><\/li><li><div>E Entrada de agua fr\u00eda<\/div><\/li><li><div>F Salida de agua caliente<\/div><\/li><li><div>G V\u00e1lvula By Pass<\/div><\/li><li><div>H Sistema de calefacci\u00f3n Back Up convencional<\/div><\/li><li><div>I Piscina<\/div><\/li><\/ul>\t\t\t\t\t\t\t\t<\/div>\n\t\t\t\t\t<\/div>\n\t\t<\/div>\n\t\t\t\t\t<\/div>\n\t\t<\/section>\n\t\t\t\t\t<\/div>\n\t\t<\/div>\n\t\t\t\t\t<\/div>\n\t\t<\/section>\n\t\t\t\t<section class=\"wd-negative-gap elementor-section elementor-top-section elementor-element elementor-element-39c265b Link_Buttons elementor-section-boxed elementor-section-height-default elementor-section-height-default\" data-id=\"39c265b\" data-element_type=\"section\" data-e-type=\"section\" data-settings=\"{&quot;background_background&quot;:&quot;classic&quot;}\">\n\t\t\t\t\t\t<div class=\"elementor-container elementor-column-gap-custom\">\n\t\t\t\t\t<div class=\"elementor-column elementor-col-100 elementor-top-column elementor-element elementor-element-a488390\" data-id=\"a488390\" data-element_type=\"column\" data-e-type=\"column\">\n\t\t\t<div class=\"elementor-widget-wrap elementor-element-populated\">\n\t\t\t\t\t\t<div class=\"elementor-element elementor-element-6b1f55e elementor-view-framed elementor-shape-circle elementor-position-block-start elementor-mobile-position-block-start elementor-widget elementor-widget-icon-box\" data-id=\"6b1f55e\" data-element_type=\"widget\" data-e-type=\"widget\" data-widget_type=\"icon-box.default\">\n\t\t\t\t\t\t\t<div class=\"elementor-icon-box-wrapper\">\n\n\t\t\t\t\t\t<div class=\"elementor-icon-box-icon\">\n\t\t\t\t<a href=\"https:\/\/enertik.com\/wp-content\/uploads\/sites\/2\/documentos\/manuales\/manual-climatizador-solar-de-piscina-2.pdf\" target=\"_blank\" class=\"elementor-icon\" tabindex=\"-1\">\n\t\t\t\t<svg aria-hidden=\"true\" class=\"e-font-icon-svg e-fas-book\" viewBox=\"0 0 448 512\" xmlns=\"http:\/\/www.w3.org\/2000\/svg\"><path d=\"M448 360V24c0-13.3-10.7-24-24-24H96C43 0 0 43 0 96v320c0 53 43 96 96 96h328c13.3 0 24-10.7 24-24v-16c0-7.5-3.5-14.3-8.9-18.7-4.2-15.4-4.2-59.3 0-74.7 5.4-4.3 8.9-11.1 8.9-18.6zM128 134c0-3.3 2.7-6 6-6h212c3.3 0 6 2.7 6 6v20c0 3.3-2.7 6-6 6H134c-3.3 0-6-2.7-6-6v-20zm0 64c0-3.3 2.7-6 6-6h212c3.3 0 6 2.7 6 6v20c0 3.3-2.7 6-6 6H134c-3.3 0-6-2.7-6-6v-20zm253.4 250H96c-17.7 0-32-14.3-32-32 0-17.6 14.4-32 32-32h285.4c-1.9 17.1-1.9 46.9 0 64z\"><\/path><\/svg>\t\t\t\t<\/a>\n\t\t\t<\/div>\n\t\t\t\n\t\t\t\t\t\t<div class=\"elementor-icon-box-content\">\n\n\t\t\t\t\n\t\t\t\t\t\t\t\t\t<p class=\"elementor-icon-box-description\">\n\t\t\t\t\t\tMANUAL\t\t\t\t\t<\/p>\n\t\t\t\t\n\t\t\t<\/div>\n\t\t\t\n\t\t<\/div>\n\t\t\t\t\t\t<\/div>\n\t\t\t\t\t<\/div>\n\t\t<\/div>\n\t\t\t\t\t<\/div>\n\t\t<\/section>\n\t\t\t\t<\/div>\n\t\t","protected":false},"excerpt":{"rendered":"<p>Este colector solar para piscinas de 1.22 x 3.65 metros es fabricado \u00edntegramente en EE.UU. Mantiene la temperatura del agua entre 27\u00baC y 30\u00baC. Vida \u00fatil m\u00ednima de 20 a\u00f1os. Bajo impacto arquitect\u00f3nico. F\u00e1cil de instalar y f\u00e1cil de utilizar.<\/p>\n","protected":false},"featured_media":9482,"comment_status":"open","ping_status":"closed","template":"","meta":{"_relevanssi_hide_post":"","_relevanssi_hide_content":"","_relevanssi_pin_for_all":"","_relevanssi_pin_keywords":"","_relevanssi_unpin_keywords":"","_relevanssi_related_keywords":"","_relevanssi_related_include_ids":"","_relevanssi_related_exclude_ids":"","_relevanssi_related_no_append":"","_relevanssi_related_not_related":"","_relevanssi_related_posts":"","_relevanssi_noindex_reason":"","inline_featured_image":false},"product_brand":[],"product_cat":[1708],"product_tag":[],"class_list":{"0":"post-11053","1":"product","2":"type-product","3":"status-publish","4":"has-post-thumbnail","6":"product_cat-climatizador-solar-de-piletas","7":"pa_marca-nuvis","8":"pa_mpn-21ppnu412","10":"first","11":"instock","12":"sale","13":"taxable","14":"shipping-taxable","15":"purchasable","16":"product-type-simple"},"bundled_by":["11875","11876"],"bundle_stock_status":"instock","bundle_stock_quantity":329,"bundle_virtual":false,"bundle_layout":"","bundle_add_to_cart_form_location":"","bundle_editable_in_cart":false,"bundle_sold_individually_context":"","bundle_item_grouping":"","bundle_min_size":"","bundle_max_size":"","bundle_price":[],"bundled_items":[],"bundle_sell_ids":[],"group_of_quantity":0,"min_quantity":0,"max_quantity":"","exclude_order_quantity_value_rules":"no","exclude_category_quantity_rules":"no","combine_variations":"no","exclude_global_add_ons":[],"addons":[],"_links":{"self":[{"href":"https:\/\/enertik.com\/ar\/wp-json\/wp\/v2\/product\/11053","targetHints":{"allow":["GET"]}}],"collection":[{"href":"https:\/\/enertik.com\/ar\/wp-json\/wp\/v2\/product"}],"about":[{"href":"https:\/\/enertik.com\/ar\/wp-json\/wp\/v2\/types\/product"}],"replies":[{"embeddable":true,"href":"https:\/\/enertik.com\/ar\/wp-json\/wp\/v2\/comments?post=11053"}],"version-history":[{"count":0,"href":"https:\/\/enertik.com\/ar\/wp-json\/wp\/v2\/product\/11053\/revisions"}],"wp:featuredmedia":[{"embeddable":true,"href":"https:\/\/enertik.com\/ar\/wp-json\/wp\/v2\/media\/9482"}],"wp:attachment":[{"href":"https:\/\/enertik.com\/ar\/wp-json\/wp\/v2\/media?parent=11053"}],"wp:term":[{"taxonomy":"product_brand","embeddable":true,"href":"https:\/\/enertik.com\/ar\/wp-json\/wp\/v2\/product_brand?post=11053"},{"taxonomy":"product_cat","embeddable":true,"href":"https:\/\/enertik.com\/ar\/wp-json\/wp\/v2\/product_cat?post=11053"},{"taxonomy":"product_tag","embeddable":true,"href":"https:\/\/enertik.com\/ar\/wp-json\/wp\/v2\/product_tag?post=11053"}],"curies":[{"name":"wp","href":"https:\/\/api.w.org\/{rel}","templated":true}]}}