{"id":10881,"date":"2023-02-21T11:10:10","date_gmt":"2023-02-21T14:10:10","guid":{"rendered":"https:\/\/test.enertik.com\/ar\/?post_type=product&#038;p=10881"},"modified":"2026-04-10T18:37:09","modified_gmt":"2026-04-10T21:37:09","slug":"regulador-de-carga-para-paneles-solares-morningstar-mppt-40a","status":"publish","type":"product","link":"https:\/\/enertik.com\/ar\/tienda\/energia-solar-fotovoltaica\/reguladores-solares\/mppt\/regulador-de-carga-para-paneles-solares-morningstar-mppt-40a\/","title":{"rendered":"Regulador de Carga para Paneles Solares &#8211; Morningstar MPPT 40A"},"content":{"rendered":"\t\t<div data-elementor-type=\"product-post\" data-elementor-id=\"10881\" class=\"elementor elementor-10881\" data-elementor-post-type=\"product\">\n\t\t\t\t\t\t<section class=\"wd-negative-gap elementor-section elementor-top-section elementor-element elementor-element-4f82880 Product_Description elementor-section-boxed elementor-section-height-default elementor-section-height-default\" data-id=\"4f82880\" data-element_type=\"section\" data-e-type=\"section\">\n\t\t\t\t\t\t<div class=\"elementor-container elementor-column-gap-default\">\n\t\t\t\t\t<div class=\"elementor-column elementor-col-100 elementor-top-column elementor-element elementor-element-a958350\" data-id=\"a958350\" data-element_type=\"column\" data-e-type=\"column\" data-settings=\"{&quot;background_background&quot;:&quot;classic&quot;}\">\n\t\t\t<div class=\"elementor-widget-wrap elementor-element-populated\">\n\t\t\t\t\t\t<section class=\"wd-negative-gap elementor-section elementor-inner-section elementor-element elementor-element-4b34855 elementor-section-boxed elementor-section-height-default elementor-section-height-default\" data-id=\"4b34855\" data-element_type=\"section\" data-e-type=\"section\">\n\t\t\t\t\t\t<div class=\"elementor-container elementor-column-gap-default\">\n\t\t\t\t\t<div class=\"elementor-column elementor-col-100 elementor-inner-column elementor-element elementor-element-ae15ac9\" data-id=\"ae15ac9\" data-element_type=\"column\" data-e-type=\"column\">\n\t\t\t<div class=\"elementor-widget-wrap elementor-element-populated\">\n\t\t\t\t\t\t<div class=\"elementor-element elementor-element-ebb9561 elementor-widget elementor-widget-wd_tabs\" data-id=\"ebb9561\" data-element_type=\"widget\" data-e-type=\"widget\" data-widget_type=\"wd_tabs.default\">\n\t\t\t\t<div class=\"elementor-widget-container\">\n\t\t\t\t\t\t\t<div class=\"wd-tabs tabs-design-default\">\n\t\t\t<div class=\"wd-tabs-header text-center\">\n\t\t\t\t\n\t\t\t\t\n\t\t\t\t<div class=\"wd-nav-wrapper wd-nav-tabs-wrapper wd-mb-action-swipe\">\n\t\t\t\t\t<ul class=\"wd-nav wd-nav-tabs wd-icon-pos-left wd-style-underline\">\n\t\t\t\t\t\t\t\t\t\t\t\t\t\n\t\t\t\t\t\t\t<li>\n\t\t\t\t\t\t\t\t<a href=\"#\" class=\"wd-nav-link\">\n\t\t\t\t\t\t\t\t\t\n\t\t\t\t\t\t\t\t\t<span class=\"nav-link-text wd-tabs-title\">\n\t\t\t\t\t\t\t\t\t\tDESCRIPCI\u00d3N\t\t\t\t\t\t\t\t\t<\/span>\n\t\t\t\t\t\t\t\t<\/a>\n\t\t\t\t\t\t\t<\/li>\n\n\t\t\t\t\t\t\t\t\t\t\t\t\t\n\t\t\t\t\t\t\t<li>\n\t\t\t\t\t\t\t\t<a href=\"#\" class=\"wd-nav-link\">\n\t\t\t\t\t\t\t\t\t\n\t\t\t\t\t\t\t\t\t<span class=\"nav-link-text wd-tabs-title\">\n\t\t\t\t\t\t\t\t\t\tESPECIFICACIONES\t\t\t\t\t\t\t\t\t<\/span>\n\t\t\t\t\t\t\t\t<\/a>\n\t\t\t\t\t\t\t<\/li>\n\n\t\t\t\t\t\t\t\t\t\t\t<\/ul>\n\t\t\t\t<\/div>\n\t\t\t<\/div>\n\n\t\t\t<div class=\"wd-tabs-content-wrapper\">\n\t\t\t\t\t\t\t\t\t\t\t\t\t\t\n\t\t\t\t\t<div class=\"wd-tab-content wd-entry-content\">\n\t\t\t\t\t\t\t\t\t\t\t\t\t<div >\n\t\t\t\t\t\t\t\t<h2>VENTAJAS<\/h2><ul><li class=\"ulBgColor\">Carga de bater\u00edas mediante MPPT<\/li><li>Selecci\u00f3n del tipo de bater\u00eda: gel, sellada o con l\u00edquido<\/li><li class=\"ulBgColor\">Dise\u00f1o para montaje en pared<\/li><li>Compensaci\u00f3n de temperatura<\/li><li class=\"ulBgColor\">Leds indicadores de estado<\/li><li>Puerto MeterBus para datos MODBUS en serie o para a\u00f1adir un medidor remoto (opcional)<\/li><li class=\"ulBgColor\">Compatible con el convertidor (opcional) Ethernet MeterBus de Morningstar (EMC-1)<\/li><li>Hasta 256 d\u00edas de registro de datos<\/li><li class=\"ulBgColor\">Autodiagn\u00f3stico<\/li><\/ul>\t\t\t\t\t\t\t<\/div>\n\t\t\t\t\t\t\t\t\t\t\t<\/div>\n\n\t\t\t\t\t\t\t\t\t\t\t\t\t\t\n\t\t\t\t\t<div class=\"wd-tab-content wd-entry-content\">\n\t\t\t\t\t\t\t\t\t\t\t\t\t<div >\n\t\t\t\t\t\t\t\t<table><tbody><tr class=\"tbBorderNone\"><td class=\"tbLeft\">Modelo<\/td><td>PS-MPPT-40M<\/td><\/tr><tr class=\"tbBorderNone\"><td class=\"tbTit\" colspan=\"2\">Especificaciones t\u00e9cnicas<\/td><\/tr><tr><td class=\"tbLeft\">Tensi\u00f3n de sistema<\/td><td>12V \/ 24V; reconocimiento autom\u00e1tico<\/td><\/tr><tr><td class=\"tbLeft\">4 estados de carga<\/td><td>Fondo, absorci\u00f3n, flote y ecualizaci\u00f3n<\/td><\/tr><tr class=\"tbBorderNone\"><td class=\"tbLeft\">Consumo propio<\/td><td>&lt; 40mA<\/td><\/tr><tr class=\"tbBorderNone\"><td class=\"tbTit\" colspan=\"2\">Datos de entrada CC<\/td><\/tr><tr><td class=\"tbLeft\">Corriente del m\u00f3dulo<\/td><td>40A<\/td><\/tr><tr><td class=\"tbLeft\">Rango de voltaje<\/td><td>10~35VCC<\/td><\/tr><tr><td class=\"tbLeft\">Tensi\u00f3n m\u00e1x. del m\u00f3dulo solar<\/td><td>120VCC<\/td><\/tr><tr class=\"tbBorderNone\"><td class=\"tbLeft\">Potencia m\u00e1xima de panel<\/td><td>480W (12V) | 960W (24V)<\/td><\/tr><tr class=\"tbBorderNone\"><td class=\"tbTit\" colspan=\"2\">Datos de salida CC<\/td><\/tr><tr><td class=\"tbLeft\">Corriente de salida<\/td><td>40A<\/td><\/tr><tr class=\"tbBorderNone\"><td class=\"tbLeft\">Corriente de carga<\/td><td>30A<\/td><\/tr><tr class=\"tbBorderNone\"><td class=\"tbTit\" colspan=\"2\">Datos generales<\/td><\/tr><tr><td class=\"tbLeft\">Temperatura de trabajo<\/td><td>-20\u00b0C ~ +60\u00b0C<\/td><\/tr><tr class=\"tbBorderNone\"><td class=\"tbLeft\">Grado de protecci\u00f3n<\/td><td>IP20<\/td><\/tr><tr class=\"tbBorderNone\"><td class=\"tbTit\" colspan=\"2\">Especificaciones f\u00edsicas<\/td><\/tr><tr><td class=\"tbLeft\">Dimensiones (mm)<\/td><td>200 x 285 x 92<\/td><\/tr><tr><td class=\"tbLeft\">Peso neto (kg)<\/td><td>1.4<\/td><\/tr><\/tbody><\/table>\t\t\t\t\t\t\t<\/div>\n\t\t\t\t\t\t\t\t\t\t\t<\/div>\n\n\t\t\t\t\t\t\t<\/div>\n\t\t<\/div>\n\t\t\t\t\t\t<\/div>\n\t\t\t\t<\/div>\n\t\t\t\t\t<\/div>\n\t\t<\/div>\n\t\t\t\t\t<\/div>\n\t\t<\/section>\n\t\t\t\t\t<\/div>\n\t\t<\/div>\n\t\t\t\t\t<\/div>\n\t\t<\/section>\n\t\t\t\t<section class=\"wd-negative-gap elementor-section elementor-top-section elementor-element elementor-element-8cedd63 Link_Buttons elementor-section-boxed elementor-section-height-default elementor-section-height-default\" data-id=\"8cedd63\" data-element_type=\"section\" data-e-type=\"section\" data-settings=\"{&quot;background_background&quot;:&quot;classic&quot;}\">\n\t\t\t\t\t\t<div class=\"elementor-container elementor-column-gap-custom\">\n\t\t\t\t\t<div class=\"elementor-column elementor-col-50 elementor-top-column elementor-element elementor-element-241a47a\" data-id=\"241a47a\" data-element_type=\"column\" data-e-type=\"column\">\n\t\t\t<div class=\"elementor-widget-wrap elementor-element-populated\">\n\t\t\t\t\t\t<div class=\"elementor-element elementor-element-87c5145 elementor-view-framed elementor-shape-circle elementor-position-block-start elementor-mobile-position-block-start elementor-widget elementor-widget-icon-box\" data-id=\"87c5145\" data-element_type=\"widget\" data-e-type=\"widget\" data-widget_type=\"icon-box.default\">\n\t\t\t\t\t\t\t<div class=\"elementor-icon-box-wrapper\">\n\n\t\t\t\t\t\t<div class=\"elementor-icon-box-icon\">\n\t\t\t\t<a href=\"https:\/\/enertik.com\/wp-content\/uploads\/sites\/2\/documentos\/folletos\/datasheet-controlador-mppt-morningstar-prostar-para-paneles-solares.pdf\" target=\"_blank\" class=\"elementor-icon\" tabindex=\"-1\">\n\t\t\t\t<svg aria-hidden=\"true\" class=\"e-font-icon-svg e-fas-book-open\" viewBox=\"0 0 576 512\" xmlns=\"http:\/\/www.w3.org\/2000\/svg\"><path d=\"M542.22 32.05c-54.8 3.11-163.72 14.43-230.96 55.59-4.64 2.84-7.27 7.89-7.27 13.17v363.87c0 11.55 12.63 18.85 23.28 13.49 69.18-34.82 169.23-44.32 218.7-46.92 16.89-.89 30.02-14.43 30.02-30.66V62.75c.01-17.71-15.35-31.74-33.77-30.7zM264.73 87.64C197.5 46.48 88.58 35.17 33.78 32.05 15.36 31.01 0 45.04 0 62.75V400.6c0 16.24 13.13 29.78 30.02 30.66 49.49 2.6 149.59 12.11 218.77 46.95 10.62 5.35 23.21-1.94 23.21-13.46V100.63c0-5.29-2.62-10.14-7.27-12.99z\"><\/path><\/svg>\t\t\t\t<\/a>\n\t\t\t<\/div>\n\t\t\t\n\t\t\t\t\t\t<div class=\"elementor-icon-box-content\">\n\n\t\t\t\t\n\t\t\t\t\t\t\t\t\t<p class=\"elementor-icon-box-description\">\n\t\t\t\t\t\tFOLLETO\t\t\t\t\t<\/p>\n\t\t\t\t\n\t\t\t<\/div>\n\t\t\t\n\t\t<\/div>\n\t\t\t\t\t\t<\/div>\n\t\t\t\t\t<\/div>\n\t\t<\/div>\n\t\t\t\t<div class=\"elementor-column elementor-col-50 elementor-top-column elementor-element elementor-element-c09b9ec\" data-id=\"c09b9ec\" data-element_type=\"column\" data-e-type=\"column\">\n\t\t\t<div class=\"elementor-widget-wrap elementor-element-populated\">\n\t\t\t\t\t\t<div class=\"elementor-element elementor-element-7b1b167 elementor-view-framed elementor-shape-circle elementor-position-block-start elementor-mobile-position-block-start elementor-widget elementor-widget-icon-box\" data-id=\"7b1b167\" data-element_type=\"widget\" data-e-type=\"widget\" data-widget_type=\"icon-box.default\">\n\t\t\t\t\t\t\t<div class=\"elementor-icon-box-wrapper\">\n\n\t\t\t\t\t\t<div class=\"elementor-icon-box-icon\">\n\t\t\t\t<a href=\"https:\/\/enertik.com\/wp-content\/uploads\/sites\/2\/documentos\/manuales\/manual-controlador-mppt-morningstar-prostar-para-paneles-solares.pdf\" target=\"_blank\" class=\"elementor-icon\" tabindex=\"-1\">\n\t\t\t\t<svg aria-hidden=\"true\" class=\"e-font-icon-svg e-fas-book\" viewBox=\"0 0 448 512\" xmlns=\"http:\/\/www.w3.org\/2000\/svg\"><path d=\"M448 360V24c0-13.3-10.7-24-24-24H96C43 0 0 43 0 96v320c0 53 43 96 96 96h328c13.3 0 24-10.7 24-24v-16c0-7.5-3.5-14.3-8.9-18.7-4.2-15.4-4.2-59.3 0-74.7 5.4-4.3 8.9-11.1 8.9-18.6zM128 134c0-3.3 2.7-6 6-6h212c3.3 0 6 2.7 6 6v20c0 3.3-2.7 6-6 6H134c-3.3 0-6-2.7-6-6v-20zm0 64c0-3.3 2.7-6 6-6h212c3.3 0 6 2.7 6 6v20c0 3.3-2.7 6-6 6H134c-3.3 0-6-2.7-6-6v-20zm253.4 250H96c-17.7 0-32-14.3-32-32 0-17.6 14.4-32 32-32h285.4c-1.9 17.1-1.9 46.9 0 64z\"><\/path><\/svg>\t\t\t\t<\/a>\n\t\t\t<\/div>\n\t\t\t\n\t\t\t\t\t\t<div class=\"elementor-icon-box-content\">\n\n\t\t\t\t\n\t\t\t\t\t\t\t\t\t<p class=\"elementor-icon-box-description\">\n\t\t\t\t\t\tMANUAL\t\t\t\t\t<\/p>\n\t\t\t\t\n\t\t\t<\/div>\n\t\t\t\n\t\t<\/div>\n\t\t\t\t\t\t<\/div>\n\t\t\t\t\t<\/div>\n\t\t<\/div>\n\t\t\t\t\t<\/div>\n\t\t<\/section>\n\t\t\t\t<\/div>\n\t\t","protected":false},"excerpt":{"rendered":"<p>(Corriente de carga : 40A) Este regulador solar de MorningStar tiene un dise\u00f1o cl\u00e1sico y una construcci\u00f3n robusta. Fabricado por una de las marcas m\u00e1s prestigiosas de la energ\u00eda solar, la tecnolog\u00eda de TrakStar\u2122 usa algoritmos de MPPT m\u00e1s avanzados para aumentar el rendimiento y eficiencia del sistema. El Display incorporado facilita el monitoreo del estado de trabajo. La funci\u00f3n de autodiagn\u00f3stico permite un mantenimiento perfecto y f\u00e1cil del sistema. Gran abanico de accesorios disponibles para abastecer todo tipo de necesidades y entornos de uso.<\/p>\n","protected":false},"featured_media":9211,"comment_status":"open","ping_status":"closed","template":"","meta":{"_relevanssi_hide_post":"","_relevanssi_hide_content":"","_relevanssi_pin_for_all":"","_relevanssi_pin_keywords":"","_relevanssi_unpin_keywords":"","_relevanssi_related_keywords":"","_relevanssi_related_include_ids":"","_relevanssi_related_exclude_ids":"","_relevanssi_related_no_append":"","_relevanssi_related_not_related":"","_relevanssi_related_posts":"","_relevanssi_noindex_reason":"","inline_featured_image":false},"product_brand":[],"product_cat":[1699,1697],"product_tag":[],"class_list":{"0":"post-10881","1":"product","2":"type-product","3":"status-publish","4":"has-post-thumbnail","6":"product_cat-mppt","7":"product_cat-reguladores-solares","8":"pa_corriente-40a","9":"pa_marca-morningstar","10":"pa_mpn-ps-mppt-40m","11":"pa_voltaje-12v","12":"pa_voltaje-24v","14":"first","15":"instock","16":"sale","17":"taxable","18":"shipping-taxable","19":"purchasable","20":"product-type-simple"},"bundled_by":[],"bundle_stock_status":"instock","bundle_stock_quantity":2,"bundle_virtual":false,"bundle_layout":"","bundle_add_to_cart_form_location":"","bundle_editable_in_cart":false,"bundle_sold_individually_context":"","bundle_item_grouping":"","bundle_min_size":"","bundle_max_size":"","bundle_price":[],"bundled_items":[],"bundle_sell_ids":[],"group_of_quantity":0,"min_quantity":0,"max_quantity":"","exclude_order_quantity_value_rules":"no","exclude_category_quantity_rules":"no","combine_variations":"no","exclude_global_add_ons":[],"addons":[],"_links":{"self":[{"href":"https:\/\/enertik.com\/ar\/wp-json\/wp\/v2\/product\/10881","targetHints":{"allow":["GET"]}}],"collection":[{"href":"https:\/\/enertik.com\/ar\/wp-json\/wp\/v2\/product"}],"about":[{"href":"https:\/\/enertik.com\/ar\/wp-json\/wp\/v2\/types\/product"}],"replies":[{"embeddable":true,"href":"https:\/\/enertik.com\/ar\/wp-json\/wp\/v2\/comments?post=10881"}],"version-history":[{"count":0,"href":"https:\/\/enertik.com\/ar\/wp-json\/wp\/v2\/product\/10881\/revisions"}],"wp:featuredmedia":[{"embeddable":true,"href":"https:\/\/enertik.com\/ar\/wp-json\/wp\/v2\/media\/9211"}],"wp:attachment":[{"href":"https:\/\/enertik.com\/ar\/wp-json\/wp\/v2\/media?parent=10881"}],"wp:term":[{"taxonomy":"product_brand","embeddable":true,"href":"https:\/\/enertik.com\/ar\/wp-json\/wp\/v2\/product_brand?post=10881"},{"taxonomy":"product_cat","embeddable":true,"href":"https:\/\/enertik.com\/ar\/wp-json\/wp\/v2\/product_cat?post=10881"},{"taxonomy":"product_tag","embeddable":true,"href":"https:\/\/enertik.com\/ar\/wp-json\/wp\/v2\/product_tag?post=10881"}],"curies":[{"name":"wp","href":"https:\/\/api.w.org\/{rel}","templated":true}]}}