{"id":10839,"date":"2023-02-21T11:09:50","date_gmt":"2023-02-21T14:09:50","guid":{"rendered":"https:\/\/test.enertik.com\/ar\/?post_type=product&#038;p=10839"},"modified":"2026-04-02T05:58:33","modified_gmt":"2026-04-02T08:58:33","slug":"regulador-de-carga-para-paneles-solares-mppt-20a-12-24v-2","status":"publish","type":"product","link":"https:\/\/enertik.com\/ar\/tienda\/energia-solar-fotovoltaica\/reguladores-solares\/mppt\/regulador-de-carga-para-paneles-solares-mppt-20a-12-24v-2\/","title":{"rendered":"Regulador de Carga para Paneles Solares &#8211; MPPT &#8211; 20A 12\/24V"},"content":{"rendered":"\t\t<div data-elementor-type=\"product-post\" data-elementor-id=\"10839\" class=\"elementor elementor-10839\" data-elementor-post-type=\"product\">\n\t\t\t\t\t\t<section class=\"wd-negative-gap elementor-section elementor-top-section elementor-element elementor-element-639e6a7 Product_Description elementor-section-boxed elementor-section-height-default elementor-section-height-default\" data-id=\"639e6a7\" data-element_type=\"section\" data-e-type=\"section\">\n\t\t\t\t\t\t<div class=\"elementor-container elementor-column-gap-default\">\n\t\t\t\t\t<div class=\"elementor-column elementor-col-100 elementor-top-column elementor-element elementor-element-dc00628\" data-id=\"dc00628\" data-element_type=\"column\" data-e-type=\"column\" data-settings=\"{&quot;background_background&quot;:&quot;classic&quot;}\">\n\t\t\t<div class=\"elementor-widget-wrap elementor-element-populated\">\n\t\t\t\t\t\t<section class=\"wd-negative-gap elementor-section elementor-inner-section elementor-element elementor-element-2b577b2 elementor-section-boxed elementor-section-height-default elementor-section-height-default\" data-id=\"2b577b2\" data-element_type=\"section\" data-e-type=\"section\">\n\t\t\t\t\t\t<div class=\"elementor-container elementor-column-gap-default\">\n\t\t\t\t\t<div class=\"elementor-column elementor-col-100 elementor-inner-column elementor-element elementor-element-aec966b\" data-id=\"aec966b\" data-element_type=\"column\" data-e-type=\"column\">\n\t\t\t<div class=\"elementor-widget-wrap elementor-element-populated\">\n\t\t\t\t\t\t<div class=\"elementor-element elementor-element-d8cb44b elementor-widget elementor-widget-wd_tabs\" data-id=\"d8cb44b\" data-element_type=\"widget\" data-e-type=\"widget\" data-widget_type=\"wd_tabs.default\">\n\t\t\t\t<div class=\"elementor-widget-container\">\n\t\t\t\t\t\t\t<div class=\"wd-tabs tabs-design-default\">\n\t\t\t<div class=\"wd-tabs-header text-center\">\n\t\t\t\t\n\t\t\t\t\n\t\t\t\t<div class=\"wd-nav-wrapper wd-nav-tabs-wrapper wd-mb-action-swipe\">\n\t\t\t\t\t<ul class=\"wd-nav wd-nav-tabs wd-icon-pos-left wd-style-underline\">\n\t\t\t\t\t\t\t\t\t\t\t\t\t\n\t\t\t\t\t\t\t<li>\n\t\t\t\t\t\t\t\t<a href=\"#\" class=\"wd-nav-link\">\n\t\t\t\t\t\t\t\t\t\n\t\t\t\t\t\t\t\t\t<span class=\"nav-link-text wd-tabs-title\">\n\t\t\t\t\t\t\t\t\t\tDESCRIPCI\u00d3N\t\t\t\t\t\t\t\t\t<\/span>\n\t\t\t\t\t\t\t\t<\/a>\n\t\t\t\t\t\t\t<\/li>\n\n\t\t\t\t\t\t\t\t\t\t\t\t\t\n\t\t\t\t\t\t\t<li>\n\t\t\t\t\t\t\t\t<a href=\"#\" class=\"wd-nav-link\">\n\t\t\t\t\t\t\t\t\t\n\t\t\t\t\t\t\t\t\t<span class=\"nav-link-text wd-tabs-title\">\n\t\t\t\t\t\t\t\t\t\tESPECIFICACIONES\t\t\t\t\t\t\t\t\t<\/span>\n\t\t\t\t\t\t\t\t<\/a>\n\t\t\t\t\t\t\t<\/li>\n\n\t\t\t\t\t\t\t\t\t\t\t<\/ul>\n\t\t\t\t<\/div>\n\t\t\t<\/div>\n\n\t\t\t<div class=\"wd-tabs-content-wrapper\">\n\t\t\t\t\t\t\t\t\t\t\t\t\t\t\n\t\t\t\t\t<div class=\"wd-tab-content wd-entry-content\">\n\t\t\t\t\t\t\t\t\t\t\t\t\t<div >\n\t\t\t\t\t\t\t\t<h2>VENTAJAS<\/h2><ul><li class=\"ulBgColor\">Tecnolog\u00eda MPPT, con eficiencia de seguimiento de &gt;99,9%<\/li><li>Permite rastrear el punto de m\u00e1xima potencia de forma r\u00e1pida y precisa<\/li><li class=\"ulBgColor\">Tecnolog\u00eda digital PRO, alta eficiencia de conversi\u00f3n de carga hasta 98%<\/li><li>Dise\u00f1o de pantalla LCD, lectura de datos operativos y condiciones de trabajo f\u00e1cilmente<\/li><li class=\"ulBgColor\">Protecci\u00f3n integrada contra la sobre temperatura<\/li><li>Funciones de comunicaci\u00f3n inal\u00e1mbrica IoT o comunicaci\u00f3n Bluetooth opcionales<\/li><li class=\"ulBgColor\">Aplicaci\u00f3n m\u00f3vil opcional para comunicaci\u00f3n Bluetooth<\/li><li>Alta eficiencia<\/li><li class=\"ulBgColor\">Dise\u00f1o para montaje en pared<\/li><li>Puertos USB (opcional)<\/li><li class=\"ulBgColor\">Extiende la vida \u00fatil de la bater\u00eda a trav\u00e9s de un sensor de temperatura remoto preciso<\/li><li>Funci\u00f3n de estad\u00edsticas de energ\u00eda en tiempo real<\/li><\/ul><p>\u00a0<\/p><h2>PRECAUCI\u00d3N<\/h2><ul class=\"ulMiddle\"><li class=\"ulBgColor\">La salida de carga auxiliar puede manejar como m\u00e1ximo 50% de la corriente nominal del equipo. No es apta para conectar cargas de alta potencia como ser inversores.<\/li><\/ul><h2>\u00a0<\/h2>\t\t\t\t\t\t\t<\/div>\n\t\t\t\t\t\t\t\t\t\t\t<\/div>\n\n\t\t\t\t\t\t\t\t\t\t\t\t\t\t\n\t\t\t\t\t<div class=\"wd-tab-content wd-entry-content\">\n\t\t\t\t\t\t\t\t\t\t\t\t\t<div >\n\t\t\t\t\t\t\t\t<table><tbody><tr class=\"tbBorderNone\"><td class=\"tbLeft\">Modelo<\/td><td>MP-20-12\/24<\/td><\/tr><tr class=\"tbBorderNone\"><td class=\"tbTit\" colspan=\"3\">Especificaciones t\u00e9cnicas<\/td><\/tr><tr><td class=\"tbLeft\">Tensi\u00f3n de sistema<\/td><td>12V \/ 24V; reconocimiento autom\u00e1tico<\/td><\/tr><tr class=\"tbBorderNone\"><td class=\"tbLeft\">Consumo propio<\/td><td>\u2264 12mA<\/td><\/tr><tr class=\"tbBorderNone\"><td class=\"tbTit\" colspan=\"3\">Datos de entrada CC<\/td><\/tr><tr><td class=\"tbLeft\">Corriente del m\u00f3dulo<\/td><td>20A<\/td><\/tr><tr><td class=\"tbLeft\">Potencia m\u00e1xima de panel<\/td><td>260W (12V) | 520W (24V)<\/td><\/tr><tr class=\"tbBorderNone\"><td class=\"tbLeft\">Tensi\u00f3n m\u00e1xima en terminal del panel<\/td><td>100V(-20\u00b0C), 90V(25\u00b0C)<\/td><\/tr><tr class=\"tbBorderNone\"><td class=\"tbTit\" colspan=\"3\">Datos de salida CC<\/td><\/tr><tr><td class=\"tbLeft\">Corriente de salida<\/td><td>20A<\/td><\/tr><tr><td class=\"tbLeft\">Tipo de bater\u00eda<\/td><td>L\u00edquida | Gel | AGM | Litio (por defecto: GEL)<\/td><\/tr><tr class=\"tbBorderNone\"><td class=\"tbLeft\">Tensi\u00f3n m\u00e1xima en terminal de bater\u00eda<\/td><td>35V<\/td><\/tr><tr class=\"tbBorderNone\"><td class=\"tbSubTit\" colspan=\"3\">L\u00edquida | Gel | AGM<\/td><\/tr><tr><td class=\"tbLeft\">Voltaje MPPT<\/td><td>14.8V \/ 29.6V<\/td><\/tr><tr><td class=\"tbLeft\">Tensi\u00f3n de absorci\u00f3n<\/td><td>14.8V \/ 29.6V (L\u00edquida, AGM)<\/td><\/tr><tr><td class=\"tbLeft\">Tensi\u00f3n de ecualizaci\u00f3n<\/td><td>13.7V \/ 27.4V<\/td><\/tr><tr><td class=\"tbLeft\">Tensi\u00f3n de flote<\/td><td>13~14.5V \/ 26~39V<\/td><\/tr><tr><td class=\"tbLeft\">Desconexi\u00f3n por bajo voltaje<\/td><td>10.8~11.8V \/ 21.6~23.6V<\/td><\/tr><tr><td class=\"tbLeft\">Tensi\u00f3n de reconexi\u00f3n (LRV)<\/td><td>11.4~12.8V \/ 22.8~25.6V<\/td><\/tr><tr><td class=\"tbLeft\">Protecci\u00f3n de sobrecarga<\/td><td>15.8V \/ 31.3V<\/td><\/tr><tr class=\"tbBorderNone\"><td class=\"tbLeft\">Compensaci\u00f3n de temperatura<\/td><td>-4.17mV\/K por celda (Absorci\u00f3n, Ecualizaci\u00f3n), -3.33mV\/K por celda (Flote)<\/td><\/tr><tr class=\"tbBorderNone\"><td class=\"tbSubTit\" colspan=\"3\">Litio<\/td><\/tr><tr><td class=\"tbLeft\">Tensi\u00f3n objetivo de carga<\/td><td>10.0~32.0V (por defecto: 14.4V)<\/td><\/tr><tr><td class=\"tbLeft\">Voltaje de recuperaci\u00f3n de carga<\/td><td>9.2~31.8V (por defecto: 14.0V)<\/td><\/tr><tr><td class=\"tbLeft\">Desconexi\u00f3n por bajo voltaje<\/td><td>9.0~30.0V (por defecto: 10.6V)<\/td><\/tr><tr class=\"tbBorderNone\"><td class=\"tbLeft\">Reconexi\u00f3n de bajo voltaje<\/td><td>9.6~31.8V (por defecto: 12.0V)<\/td><\/tr><tr class=\"tbBorderNone\"><td class=\"tbTit\" colspan=\"3\">Datos de salida de carga<\/td><\/tr><tr><td class=\"tbLeft\">Corriente de salida<\/td><td>20A<\/td><\/tr><tr><td class=\"tbLeft\">Umbral d\u00eda \/ noche<\/td><td>3~10V \/ 6~20V (programable)<\/td><\/tr><tr><td class=\"tbLeft\">Rango de voltaje de MPPT<\/td><td>Voltaje de bater\u00eda + 1.0V\uff09~Voc*0.9<\/td><\/tr><tr class=\"tbBorderNone\"><td class=\"tbLeft\">Modos<\/td><td>Siempre encendido, nocturno, vespertino, manual<\/td><\/tr><tr class=\"tbBorderNone\"><td class=\"tbTit\" colspan=\"3\">Datos generales<\/td><\/tr><tr><td class=\"tbLeft\">Eficiencia MPPT<\/td><td>&gt;99.9%<\/td><\/tr><tr><td class=\"tbLeft\">Conversi\u00f3n de carga m\u00e1xima<\/td><td>98%<\/td><\/tr><tr><td class=\"tbLeft\">Puerto USB<\/td><td>Opcional (Modelo MP-USB)<\/td><\/tr><tr><td class=\"tbLeft\">Puerto de comunicaci\u00f3n<\/td><td>RS485 (interface RJ11)<\/td><\/tr><tr><td class=\"tbLeft\">Opcionales<\/td><td>IoT,BLE (Externo)<\/td><\/tr><tr><td class=\"tbLeft\">Tipo de conexi\u00f3n<\/td><td>Positivo com\u00fan<\/td><\/tr><tr><td class=\"tbLeft\">Grado de protecci\u00f3n<\/td><td>IP32<\/td><\/tr><tr><td class=\"tbLeft\">Temperatura ambiente<\/td><td>-20\u00b0C ~ +55\u00b0C<\/td><\/tr><tr><td class=\"tbLeft\">Humedad<\/td><td>0 ~ 100%RH<\/td><\/tr><tr><td class=\"tbLeft\">Altitud max.<\/td><td>4000m<\/td><\/tr><tr><td class=\"tbLeft\">Secci\u00f3n de cable min.<\/td><td>4 mm\u00b2<\/td><\/tr><tr class=\"tbBorderNone\"><td class=\"tbLeft\">Secci\u00f3n de cable m\u00e1x.<\/td><td>16 mm\u00b2<\/td><\/tr><tr class=\"tbBorderNone\"><td class=\"tbTit\" colspan=\"3\">Especificaciones f\u00edsicas<\/td><\/tr><tr><td class=\"tbLeft\">Dimensiones (mm)<\/td><td>137 x 137 x 67<\/td><\/tr><tr><td class=\"tbLeft\">Peso neto (kg)<\/td><td>0.830<\/td><\/tr><\/tbody><\/table>\t\t\t\t\t\t\t<\/div>\n\t\t\t\t\t\t\t\t\t\t\t<\/div>\n\n\t\t\t\t\t\t\t<\/div>\n\t\t<\/div>\n\t\t\t\t\t\t<\/div>\n\t\t\t\t<\/div>\n\t\t\t\t\t<\/div>\n\t\t<\/div>\n\t\t\t\t\t<\/div>\n\t\t<\/section>\n\t\t\t\t\t<\/div>\n\t\t<\/div>\n\t\t\t\t\t<\/div>\n\t\t<\/section>\n\t\t\t\t<section class=\"wd-negative-gap elementor-section elementor-top-section elementor-element elementor-element-4510cea Link_Buttons elementor-section-boxed elementor-section-height-default elementor-section-height-default\" data-id=\"4510cea\" data-element_type=\"section\" data-e-type=\"section\" data-settings=\"{&quot;background_background&quot;:&quot;classic&quot;}\">\n\t\t\t\t\t\t<div class=\"elementor-container elementor-column-gap-custom\">\n\t\t\t\t\t<div class=\"elementor-column elementor-col-100 elementor-top-column elementor-element elementor-element-f0bb68f\" data-id=\"f0bb68f\" data-element_type=\"column\" data-e-type=\"column\">\n\t\t\t<div class=\"elementor-widget-wrap elementor-element-populated\">\n\t\t\t\t\t\t<div class=\"elementor-element elementor-element-01a69d6 elementor-view-framed elementor-shape-circle elementor-position-block-start elementor-mobile-position-block-start elementor-widget elementor-widget-icon-box\" data-id=\"01a69d6\" data-element_type=\"widget\" data-e-type=\"widget\" data-widget_type=\"icon-box.default\">\n\t\t\t\t\t\t\t<div class=\"elementor-icon-box-wrapper\">\n\n\t\t\t\t\t\t<div class=\"elementor-icon-box-icon\">\n\t\t\t\t<a href=\"https:\/\/enertik.com\/wp-content\/uploads\/sites\/2\/documentos\/manuales\/manual-regulador-de-carga-mppt-mp.pdf\" target=\"_blank\" class=\"elementor-icon\" tabindex=\"-1\">\n\t\t\t\t<svg aria-hidden=\"true\" class=\"e-font-icon-svg e-fas-book\" viewBox=\"0 0 448 512\" xmlns=\"http:\/\/www.w3.org\/2000\/svg\"><path d=\"M448 360V24c0-13.3-10.7-24-24-24H96C43 0 0 43 0 96v320c0 53 43 96 96 96h328c13.3 0 24-10.7 24-24v-16c0-7.5-3.5-14.3-8.9-18.7-4.2-15.4-4.2-59.3 0-74.7 5.4-4.3 8.9-11.1 8.9-18.6zM128 134c0-3.3 2.7-6 6-6h212c3.3 0 6 2.7 6 6v20c0 3.3-2.7 6-6 6H134c-3.3 0-6-2.7-6-6v-20zm0 64c0-3.3 2.7-6 6-6h212c3.3 0 6 2.7 6 6v20c0 3.3-2.7 6-6 6H134c-3.3 0-6-2.7-6-6v-20zm253.4 250H96c-17.7 0-32-14.3-32-32 0-17.6 14.4-32 32-32h285.4c-1.9 17.1-1.9 46.9 0 64z\"><\/path><\/svg>\t\t\t\t<\/a>\n\t\t\t<\/div>\n\t\t\t\n\t\t\t\t\t\t<div class=\"elementor-icon-box-content\">\n\n\t\t\t\t\n\t\t\t\t\t\t\t\t\t<p class=\"elementor-icon-box-description\">\n\t\t\t\t\t\tMANUAL\t\t\t\t\t<\/p>\n\t\t\t\t\n\t\t\t<\/div>\n\t\t\t\n\t\t<\/div>\n\t\t\t\t\t\t<\/div>\n\t\t\t\t\t<\/div>\n\t\t<\/div>\n\t\t\t\t\t<\/div>\n\t\t<\/section>\n\t\t\t\t<\/div>\n\t\t","protected":false},"excerpt":{"rendered":"<p>Compatible con bater\u00edas AGM, GEL y Litio. Corriente de salida: 20A. Potencia de entrada: 260W (12V) \/ 520W (24V). La tecnolog\u00eda MPPT incrementa la eficiencia de carga hasta un 20% m\u00e1s. Reconocimiento de voltaje autom\u00e1tico. Incluye salida auxiliar. Permite montaje en pared. La pantalla integrada muestra todos los datos a tiempo real. Permite programaci\u00f3n de cargas. Protecci\u00f3n contra sobrecalentamiento y monitoreo remoto con accesorios. Grado de protecci\u00f3n IP32. Est\u00e1 preparado para funcionar dentro del Internet de las Cosas (IoT) y tiene interfaz RS485(RJ11) incorporado.<\/p>\n","protected":false},"featured_media":9223,"comment_status":"open","ping_status":"closed","template":"","meta":{"_relevanssi_hide_post":"","_relevanssi_hide_content":"","_relevanssi_pin_for_all":"","_relevanssi_pin_keywords":"","_relevanssi_unpin_keywords":"","_relevanssi_related_keywords":"","_relevanssi_related_include_ids":"","_relevanssi_related_exclude_ids":"","_relevanssi_related_no_append":"","_relevanssi_related_not_related":"","_relevanssi_related_posts":"","_relevanssi_noindex_reason":"","inline_featured_image":false},"product_brand":[],"product_cat":[1699,1697],"product_tag":[1958],"class_list":{"0":"post-10839","1":"product","2":"type-product","3":"status-publish","4":"has-post-thumbnail","6":"product_cat-mppt","7":"product_cat-reguladores-solares","8":"product_tag-nuevos","9":"pa_corriente-20a","10":"pa_gtin-3418","11":"pa_marca-enertik","12":"pa_mpn-mp-20-12-24","13":"pa_serie-serie-mp","14":"pa_voltaje-12v","15":"pa_voltaje-24v","17":"first","18":"instock","19":"sale","20":"taxable","21":"shipping-taxable","22":"purchasable","23":"product-type-simple"},"bundled_by":[],"bundle_stock_status":"instock","bundle_stock_quantity":50,"bundle_virtual":false,"bundle_layout":"","bundle_add_to_cart_form_location":"","bundle_editable_in_cart":false,"bundle_sold_individually_context":"","bundle_item_grouping":"","bundle_min_size":"","bundle_max_size":"","bundle_price":[],"bundled_items":[],"bundle_sell_ids":[],"group_of_quantity":0,"min_quantity":0,"max_quantity":"","exclude_order_quantity_value_rules":"no","exclude_category_quantity_rules":"no","combine_variations":"no","exclude_global_add_ons":[],"addons":[],"_links":{"self":[{"href":"https:\/\/enertik.com\/ar\/wp-json\/wp\/v2\/product\/10839","targetHints":{"allow":["GET"]}}],"collection":[{"href":"https:\/\/enertik.com\/ar\/wp-json\/wp\/v2\/product"}],"about":[{"href":"https:\/\/enertik.com\/ar\/wp-json\/wp\/v2\/types\/product"}],"replies":[{"embeddable":true,"href":"https:\/\/enertik.com\/ar\/wp-json\/wp\/v2\/comments?post=10839"}],"version-history":[{"count":0,"href":"https:\/\/enertik.com\/ar\/wp-json\/wp\/v2\/product\/10839\/revisions"}],"wp:featuredmedia":[{"embeddable":true,"href":"https:\/\/enertik.com\/ar\/wp-json\/wp\/v2\/media\/9223"}],"wp:attachment":[{"href":"https:\/\/enertik.com\/ar\/wp-json\/wp\/v2\/media?parent=10839"}],"wp:term":[{"taxonomy":"product_brand","embeddable":true,"href":"https:\/\/enertik.com\/ar\/wp-json\/wp\/v2\/product_brand?post=10839"},{"taxonomy":"product_cat","embeddable":true,"href":"https:\/\/enertik.com\/ar\/wp-json\/wp\/v2\/product_cat?post=10839"},{"taxonomy":"product_tag","embeddable":true,"href":"https:\/\/enertik.com\/ar\/wp-json\/wp\/v2\/product_tag?post=10839"}],"curies":[{"name":"wp","href":"https:\/\/api.w.org\/{rel}","templated":true}]}}