{"id":10837,"date":"2023-02-21T11:09:50","date_gmt":"2023-02-21T14:09:50","guid":{"rendered":"https:\/\/test.enertik.com\/ar\/?post_type=product&#038;p=10837"},"modified":"2026-04-10T18:37:02","modified_gmt":"2026-04-10T21:37:02","slug":"regulador-de-carga-para-paneles-solares-mppt-80a-24v","status":"publish","type":"product","link":"https:\/\/enertik.com\/ar\/tienda\/energia-solar-fotovoltaica\/reguladores-solares\/mppt\/regulador-de-carga-para-paneles-solares-mppt-80a-24v\/","title":{"rendered":"Regulador de Carga para Paneles Solares MPPT 80A 24V"},"content":{"rendered":"\t\t<div data-elementor-type=\"product-post\" data-elementor-id=\"10837\" class=\"elementor elementor-10837\" data-elementor-post-type=\"product\">\n\t\t\t\t\t\t<section class=\"wd-negative-gap elementor-section elementor-top-section elementor-element elementor-element-8932722 Product_Description elementor-section-boxed elementor-section-height-default elementor-section-height-default\" data-id=\"8932722\" data-element_type=\"section\" data-e-type=\"section\">\n\t\t\t\t\t\t<div class=\"elementor-container elementor-column-gap-default\">\n\t\t\t\t\t<div class=\"elementor-column elementor-col-100 elementor-top-column elementor-element elementor-element-e6db013\" data-id=\"e6db013\" data-element_type=\"column\" data-e-type=\"column\" data-settings=\"{&quot;background_background&quot;:&quot;classic&quot;}\">\n\t\t\t<div class=\"elementor-widget-wrap elementor-element-populated\">\n\t\t\t\t\t\t<section class=\"wd-negative-gap elementor-section elementor-inner-section elementor-element elementor-element-c19d0d5 elementor-section-boxed elementor-section-height-default elementor-section-height-default\" data-id=\"c19d0d5\" data-element_type=\"section\" data-e-type=\"section\">\n\t\t\t\t\t\t<div class=\"elementor-container elementor-column-gap-default\">\n\t\t\t\t\t<div class=\"elementor-column elementor-col-100 elementor-inner-column elementor-element elementor-element-ec27cd9\" data-id=\"ec27cd9\" data-element_type=\"column\" data-e-type=\"column\">\n\t\t\t<div class=\"elementor-widget-wrap elementor-element-populated\">\n\t\t\t\t\t\t<div class=\"elementor-element elementor-element-99557f6 elementor-widget elementor-widget-wd_tabs\" data-id=\"99557f6\" data-element_type=\"widget\" data-e-type=\"widget\" data-widget_type=\"wd_tabs.default\">\n\t\t\t\t<div class=\"elementor-widget-container\">\n\t\t\t\t\t\t\t<div class=\"wd-tabs tabs-design-default\">\n\t\t\t<div class=\"wd-tabs-header text-center\">\n\t\t\t\t\n\t\t\t\t\n\t\t\t\t<div class=\"wd-nav-wrapper wd-nav-tabs-wrapper wd-mb-action-swipe\">\n\t\t\t\t\t<ul class=\"wd-nav wd-nav-tabs wd-icon-pos-left wd-style-underline\">\n\t\t\t\t\t\t\t\t\t\t\t\t\t\n\t\t\t\t\t\t\t<li>\n\t\t\t\t\t\t\t\t<a href=\"#\" class=\"wd-nav-link\">\n\t\t\t\t\t\t\t\t\t\n\t\t\t\t\t\t\t\t\t<span class=\"nav-link-text wd-tabs-title\">\n\t\t\t\t\t\t\t\t\t\tDESCRIPCI\u00d3N\t\t\t\t\t\t\t\t\t<\/span>\n\t\t\t\t\t\t\t\t<\/a>\n\t\t\t\t\t\t\t<\/li>\n\n\t\t\t\t\t\t\t\t\t\t\t\t\t\n\t\t\t\t\t\t\t<li>\n\t\t\t\t\t\t\t\t<a href=\"#\" class=\"wd-nav-link\">\n\t\t\t\t\t\t\t\t\t\n\t\t\t\t\t\t\t\t\t<span class=\"nav-link-text wd-tabs-title\">\n\t\t\t\t\t\t\t\t\t\tESPECIFICACIONES\t\t\t\t\t\t\t\t\t<\/span>\n\t\t\t\t\t\t\t\t<\/a>\n\t\t\t\t\t\t\t<\/li>\n\n\t\t\t\t\t\t\t\t\t\t\t<\/ul>\n\t\t\t\t<\/div>\n\t\t\t<\/div>\n\n\t\t\t<div class=\"wd-tabs-content-wrapper\">\n\t\t\t\t\t\t\t\t\t\t\t\t\t\t\n\t\t\t\t\t<div class=\"wd-tab-content wd-entry-content\">\n\t\t\t\t\t\t\t\t\t\t\t\t\t<div >\n\t\t\t\t\t\t\t\t<h2>VENTAJAS<\/h2><ul><li class=\"ulBgColor\">Incremento en la eficiencia de carga de hasta un 20%<\/li><li>Construcci\u00f3n robusta<\/li><li class=\"ulBgColor\">Alta eficiencia<\/li><li>Dise\u00f1o para montaje en pared<\/li><li class=\"ulBgColor\">Display LCD<\/li><\/ul><p>\u00a0<\/p><h2>PRECAUCI\u00d3N<\/h2><ul class=\"ulMiddle\"><li class=\"ulBgColor\">La salida de carga auxiliar puede manejar como m\u00e1ximo 50% de la corriente nominal del equipo. No es apta para conectar cargas de alta potencia como ser inversores.<\/li><\/ul><p>\u00a0<\/p><h2>SEGUIDOR DE PUNTO DE M\u00c1XIMA POTENCIA (MPPT)<\/h2><p>Un <b>controlador de carga con MPPT<\/b> es un dispositivo electr\u00f3nico que regula la carga de las bater\u00edas, controlando el punto en el que los paneles solares empleados para la carga producen la mayor cantidad de energ\u00eda el\u00e9ctrica. MPPT significa <b>Seguidor de Punto de M\u00e1xima Potencia<\/b> por sus siglas en ingl\u00e9s (Maximum Power Point Tracker).<\/p><p>La potencia de un panel solar se mide en Watts. La potencia es el producto del voltaje (Volts) por la corriente (Amperes): Volts x Amperes = Watts<\/p><p>Los controladores de carga con MPPT siempre buscan el balance entre voltaje y corriente, en el que los paneles solares operan a su m\u00e1xima potencia. Si utilizamos una curva para graficar el voltaje y la corriente de un panel solar, el punto de m\u00e1xima potencia se encuentra en el centro o esquina de la curva. Un controlador de carga con MPPT se va a asegurar que los paneles solares operen lo m\u00e1s cerca posible de este punto, incrementando por consiguiente la producci\u00f3n del arreglo solar.<\/p><p>\u00a0<\/p><p><img decoding=\"async\" class=\" wd-lazy-fade ArreglarFotoyfondo wp-image-13807 aligncenter\" src=\"https:\/\/enertik.com\/ar\/wp-content\/themes\/woodmart\/images\/lazy.svg\" data-src=\"https:\/\/enertik.com\/ar\/wp-content\/uploads\/sites\/2\/imagenes\/reguladores-solares\/curvaiv-es-1.webp\" alt=\"Curvaiv Es\" width=\"800\" height=\"434\" title=\"\" srcset=\"\" data-srcset=\"https:\/\/enertik.com\/ar\/wp-content\/uploads\/sites\/2\/imagenes\/reguladores-solares\/curvaiv-es-1.webp 800w, https:\/\/enertik.com\/ar\/wp-content\/uploads\/sites\/2\/imagenes\/reguladores-solares\/curvaiv-es-1-300x163.webp 300w, https:\/\/enertik.com\/ar\/wp-content\/uploads\/sites\/2\/imagenes\/reguladores-solares\/curvaiv-es-1-768x417.webp 768w, https:\/\/enertik.com\/ar\/wp-content\/uploads\/sites\/2\/imagenes\/reguladores-solares\/curvaiv-es-1-430x233.webp 430w, https:\/\/enertik.com\/ar\/wp-content\/uploads\/sites\/2\/imagenes\/reguladores-solares\/curvaiv-es-1-700x380.webp 700w, https:\/\/enertik.com\/ar\/wp-content\/uploads\/sites\/2\/imagenes\/reguladores-solares\/curvaiv-es-1-150x81.webp 150w\" sizes=\"(max-width: 800px) 100vw, 800px\" \/><\/p>\t\t\t\t\t\t\t<\/div>\n\t\t\t\t\t\t\t\t\t\t\t<\/div>\n\n\t\t\t\t\t\t\t\t\t\t\t\t\t\t\n\t\t\t\t\t<div class=\"wd-tab-content wd-entry-content\">\n\t\t\t\t\t\t\t\t\t\t\t\t\t<div >\n\t\t\t\t\t\t\t\t<table><tbody><tr class=\"tbBorderNone\"><td class=\"tbLeft\">Modelo<\/td><td>MPPT-80-24<\/td><\/tr><tr class=\"tbBorderNone\"><td class=\"tbTit\" colspan=\"2\">Especificaciones t\u00e9cnicas<\/td><\/tr><tr><td class=\"tbLeft\">Tensi\u00f3n de sistema<\/td><td>24V<\/td><\/tr><tr class=\"tbBorderNone\"><td class=\"tbLeft\">Consumo propio<\/td><td>&lt; 15mA<\/td><\/tr><tr class=\"tbBorderNone\"><td class=\"tbTit\" colspan=\"2\">Datos de entrada CC<\/td><\/tr><tr><td class=\"tbLeft\">Corriente del m\u00f3dulo<\/td><td>80A<\/td><\/tr><tr><td class=\"tbLeft\">Voltaje de entrada<\/td><td>24V~90V<\/td><\/tr><tr><td class=\"tbLeft\">Voltaje de entrada m\u00e1ximo (VCC)<\/td><td>90V<\/td><\/tr><tr class=\"tbBorderNone\"><td class=\"tbLeft\">Potencia m\u00e1xima de panel<\/td><td>2000W<\/td><\/tr><tr class=\"tbBorderNone\"><td class=\"tbTit\" colspan=\"2\">Datos de salida CC<\/td><\/tr><tr><td class=\"tbLeft\">Corriente de salida<\/td><td>80A<\/td><\/tr><tr><td class=\"tbLeft\">Tipo de bater\u00eda<\/td><td>Gel, \u00c1cido<\/td><\/tr><tr><td class=\"tbLeft\">Tensi\u00f3n de absorci\u00f3n<\/td><td>29.2V<\/td><\/tr><tr><td class=\"tbLeft\">Tensi\u00f3n de flote<\/td><td>27.6V<\/td><\/tr><tr><td class=\"tbLeft\">Tensi\u00f3n de reconexi\u00f3n (LRV)<\/td><td>25.6V<\/td><\/tr><tr class=\"tbBorderNone\"><td class=\"tbLeft\">Protecci\u00f3n contra descarga profunda (LVD)<\/td><td>22V<\/td><\/tr><tr class=\"tbBorderNone\"><td class=\"tbTit\" colspan=\"2\">Datos generales<\/td><\/tr><tr><td class=\"tbLeft\">Temperatura ambiente<\/td><td>-40\u00b0C ~ +50\u00b0C<\/td><\/tr><tr><td class=\"tbLeft\">Terminal<\/td><td>16 mm\u00b2<\/td><\/tr><tr class=\"tbBorderNone\"><td class=\"tbLeft\">Grado de protecci\u00f3n<\/td><td>IP20<\/td><\/tr><tr class=\"tbBorderNone\"><td class=\"tbTit\" colspan=\"2\">Especificaciones f\u00edsicas<\/td><\/tr><tr><td class=\"tbLeft\">Dimensiones (mm)<\/td><td>295 x 175 x 95<\/td><\/tr><tr><td class=\"tbLeft\">Peso neto (kg)<\/td><td>2.4<\/td><\/tr><\/tbody><\/table>\t\t\t\t\t\t\t<\/div>\n\t\t\t\t\t\t\t\t\t\t\t<\/div>\n\n\t\t\t\t\t\t\t<\/div>\n\t\t<\/div>\n\t\t\t\t\t\t<\/div>\n\t\t\t\t<\/div>\n\t\t\t\t\t<\/div>\n\t\t<\/div>\n\t\t\t\t\t<\/div>\n\t\t<\/section>\n\t\t\t\t\t<\/div>\n\t\t<\/div>\n\t\t\t\t\t<\/div>\n\t\t<\/section>\n\t\t\t\t<section class=\"wd-negative-gap elementor-section elementor-top-section elementor-element elementor-element-633585b Link_Buttons elementor-section-boxed elementor-section-height-default elementor-section-height-default\" data-id=\"633585b\" data-element_type=\"section\" data-e-type=\"section\" data-settings=\"{&quot;background_background&quot;:&quot;classic&quot;}\">\n\t\t\t\t\t\t<div class=\"elementor-container elementor-column-gap-custom\">\n\t\t\t\t\t<div class=\"elementor-column elementor-col-100 elementor-top-column elementor-element elementor-element-0680b68\" data-id=\"0680b68\" data-element_type=\"column\" data-e-type=\"column\">\n\t\t\t<div class=\"elementor-widget-wrap elementor-element-populated\">\n\t\t\t\t\t\t<div class=\"elementor-element elementor-element-0e50dad elementor-view-framed elementor-shape-circle elementor-position-block-start elementor-mobile-position-block-start elementor-widget elementor-widget-icon-box\" data-id=\"0e50dad\" data-element_type=\"widget\" data-e-type=\"widget\" data-widget_type=\"icon-box.default\">\n\t\t\t\t\t\t\t<div class=\"elementor-icon-box-wrapper\">\n\n\t\t\t\t\t\t<div class=\"elementor-icon-box-icon\">\n\t\t\t\t<a href=\"https:\/\/enertik.com\/wp-content\/uploads\/sites\/2\/documentos\/manuales\/manual-regulador-de-carga-mppt.pdf\" target=\"_blank\" class=\"elementor-icon\" tabindex=\"-1\">\n\t\t\t\t<svg aria-hidden=\"true\" class=\"e-font-icon-svg e-fas-book\" viewBox=\"0 0 448 512\" xmlns=\"http:\/\/www.w3.org\/2000\/svg\"><path d=\"M448 360V24c0-13.3-10.7-24-24-24H96C43 0 0 43 0 96v320c0 53 43 96 96 96h328c13.3 0 24-10.7 24-24v-16c0-7.5-3.5-14.3-8.9-18.7-4.2-15.4-4.2-59.3 0-74.7 5.4-4.3 8.9-11.1 8.9-18.6zM128 134c0-3.3 2.7-6 6-6h212c3.3 0 6 2.7 6 6v20c0 3.3-2.7 6-6 6H134c-3.3 0-6-2.7-6-6v-20zm0 64c0-3.3 2.7-6 6-6h212c3.3 0 6 2.7 6 6v20c0 3.3-2.7 6-6 6H134c-3.3 0-6-2.7-6-6v-20zm253.4 250H96c-17.7 0-32-14.3-32-32 0-17.6 14.4-32 32-32h285.4c-1.9 17.1-1.9 46.9 0 64z\"><\/path><\/svg>\t\t\t\t<\/a>\n\t\t\t<\/div>\n\t\t\t\n\t\t\t\t\t\t<div class=\"elementor-icon-box-content\">\n\n\t\t\t\t\n\t\t\t\t\t\t\t\t\t<p class=\"elementor-icon-box-description\">\n\t\t\t\t\t\tMANUAL\t\t\t\t\t<\/p>\n\t\t\t\t\n\t\t\t<\/div>\n\t\t\t\n\t\t<\/div>\n\t\t\t\t\t\t<\/div>\n\t\t\t\t\t<\/div>\n\t\t<\/div>\n\t\t\t\t\t<\/div>\n\t\t<\/section>\n\t\t\t\t<\/div>\n\t\t","protected":false},"excerpt":{"rendered":"<p>Corriente de salida: 80A. Potencia de entrada: 2000W. Con Display LCD. La tecnolog\u00eda MPPT incrementa la eficiencia de carga hasta un 20% m\u00e1s. Reconocimiento de voltaje autom\u00e1tico. Incluye sensor de temperatura y una salida auxiliar. Permite montaje en pared.<\/p>\n","protected":false},"featured_media":9227,"comment_status":"open","ping_status":"closed","template":"","meta":{"_relevanssi_hide_post":"","_relevanssi_hide_content":"","_relevanssi_pin_for_all":"","_relevanssi_pin_keywords":"","_relevanssi_unpin_keywords":"","_relevanssi_related_keywords":"","_relevanssi_related_include_ids":"","_relevanssi_related_exclude_ids":"","_relevanssi_related_no_append":"","_relevanssi_related_not_related":"","_relevanssi_related_posts":"","_relevanssi_noindex_reason":"","inline_featured_image":false},"product_brand":[],"product_cat":[1699,1697],"product_tag":[],"class_list":{"0":"post-10837","1":"product","2":"type-product","3":"status-publish","4":"has-post-thumbnail","6":"product_cat-mppt","7":"product_cat-reguladores-solares","8":"pa_corriente-80a","9":"pa_gtin-3417","10":"pa_marca-enertik","11":"pa_mpn-mppt-80-24","12":"pa_serie-serie-mppt","13":"pa_voltaje-24v","15":"first","16":"instock","17":"taxable","18":"shipping-taxable","19":"purchasable","20":"product-type-simple"},"bundled_by":[],"bundle_stock_status":"instock","bundle_stock_quantity":30,"bundle_virtual":false,"bundle_layout":"","bundle_add_to_cart_form_location":"","bundle_editable_in_cart":false,"bundle_sold_individually_context":"","bundle_item_grouping":"","bundle_min_size":"","bundle_max_size":"","bundle_price":[],"bundled_items":[],"bundle_sell_ids":[],"group_of_quantity":0,"min_quantity":0,"max_quantity":"","exclude_order_quantity_value_rules":"no","exclude_category_quantity_rules":"no","combine_variations":"no","exclude_global_add_ons":[],"addons":[],"_links":{"self":[{"href":"https:\/\/enertik.com\/ar\/wp-json\/wp\/v2\/product\/10837","targetHints":{"allow":["GET"]}}],"collection":[{"href":"https:\/\/enertik.com\/ar\/wp-json\/wp\/v2\/product"}],"about":[{"href":"https:\/\/enertik.com\/ar\/wp-json\/wp\/v2\/types\/product"}],"replies":[{"embeddable":true,"href":"https:\/\/enertik.com\/ar\/wp-json\/wp\/v2\/comments?post=10837"}],"version-history":[{"count":0,"href":"https:\/\/enertik.com\/ar\/wp-json\/wp\/v2\/product\/10837\/revisions"}],"wp:featuredmedia":[{"embeddable":true,"href":"https:\/\/enertik.com\/ar\/wp-json\/wp\/v2\/media\/9227"}],"wp:attachment":[{"href":"https:\/\/enertik.com\/ar\/wp-json\/wp\/v2\/media?parent=10837"}],"wp:term":[{"taxonomy":"product_brand","embeddable":true,"href":"https:\/\/enertik.com\/ar\/wp-json\/wp\/v2\/product_brand?post=10837"},{"taxonomy":"product_cat","embeddable":true,"href":"https:\/\/enertik.com\/ar\/wp-json\/wp\/v2\/product_cat?post=10837"},{"taxonomy":"product_tag","embeddable":true,"href":"https:\/\/enertik.com\/ar\/wp-json\/wp\/v2\/product_tag?post=10837"}],"curies":[{"name":"wp","href":"https:\/\/api.w.org\/{rel}","templated":true}]}}