{"id":44198,"date":"2025-09-10T03:29:31","date_gmt":"2025-09-10T06:29:31","guid":{"rendered":"https:\/\/enertik.com\/ar\/?page_id=44198"},"modified":"2025-09-10T04:01:06","modified_gmt":"2025-09-10T07:01:06","slug":"calculadora-solar-termica","status":"publish","type":"page","link":"https:\/\/enertik.com\/ar\/calculadora-solar-termica\/","title":{"rendered":"Calculadora Solar T\u00e9rmica"},"content":{"rendered":"\t\t<div data-elementor-type=\"wp-page\" data-elementor-id=\"44198\" class=\"elementor elementor-44198\" data-elementor-post-type=\"page\">\n\t\t\t\t\t\t<section class=\"wd-negative-gap elementor-section elementor-top-section elementor-element elementor-element-0146b36 elementor-section-boxed elementor-section-height-default elementor-section-height-default\" data-id=\"0146b36\" data-element_type=\"section\" data-e-type=\"section\">\n\t\t\t\t\t\t<div class=\"elementor-container elementor-column-gap-default\">\n\t\t\t\t\t<div class=\"elementor-column elementor-col-100 elementor-top-column elementor-element elementor-element-2371f2e\" data-id=\"2371f2e\" data-element_type=\"column\" data-e-type=\"column\">\n\t\t\t<div class=\"elementor-widget-wrap elementor-element-populated\">\n\t\t\t\t\t\t<div class=\"elementor-element elementor-element-6917cd3 elementor-widget elementor-widget-heading\" data-id=\"6917cd3\" data-element_type=\"widget\" data-e-type=\"widget\" data-widget_type=\"heading.default\">\n\t\t\t\t\t<h1 class=\"elementor-heading-title elementor-size-default\">Calculadora Solar T\u00e9rmica<\/h1>\t\t\t\t<\/div>\n\t\t\t\t\t<\/div>\n\t\t<\/div>\n\t\t\t\t\t<\/div>\n\t\t<\/section>\n\t\t\t\t<section class=\"wd-negative-gap elementor-section elementor-top-section elementor-element elementor-element-eee2c3b elementor-section-boxed elementor-section-height-default elementor-section-height-default\" data-id=\"eee2c3b\" data-element_type=\"section\" data-e-type=\"section\">\n\t\t\t\t\t\t<div class=\"elementor-container elementor-column-gap-default\">\n\t\t\t\t\t<div class=\"elementor-column elementor-col-100 elementor-top-column elementor-element elementor-element-928f922\" data-id=\"928f922\" data-element_type=\"column\" data-e-type=\"column\">\n\t\t\t<div class=\"elementor-widget-wrap elementor-element-populated\">\n\t\t\t\t\t\t<div class=\"elementor-element elementor-element-a34077f elementor-widget elementor-widget-wd_text_block\" data-id=\"a34077f\" data-element_type=\"widget\" data-e-type=\"widget\" data-widget_type=\"wd_text_block.default\">\n\t\t\t\t<div class=\"elementor-widget-container\">\n\t\t\t\t\t\t\t<div class=\"wd-text-block reset-last-child text-left\">\n\t\t\t\n\t\t\t<p data-start=\"143\" data-end=\"446\">Con nuestra calculadora solar t\u00e9rmica podr\u00e1s dimensionar f\u00e1cilmente tu termotanque solar seg\u00fan tus necesidades de agua caliente. Solo ingresa la cantidad de personas en el hogar, el consumo estimado y la zona geogr\u00e1fica, y obtendr\u00e1s la capacidad recomendada del equipo.<\/p><p data-start=\"448\" data-end=\"611\">Optimiza tu inversi\u00f3n, ahorra energ\u00eda y aprovecha al m\u00e1ximo la radiaci\u00f3n solar para contar siempre con agua caliente sanitaria de manera eficiente y sustentable.<\/p>\n\t\t\t\t\t<\/div>\n\t\t\t\t\t\t<\/div>\n\t\t\t\t<\/div>\n\t\t\t\t\t<\/div>\n\t\t<\/div>\n\t\t\t\t\t<\/div>\n\t\t<\/section>\n\t\t\t\t<section class=\"wd-negative-gap elementor-section elementor-top-section elementor-element elementor-element-15d5868 elementor-section-boxed elementor-section-height-default elementor-section-height-default\" data-id=\"15d5868\" data-element_type=\"section\" data-e-type=\"section\">\n\t\t\t\t\t\t<div class=\"elementor-container elementor-column-gap-default\">\n\t\t\t\t\t<div class=\"elementor-column elementor-col-100 elementor-top-column elementor-element elementor-element-4d01847\" data-id=\"4d01847\" data-element_type=\"column\" data-e-type=\"column\">\n\t\t\t<div class=\"elementor-widget-wrap elementor-element-populated\">\n\t\t\t\t\t\t<div class=\"elementor-element elementor-element-aaf7f0a elementor-widget elementor-widget-html\" data-id=\"aaf7f0a\" data-element_type=\"widget\" data-e-type=\"widget\" data-widget_type=\"html.default\">\n\t\t\t\t\t<div id=\"enertik-st-wrap\" class=\"enertik-st-wrap\" data-country=\"ar\" data-version=\"1.4.0\" data-mode=\"basic\">\n  <div class=\"st-card st-header\">\n    <h2 class=\"st-title\">Calculadora Solar T\u00e9rmica<\/h2>\n    <p class=\"st-sub\">Dimension\u00e1 \u00e1rea, tanques y ahorros con datos clim\u00e1ticos por ubicaci\u00f3n para termotanques solares de tubo de vidrios.<\/p>\n    <div class=\"st-mode\">\n      <button type=\"button\" class=\"st-mode-btn active\" data-mode=\"basic\">B\u00e1sico<\/button>\n      <button type=\"button\" class=\"st-mode-btn\" data-mode=\"advanced\">Avanzado<\/button>\n    <\/div>\n  <\/div>\n\n  <div class=\"st-card st-form\">\n    <div class=\"st-row\">\n      <div class=\"st-col st-col-2\">\n        <label>Ubicaci\u00f3n<\/label>\n        <input type=\"text\" id=\"st_place\" placeholder=\"Ciudad, direcci\u00f3n...\" data-gmaps=\"1\">\n        <small>Us\u00e1 el autocompletado para fijar coordenadas.<\/small>\n      <\/div>\n    <\/div>\n\n    <div class=\"st-row st-adv-only\">\n      <div class=\"st-col\">\n        <label>Latitud<\/label>\n        <input type=\"number\" id=\"st_lat\" step=\"0.0001\" value=\"\" placeholder=\"-33.45\">\n      <\/div>\n      <div class=\"st-col\">\n        <label>Longitud<\/label>\n        <input type=\"number\" id=\"st_lon\" step=\"0.0001\" value=\"\" placeholder=\"-70.66\">\n      <\/div>\n    <\/div>\n\n    <div class=\"st-actions\" style=\"margin-top:8px\">\n      <button id=\"st_fetch_climate\" class=\"st-btn\">Actualizar datos clim\u00e1ticos<\/button>\n      <span id=\"st_climate_status\" class=\"st-badge st-badge-muted\" style=\"margin-left:8px\">\u2014<\/span>\n    <\/div>\n\n    <hr class=\"st-sep\">\n\n    <div class=\"st-row\">\n      <div class=\"st-col\">\n        <label>N\u00famero de personas<\/label>\n        <input type=\"number\" id=\"st_people\" min=\"1\" step=\"1\" value=\"4\">\n        <small class=\"st-basic-only\">En modo b\u00e1sico: 50 L\/persona\u00b7d\u00eda (m\u00e1x. 6 personas).<\/small>\n      <\/div>\n      <div class=\"st-col st-adv-only\">\n        <label>Consumo por persona [L\/d\u00eda]<\/label>\n        <input type=\"number\" id=\"st_lppd\" min=\"10\" step=\"1\" value=\"35\">\n      <\/div>\n      <div class=\"st-col\">\n        <label>T\u00b0 servicio [\u00b0C]<\/label>\n        <input type=\"number\" id=\"st_t_hot\" min=\"35\" max=\"65\" step=\"1\" value=\"45\">\n      <\/div>\n      <div class=\"st-col st-adv-only\">\n        <label>T\u00b0 agua de red base [\u00b0C]<\/label>\n        <input type=\"number\" id=\"st_t_cold\" min=\"0\" max=\"30\" step=\"1\" value=\"15\">\n      <\/div>\n      <div class=\"st-col st-adv-only\">\n        <label>T\u00b0 ambiente base [\u00b0C]<\/label>\n        <input type=\"number\" id=\"st_t_amb\" min=\"-5\" max=\"40\" step=\"1\" value=\"18\">\n      <\/div>\n      <div class=\"st-col st-adv-only\">\n        <label>Factor orientaci\u00f3n\/sombras (0.6\u20131)<\/label>\n        <input type=\"number\" id=\"st_orient_factor\" step=\"0.05\" min=\"0.6\" max=\"1\" value=\"0.95\">\n      <\/div>\n    <\/div>\n\n    <div class=\"st-row st-adv-only\">\n      <div class=\"st-col\">\n        <label>Fracci\u00f3n solar objetivo<\/label>\n        <input type=\"number\" id=\"st_f_solar\" step=\"0.05\" min=\"0.1\" max=\"0.95\" value=\"0.6\">\n      <\/div>\n      <div class=\"st-col\">\n        <label>PR t\u00e9rmico global<\/label>\n        <input type=\"number\" id=\"st_pr\" step=\"0.01\" min=\"0.6\" max=\"0.98\" value=\"0.85\">\n      <\/div>\n      <div class=\"st-col\">\n        <label>\u00c1rea \u00fatil por colector [m\u00b2]<\/label>\n        <input type=\"number\" id=\"st_area_collector\" step=\"0.01\" min=\"0.5\" max=\"3\" value=\"1.8\">\n      <\/div>\n      <div class=\"st-col\">\n        <label>Litros de acumulaci\u00f3n por m\u00b2<\/label>\n        <input type=\"number\" id=\"st_storage_ratio\" step=\"1\" min=\"40\" max=\"150\" value=\"80\">\n      <\/div>\n      <div class=\"st-col\">\n        <label>Costo instalado por m\u00b2<\/label>\n        <input type=\"number\" id=\"st_cost_m2\" step=\"1\" min=\"0\" value=\"420\">\n      <\/div>\n    <\/div>\n\n    <div class=\"st-row\">\n      <div class=\"st-col\">\n        <label>Combustible de referencia<\/label>\n        <select id=\"st_fuel\">\n          <option value=\"elec\" selected>Electricidad<\/option>\n          <option value=\"gn\">Gas Natural<\/option>\n          <option value=\"glp\">GLP<\/option>\n        <\/select>\n      <\/div>\n      <div class=\"st-col\">\n        <label>Precio combustible [$ \/ kWh]<\/label>\n        <input type=\"number\" id=\"st_price_kwh_fuel\" step=\"0.001\" min=\"0\" value=\"90\">\n      <\/div>\n      <div class=\"st-col st-adv-only\">\n        <label>Eficiencia equipo apoyo<\/label>\n        <input type=\"number\" id=\"st_eff_fuel\" step=\"0.01\" min=\"0.5\" max=\"1.0\" value=\"0.98\">\n      <\/div>\n      <div class=\"st-col st-adv-only\">\n        <label>CO\u2082 evitado [kg\/kWh<sub>th<\/sub>]<\/label>\n        <input type=\"number\" id=\"st_co2_factor\" step=\"0.001\" min=\"0\" value=\"0.22\">\n      <\/div>\n    <\/div>\n\n    <div class=\"st-actions st-actions-calc\">\n      <button id=\"st_calc\" class=\"st-btn st-btn-primary\">Calcular<\/button>\n    <\/div>\n\n    <div class=\"st-disclaimer\">\n      <b>Aviso importante:<\/b> esta herramienta brinda <i>estimaciones orientativas<\/i>. Los resultados dependen de datos provistos por el usuario y supuestos de rendimiento, y <b>no reemplazan<\/b> el dise\u00f1o t\u00e9rmico ni la verificaci\u00f3n por un profesional. Para presupuestos y obra, contrastar con fichas t\u00e9cnicas del fabricante y normativa vigente.\n    <\/div>\n  <\/div>\n\n  <div id=\"st_results\" class=\"st-card st-results enertik-hidden\">\n    <div class=\"st-results-header\">\n      <h3>Resultados<\/h3>\n      <small>Generado el <span id=\"st_gen_time\"><\/span><\/small>\n    <\/div>\n    <div class=\"st-results-grid\" id=\"st_results_list\"><\/div>\n\n    <div class=\"st-card st-monthly enertik-hidden st-adv-only\" id=\"st_monthly_card\">\n      <h3>Matriz mensual (HSP, energ\u00eda, fracci\u00f3n)<\/h3>\n      <div class=\"st-monthly-table-wrap\">\n        <table class=\"st-table\" id=\"st_monthly_table\">\n          <thead><tr>\n            <th>Mes<\/th><th>HSP (kWh\/m\u00b2\u00b7d\u00eda)<\/th><th>E\/m\u00b2 (kWh\/d\u00eda\u00b7m\u00b2)<\/th><th>Qsolar (kWh\/mes)<\/th><th>Demanda (kWh\/mes)<\/th><th>Fracci\u00f3n solar<\/th>\n          <\/tr><\/thead>\n          <tbody><\/tbody>\n          <tfoot><tr>\n            <th>Total\/A\u00f1o<\/th><th id=\"st_hsp_avg_year\"><\/th><th><\/th><th id=\"st_qsolar_year\"><\/th><th id=\"st_qd_year\"><\/th><th id=\"st_f_year\"><\/th>\n          <\/tr><\/tfoot>\n        <\/table>\n      <\/div>\n    <\/div>\n\n    <div class=\"st-results-footer\">\n      <button id=\"st_print_bottom\" class=\"st-btn\">Imprimir \/ PDF<\/button>\n      <button id=\"st_csv_bottom\" class=\"st-btn st-adv-only\">Exportar CSV<\/button>\n    <\/div>\n  <\/div>\n\n      <script async src=\"https:\/\/maps.googleapis.com\/maps\/api\/js?key=AIzaSyAZnbFb0v6jDmViaa16HNJt2G_eZe__drw&libraries=places&v=weekly\"><\/script>\n  <\/div>\n\t\t\t\t<\/div>\n\t\t\t\t\t<\/div>\n\t\t<\/div>\n\t\t\t\t\t<\/div>\n\t\t<\/section>\n\t\t\t\t<\/div>\n\t\t","protected":false},"excerpt":{"rendered":"<p>Calculadora Solar T\u00e9rmica Con nuestra calculadora solar t\u00e9rmica podr\u00e1s dimensionar f\u00e1cilmente tu termotanque solar seg\u00fan tus necesidades de agua caliente.<\/p>\n","protected":false},"author":4030,"featured_media":0,"parent":0,"menu_order":0,"comment_status":"closed","ping_status":"closed","template":"","meta":{"_relevanssi_hide_post":"","_relevanssi_hide_content":"","_relevanssi_pin_for_all":"","_relevanssi_pin_keywords":"","_relevanssi_unpin_keywords":"","_relevanssi_related_keywords":"","_relevanssi_related_include_ids":"","_relevanssi_related_exclude_ids":"","_relevanssi_related_no_append":"","_relevanssi_related_not_related":"","_relevanssi_related_posts":"","_relevanssi_noindex_reason":"","inline_featured_image":false,"footnotes":""},"class_list":["post-44198","page","type-page","status-publish","hentry"],"amp_enabled":true,"_links":{"self":[{"href":"https:\/\/enertik.com\/ar\/wp-json\/wp\/v2\/pages\/44198","targetHints":{"allow":["GET"]}}],"collection":[{"href":"https:\/\/enertik.com\/ar\/wp-json\/wp\/v2\/pages"}],"about":[{"href":"https:\/\/enertik.com\/ar\/wp-json\/wp\/v2\/types\/page"}],"author":[{"embeddable":true,"href":"https:\/\/enertik.com\/ar\/wp-json\/wp\/v2\/users\/4030"}],"replies":[{"embeddable":true,"href":"https:\/\/enertik.com\/ar\/wp-json\/wp\/v2\/comments?post=44198"}],"version-history":[{"count":0,"href":"https:\/\/enertik.com\/ar\/wp-json\/wp\/v2\/pages\/44198\/revisions"}],"wp:attachment":[{"href":"https:\/\/enertik.com\/ar\/wp-json\/wp\/v2\/media?parent=44198"}],"curies":[{"name":"wp","href":"https:\/\/api.w.org\/{rel}","templated":true}]}}