{"id":43925,"date":"2025-09-05T15:07:08","date_gmt":"2025-09-05T18:07:08","guid":{"rendered":"https:\/\/enertik.com\/ar\/?page_id=43925"},"modified":"2025-09-12T05:39:57","modified_gmt":"2025-09-12T08:39:57","slug":"calculadoras","status":"publish","type":"page","link":"https:\/\/enertik.com\/ar\/calculadoras\/","title":{"rendered":"Calculadoras"},"content":{"rendered":"\t\t<div data-elementor-type=\"wp-page\" data-elementor-id=\"43925\" class=\"elementor elementor-43925\" data-elementor-post-type=\"page\">\n\t\t\t\t\t\t<section class=\"wd-negative-gap elementor-section elementor-top-section elementor-element elementor-element-0146b36 elementor-section-boxed elementor-section-height-default elementor-section-height-default\" data-id=\"0146b36\" data-element_type=\"section\" data-e-type=\"section\">\n\t\t\t\t\t\t<div class=\"elementor-container elementor-column-gap-default\">\n\t\t\t\t\t<div class=\"elementor-column elementor-col-100 elementor-top-column elementor-element elementor-element-2371f2e\" data-id=\"2371f2e\" data-element_type=\"column\" data-e-type=\"column\">\n\t\t\t<div class=\"elementor-widget-wrap elementor-element-populated\">\n\t\t\t\t\t\t<div class=\"elementor-element elementor-element-6917cd3 elementor-widget elementor-widget-heading\" data-id=\"6917cd3\" data-element_type=\"widget\" data-e-type=\"widget\" data-widget_type=\"heading.default\">\n\t\t\t\t\t<h1 class=\"elementor-heading-title elementor-size-default\">Calculadoras Enertik<\/h1>\t\t\t\t<\/div>\n\t\t\t\t\t<\/div>\n\t\t<\/div>\n\t\t\t\t\t<\/div>\n\t\t<\/section>\n\t\t\t\t<section class=\"wd-negative-gap elementor-section elementor-top-section elementor-element elementor-element-eee2c3b elementor-section-boxed elementor-section-height-default elementor-section-height-default\" data-id=\"eee2c3b\" data-element_type=\"section\" data-e-type=\"section\">\n\t\t\t\t\t\t<div class=\"elementor-container elementor-column-gap-default\">\n\t\t\t\t\t<div class=\"elementor-column elementor-col-100 elementor-top-column elementor-element elementor-element-928f922\" data-id=\"928f922\" data-element_type=\"column\" data-e-type=\"column\">\n\t\t\t<div class=\"elementor-widget-wrap elementor-element-populated\">\n\t\t\t\t\t\t<div class=\"elementor-element elementor-element-a34077f elementor-widget elementor-widget-wd_text_block\" data-id=\"a34077f\" data-element_type=\"widget\" data-e-type=\"widget\" data-widget_type=\"wd_text_block.default\">\n\t\t\t\t<div class=\"elementor-widget-container\">\n\t\t\t\t\t\t\t<div class=\"wd-text-block reset-last-child text-left\">\n\t\t\t\n\t\t\t<p data-start=\"225\" data-end=\"403\">En Enertik desarrollamos herramientas online para que puedas dimensionar de forma r\u00e1pida, sencilla y precisa tus proyectos de energ\u00eda y electricidad.<br \/>Ponemos a tu disposici\u00f3n tres calculadoras especializadas:<\/p><ul data-start=\"467\" data-end=\"995\"><li data-start=\"467\" data-end=\"677\"><p data-start=\"469\" data-end=\"677\"><strong data-start=\"469\" data-end=\"504\">Calculadora Solar Fotovoltaica:<\/strong> determina cu\u00e1ntos paneles solares necesitas, la potencia del inversor y la capacidad del banco de bater\u00edas para sistemas conectados a red (on-grid) o aislados (off-grid).<\/p><\/li><li data-start=\"467\" data-end=\"677\"><p data-start=\"469\" data-end=\"677\"><strong data-start=\"848\" data-end=\"878\">Calculadora Solar T\u00e9rmica:<\/strong> dimensiona tu termotanque solar en funci\u00f3n de la cantidad de personas, consumo de agua caliente y zona geogr\u00e1fica.<\/p><\/li><li data-start=\"678\" data-end=\"845\"><p data-start=\"680\" data-end=\"845\"><strong data-start=\"680\" data-end=\"717\">Calculadora de Secci\u00f3n de Cables:<\/strong> calcula la secci\u00f3n adecuada de cable (mm\u00b2 o AWG) y la ca\u00edda de tensi\u00f3n en corriente continua, alterna monof\u00e1sica o trif\u00e1sica.<\/p><\/li><\/ul><p data-start=\"997\" data-end=\"1118\">Accede a la calculadora que mejor se ajuste a tu proyecto y optimiza tu instalaci\u00f3n con energ\u00eda m\u00e1s eficiente y segura.<\/p>\n\t\t\t\t\t<\/div>\n\t\t\t\t\t\t<\/div>\n\t\t\t\t<\/div>\n\t\t\t\t\t<\/div>\n\t\t<\/div>\n\t\t\t\t\t<\/div>\n\t\t<\/section>\n\t\t\t\t<section class=\"wd-negative-gap elementor-section elementor-top-section elementor-element elementor-element-0b55a69 elementor-section-boxed elementor-section-height-default elementor-section-height-default\" data-id=\"0b55a69\" data-element_type=\"section\" data-e-type=\"section\">\n\t\t\t\t\t\t<div class=\"elementor-container elementor-column-gap-default\">\n\t\t\t\t\t<div class=\"elementor-column elementor-col-33 elementor-top-column elementor-element elementor-element-bde22b3\" data-id=\"bde22b3\" data-element_type=\"column\" data-e-type=\"column\">\n\t\t\t<div class=\"elementor-widget-wrap elementor-element-populated\">\n\t\t\t\t\t\t<div class=\"elementor-element elementor-element-3f74865 elementor-align-center elementor-widget elementor-widget-button\" data-id=\"3f74865\" data-element_type=\"widget\" data-e-type=\"widget\" data-widget_type=\"button.default\">\n\t\t\t\t\t\t\t\t\t\t<a class=\"elementor-button elementor-button-link elementor-size-sm\" href=\"https:\/\/enertik.com\/ar\/calculadora-solar-fotovoltaica\">\n\t\t\t\t\t\t<span class=\"elementor-button-content-wrapper\">\n\t\t\t\t\t\t\t\t\t<span class=\"elementor-button-text\">Solar Fotovoltaica<\/span>\n\t\t\t\t\t<\/span>\n\t\t\t\t\t<\/a>\n\t\t\t\t\t\t\t\t<\/div>\n\t\t\t\t\t<\/div>\n\t\t<\/div>\n\t\t\t\t<div class=\"elementor-column elementor-col-33 elementor-top-column elementor-element elementor-element-8619bc0\" data-id=\"8619bc0\" data-element_type=\"column\" data-e-type=\"column\">\n\t\t\t<div class=\"elementor-widget-wrap elementor-element-populated\">\n\t\t\t\t\t\t<div class=\"elementor-element elementor-element-4c19209 elementor-align-center elementor-widget elementor-widget-button\" data-id=\"4c19209\" data-element_type=\"widget\" data-e-type=\"widget\" data-widget_type=\"button.default\">\n\t\t\t\t\t\t\t\t\t\t<a class=\"elementor-button elementor-button-link elementor-size-sm\" href=\"https:\/\/enertik.com\/ar\/calculadora-solar-termica\">\n\t\t\t\t\t\t<span class=\"elementor-button-content-wrapper\">\n\t\t\t\t\t\t\t\t\t<span class=\"elementor-button-text\">Solar T\u00e9rmica<\/span>\n\t\t\t\t\t<\/span>\n\t\t\t\t\t<\/a>\n\t\t\t\t\t\t\t\t<\/div>\n\t\t\t\t\t<\/div>\n\t\t<\/div>\n\t\t\t\t<div class=\"elementor-column elementor-col-33 elementor-top-column elementor-element elementor-element-dd4c47e\" data-id=\"dd4c47e\" data-element_type=\"column\" data-e-type=\"column\">\n\t\t\t<div class=\"elementor-widget-wrap elementor-element-populated\">\n\t\t\t\t\t\t<div class=\"elementor-element elementor-element-0380549 elementor-align-center elementor-widget elementor-widget-button\" data-id=\"0380549\" data-element_type=\"widget\" data-e-type=\"widget\" data-widget_type=\"button.default\">\n\t\t\t\t\t\t\t\t\t\t<a class=\"elementor-button elementor-button-link elementor-size-sm\" href=\"https:\/\/enertik.com\/ar\/calculadora-de-cables\">\n\t\t\t\t\t\t<span class=\"elementor-button-content-wrapper\">\n\t\t\t\t\t\t\t\t\t<span class=\"elementor-button-text\">Secci\u00f3n de Cables<\/span>\n\t\t\t\t\t<\/span>\n\t\t\t\t\t<\/a>\n\t\t\t\t\t\t\t\t<\/div>\n\t\t\t\t\t<\/div>\n\t\t<\/div>\n\t\t\t\t\t<\/div>\n\t\t<\/section>\n\t\t\t\t<\/div>\n\t\t","protected":false},"excerpt":{"rendered":"<p>Calculadoras Enertik En Enertik desarrollamos herramientas online para que puedas dimensionar de forma r\u00e1pida, sencilla y precisa tus proyectos de<\/p>\n","protected":false},"author":4030,"featured_media":0,"parent":0,"menu_order":0,"comment_status":"closed","ping_status":"closed","template":"","meta":{"_relevanssi_hide_post":"","_relevanssi_hide_content":"","_relevanssi_pin_for_all":"","_relevanssi_pin_keywords":"","_relevanssi_unpin_keywords":"","_relevanssi_related_keywords":"","_relevanssi_related_include_ids":"","_relevanssi_related_exclude_ids":"","_relevanssi_related_no_append":"","_relevanssi_related_not_related":"","_relevanssi_related_posts":"","_relevanssi_noindex_reason":"","inline_featured_image":false,"footnotes":""},"class_list":["post-43925","page","type-page","status-publish","hentry"],"amp_enabled":true,"_links":{"self":[{"href":"https:\/\/enertik.com\/ar\/wp-json\/wp\/v2\/pages\/43925","targetHints":{"allow":["GET"]}}],"collection":[{"href":"https:\/\/enertik.com\/ar\/wp-json\/wp\/v2\/pages"}],"about":[{"href":"https:\/\/enertik.com\/ar\/wp-json\/wp\/v2\/types\/page"}],"author":[{"embeddable":true,"href":"https:\/\/enertik.com\/ar\/wp-json\/wp\/v2\/users\/4030"}],"replies":[{"embeddable":true,"href":"https:\/\/enertik.com\/ar\/wp-json\/wp\/v2\/comments?post=43925"}],"version-history":[{"count":0,"href":"https:\/\/enertik.com\/ar\/wp-json\/wp\/v2\/pages\/43925\/revisions"}],"wp:attachment":[{"href":"https:\/\/enertik.com\/ar\/wp-json\/wp\/v2\/media?parent=43925"}],"curies":[{"name":"wp","href":"https:\/\/api.w.org\/{rel}","templated":true}]}}