{"id":39162,"date":"2025-04-21T07:22:56","date_gmt":"2025-04-21T10:22:56","guid":{"rendered":"https:\/\/enertik.com\/ar\/?page_id=39162"},"modified":"2025-04-23T06:02:52","modified_gmt":"2025-04-23T09:02:52","slug":"faq-generador-electrico-portatil-con-baterias-de-litio","status":"publish","type":"page","link":"https:\/\/enertik.com\/ar\/faq\/generador-electrico-portatil-con-baterias-de-litio\/","title":{"rendered":"FAQ &#8211; Generador El\u00e9ctrico Port\u00e1til con Bater\u00edas de Litio"},"content":{"rendered":"\t\t<div data-elementor-type=\"wp-page\" data-elementor-id=\"39162\" class=\"elementor elementor-39162\" data-elementor-post-type=\"page\">\n\t\t\t\t\t\t<section class=\"wd-negative-gap elementor-section elementor-top-section elementor-element elementor-element-e25c568 elementor-section-boxed elementor-section-height-default elementor-section-height-default\" data-id=\"e25c568\" data-element_type=\"section\" data-e-type=\"section\">\n\t\t\t\t\t\t<div class=\"elementor-container elementor-column-gap-default\">\n\t\t\t\t\t<div class=\"elementor-column elementor-col-100 elementor-top-column elementor-element elementor-element-4580b59\" data-id=\"4580b59\" data-element_type=\"column\" data-e-type=\"column\">\n\t\t\t<div class=\"elementor-widget-wrap elementor-element-populated\">\n\t\t\t\t\t\t<div class=\"elementor-element elementor-element-12f32b6 elementor-widget elementor-widget-button\" data-id=\"12f32b6\" data-element_type=\"widget\" data-e-type=\"widget\" id=\"go-back-button\" data-widget_type=\"button.default\">\n\t\t\t\t\t\t\t\t\t\t<a class=\"elementor-button elementor-button-link elementor-size-sm\" href=\"#\">\n\t\t\t\t\t\t<span class=\"elementor-button-content-wrapper\">\n\t\t\t\t\t\t<span class=\"elementor-button-icon\">\n\t\t\t\t<svg aria-hidden=\"true\" class=\"e-font-icon-svg e-fas-long-arrow-alt-left\" viewBox=\"0 0 448 512\" xmlns=\"http:\/\/www.w3.org\/2000\/svg\"><path d=\"M134.059 296H436c6.627 0 12-5.373 12-12v-56c0-6.627-5.373-12-12-12H134.059v-46.059c0-21.382-25.851-32.09-40.971-16.971L7.029 239.029c-9.373 9.373-9.373 24.569 0 33.941l86.059 86.059c15.119 15.119 40.971 4.411 40.971-16.971V296z\"><\/path><\/svg>\t\t\t<\/span>\n\t\t\t\t\t\t\t\t\t<span class=\"elementor-button-text\">Volver<\/span>\n\t\t\t\t\t<\/span>\n\t\t\t\t\t<\/a>\n\t\t\t\t\t\t\t\t<\/div>\n\t\t\t\t<div class=\"elementor-element elementor-element-24df86e elementor-widget elementor-widget-html\" data-id=\"24df86e\" data-element_type=\"widget\" data-e-type=\"widget\" data-widget_type=\"html.default\">\n\t\t\t\t\t<script type=\"text\/javascript\">\njQuery(document).ready(function() { jQuery('#go-back-button').on('click', function() {\nwindow.history.go(-1);\nreturn false; });\n}); <\/script>\t\t\t\t<\/div>\n\t\t\t\t\t<\/div>\n\t\t<\/div>\n\t\t\t\t\t<\/div>\n\t\t<\/section>\n\t\t\t\t<section class=\"wd-negative-gap elementor-section elementor-top-section elementor-element elementor-element-4fff03e elementor-section-boxed elementor-section-height-default elementor-section-height-default\" data-id=\"4fff03e\" data-element_type=\"section\" data-e-type=\"section\">\n\t\t\t\t\t\t<div class=\"elementor-container elementor-column-gap-default\">\n\t\t\t\t\t<div class=\"elementor-column elementor-col-100 elementor-top-column elementor-element elementor-element-e06ac2c\" data-id=\"e06ac2c\" data-element_type=\"column\" data-e-type=\"column\">\n\t\t\t<div class=\"elementor-widget-wrap elementor-element-populated\">\n\t\t\t\t\t\t<div class=\"elementor-element elementor-element-fa4874a wd-width-100 elementor-widget elementor-widget-wd_title\" data-id=\"fa4874a\" data-element_type=\"widget\" data-e-type=\"widget\" data-widget_type=\"wd_title.default\">\n\t\t\t\t<div class=\"elementor-widget-container\">\n\t\t\t\t\t\t\t<div class=\"title-wrapper wd-set-mb reset-last-child wd-title-color-primary wd-title-style-default wd-title-size-medium text-left\">\n\n\t\t\t\n\t\t\t<div class=\"liner-continer\">\n\t\t\t\t<h3 class=\"woodmart-title-container title wd-fontsize-xl\">Preguntas y Respuestas sobre Generador El\u00e9ctrico Port\u00e1til con Bater\u00edas de Litio<\/h3> \n\t\t\t\t\t\t\t<\/div>\n\n\t\t\t\t\t<\/div>\n\t\t\t\t\t\t<\/div>\n\t\t\t\t<\/div>\n\t\t\t\t\t<\/div>\n\t\t<\/div>\n\t\t\t\t\t<\/div>\n\t\t<\/section>\n\t\t\t\t<section class=\"wd-negative-gap elementor-section elementor-top-section elementor-element elementor-element-909ede1 elementor-section-boxed elementor-section-height-default elementor-section-height-default\" data-id=\"909ede1\" data-element_type=\"section\" data-e-type=\"section\">\n\t\t\t\t\t\t<div class=\"elementor-container elementor-column-gap-default\">\n\t\t\t\t\t<div class=\"elementor-column elementor-col-100 elementor-top-column elementor-element elementor-element-3d65939\" data-id=\"3d65939\" data-element_type=\"column\" data-e-type=\"column\">\n\t\t\t<div class=\"elementor-widget-wrap elementor-element-populated\">\n\t\t\t\t\t\t<div class=\"elementor-element elementor-element-8acb644 elementor-widget elementor-widget-accordion\" data-id=\"8acb644\" data-element_type=\"widget\" data-e-type=\"widget\" data-widget_type=\"accordion.default\">\n\t\t\t\t\t\t\t<div class=\"elementor-accordion\">\n\t\t\t\t\t\t\t<div class=\"elementor-accordion-item\">\n\t\t\t\t\t<h4 id=\"elementor-tab-title-1451\" class=\"elementor-tab-title\" data-tab=\"1\" role=\"button\" aria-controls=\"elementor-tab-content-1451\" aria-expanded=\"false\">\n\t\t\t\t\t\t\t\t\t\t\t\t\t<span class=\"elementor-accordion-icon elementor-accordion-icon-left\" aria-hidden=\"true\">\n\t\t\t\t\t\t\t\t\t\t\t\t\t\t\t<span class=\"elementor-accordion-icon-closed\"><svg class=\"e-font-icon-svg e-fas-angle-down\" viewBox=\"0 0 320 512\" xmlns=\"http:\/\/www.w3.org\/2000\/svg\"><path d=\"M143 352.3L7 216.3c-9.4-9.4-9.4-24.6 0-33.9l22.6-22.6c9.4-9.4 24.6-9.4 33.9 0l96.4 96.4 96.4-96.4c9.4-9.4 24.6-9.4 33.9 0l22.6 22.6c9.4 9.4 9.4 24.6 0 33.9l-136 136c-9.2 9.4-24.4 9.4-33.8 0z\"><\/path><\/svg><\/span>\n\t\t\t\t\t\t\t\t<span class=\"elementor-accordion-icon-opened\"><svg class=\"e-font-icon-svg e-fas-angle-up\" viewBox=\"0 0 320 512\" xmlns=\"http:\/\/www.w3.org\/2000\/svg\"><path d=\"M177 159.7l136 136c9.4 9.4 9.4 24.6 0 33.9l-22.6 22.6c-9.4 9.4-24.6 9.4-33.9 0L160 255.9l-96.4 96.4c-9.4 9.4-24.6 9.4-33.9 0L7 329.7c-9.4-9.4-9.4-24.6 0-33.9l136-136c9.4-9.5 24.6-9.5 34-.1z\"><\/path><\/svg><\/span>\n\t\t\t\t\t\t\t\t\t\t\t\t\t\t<\/span>\n\t\t\t\t\t\t\t\t\t\t\t\t<a class=\"elementor-accordion-title\" tabindex=\"0\">\u00bfQu\u00e9 es un generador port\u00e1til con bater\u00edas de litio y en qu\u00e9 se diferencia de un generador tradicional?<\/a>\n\t\t\t\t\t<\/h4>\n\t\t\t\t\t<div id=\"elementor-tab-content-1451\" class=\"elementor-tab-content elementor-clearfix\" data-tab=\"1\" role=\"region\" aria-labelledby=\"elementor-tab-title-1451\"><p data-start=\"2072\" data-end=\"2325\">Un <strong data-start=\"2937\" data-end=\"2981\">generador port\u00e1til con bater\u00edas de litio<\/strong> es un sistema compacto que <strong data-start=\"3009\" data-end=\"3029\">almacena energ\u00eda<\/strong>\u00a0para\u00a0 despu\u00e9s alimentar dispositivos el\u00e9ctricos sin necesidad de combustible. A diferencia de los generadores tradicionales que funcionan con di\u00e9sel o gasolina, estos generan la <strong data-start=\"3199\" data-end=\"3230\">energ\u00eda a trav\u00e9s de paneles solares y son silenciosos<\/strong>. Son ampliamente usados en camping, autocaravanas o en lugares donde no hay acceso a la red. Aparte de los paneles solares, tambi\u00e9n podemos cargar su bater\u00eda con la electricidad de la red cuando sea necesario.<\/p><\/div>\n\t\t\t\t<\/div>\n\t\t\t\t\t\t\t<div class=\"elementor-accordion-item\">\n\t\t\t\t\t<h4 id=\"elementor-tab-title-1452\" class=\"elementor-tab-title\" data-tab=\"2\" role=\"button\" aria-controls=\"elementor-tab-content-1452\" aria-expanded=\"false\">\n\t\t\t\t\t\t\t\t\t\t\t\t\t<span class=\"elementor-accordion-icon elementor-accordion-icon-left\" aria-hidden=\"true\">\n\t\t\t\t\t\t\t\t\t\t\t\t\t\t\t<span class=\"elementor-accordion-icon-closed\"><svg class=\"e-font-icon-svg e-fas-angle-down\" viewBox=\"0 0 320 512\" xmlns=\"http:\/\/www.w3.org\/2000\/svg\"><path d=\"M143 352.3L7 216.3c-9.4-9.4-9.4-24.6 0-33.9l22.6-22.6c9.4-9.4 24.6-9.4 33.9 0l96.4 96.4 96.4-96.4c9.4-9.4 24.6-9.4 33.9 0l22.6 22.6c9.4 9.4 9.4 24.6 0 33.9l-136 136c-9.2 9.4-24.4 9.4-33.8 0z\"><\/path><\/svg><\/span>\n\t\t\t\t\t\t\t\t<span class=\"elementor-accordion-icon-opened\"><svg class=\"e-font-icon-svg e-fas-angle-up\" viewBox=\"0 0 320 512\" xmlns=\"http:\/\/www.w3.org\/2000\/svg\"><path d=\"M177 159.7l136 136c9.4 9.4 9.4 24.6 0 33.9l-22.6 22.6c-9.4 9.4-24.6 9.4-33.9 0L160 255.9l-96.4 96.4c-9.4 9.4-24.6 9.4-33.9 0L7 329.7c-9.4-9.4-9.4-24.6 0-33.9l136-136c9.4-9.5 24.6-9.5 34-.1z\"><\/path><\/svg><\/span>\n\t\t\t\t\t\t\t\t\t\t\t\t\t\t<\/span>\n\t\t\t\t\t\t\t\t\t\t\t\t<a class=\"elementor-accordion-title\" tabindex=\"0\">\u00bfCu\u00e1les son las ventajas de un generador port\u00e1til con bater\u00edas de litio?<\/a>\n\t\t\t\t\t<\/h4>\n\t\t\t\t\t<div id=\"elementor-tab-content-1452\" class=\"elementor-tab-content elementor-clearfix\" data-tab=\"2\" role=\"region\" aria-labelledby=\"elementor-tab-title-1452\"><p data-start=\"3323\" data-end=\"3650\"><strong data-start=\"3326\" data-end=\"3353\">No necesita combustible<\/strong>: Ideal para emergencias o zonas sin acceso a electricidad.<\/p><p data-start=\"3323\" data-end=\"3650\"><strong data-start=\"3418\" data-end=\"3448\">Silencioso y sin emisiones<\/strong>: No genera ruido ni gases contaminantes.<\/p><p data-start=\"3323\" data-end=\"3650\"><strong data-start=\"3495\" data-end=\"3529\">Compatible con paneles solares<\/strong>: Se puede recargar con energ\u00eda solar.<\/p><p data-start=\"3323\" data-end=\"3650\"><strong data-start=\"3573\" data-end=\"3592\">Larga vida \u00fatil<\/strong>: Las bater\u00edas LiFePO4 pueden durar m\u00e1s de 6.000 ciclos y son capaces de entregar una corriente muy alta para las demandas en pico.<\/p><\/div>\n\t\t\t\t<\/div>\n\t\t\t\t\t\t\t\t\t\t<script type=\"application\/ld+json\">{\"@context\":\"https:\\\/\\\/schema.org\",\"@type\":\"FAQPage\",\"mainEntity\":[{\"@type\":\"Question\",\"name\":\"\\u00bfQu\\u00e9 es un generador port\\u00e1til con bater\\u00edas de litio y en qu\\u00e9 se diferencia de un generador tradicional?\",\"acceptedAnswer\":{\"@type\":\"Answer\",\"text\":\"<p data-start=\\\"2072\\\" data-end=\\\"2325\\\">Un <strong data-start=\\\"2937\\\" data-end=\\\"2981\\\">generador port\\u00e1til con bater\\u00edas de litio<\\\/strong> es un sistema compacto que <strong data-start=\\\"3009\\\" data-end=\\\"3029\\\">almacena energ\\u00eda<\\\/strong>\\u00a0para\\u00a0 despu\\u00e9s alimentar dispositivos el\\u00e9ctricos sin necesidad de combustible. A diferencia de los generadores tradicionales que funcionan con di\\u00e9sel o gasolina, estos generan la <strong data-start=\\\"3199\\\" data-end=\\\"3230\\\">energ\\u00eda a trav\\u00e9s de paneles solares y son silenciosos<\\\/strong>. Son ampliamente usados en camping, autocaravanas o en lugares donde no hay acceso a la red. Aparte de los paneles solares, tambi\\u00e9n podemos cargar su bater\\u00eda con la electricidad de la red cuando sea necesario.<\\\/p>\"}},{\"@type\":\"Question\",\"name\":\"\\u00bfCu\\u00e1les son las ventajas de un generador port\\u00e1til con bater\\u00edas de litio?\",\"acceptedAnswer\":{\"@type\":\"Answer\",\"text\":\"<p data-start=\\\"3323\\\" data-end=\\\"3650\\\"><strong data-start=\\\"3326\\\" data-end=\\\"3353\\\">No necesita combustible<\\\/strong>: Ideal para emergencias o zonas sin acceso a electricidad.<\\\/p><p data-start=\\\"3323\\\" data-end=\\\"3650\\\"><strong data-start=\\\"3418\\\" data-end=\\\"3448\\\">Silencioso y sin emisiones<\\\/strong>: No genera ruido ni gases contaminantes.<\\\/p><p data-start=\\\"3323\\\" data-end=\\\"3650\\\"><strong data-start=\\\"3495\\\" data-end=\\\"3529\\\">Compatible con paneles solares<\\\/strong>: Se puede recargar con energ\\u00eda solar.<\\\/p><p data-start=\\\"3323\\\" data-end=\\\"3650\\\"><strong data-start=\\\"3573\\\" data-end=\\\"3592\\\">Larga vida \\u00fatil<\\\/strong>: Las bater\\u00edas LiFePO4 pueden durar m\\u00e1s de 6.000 ciclos y son capaces de entregar una corriente muy alta para las demandas en pico.<\\\/p>\"}}]}<\/script>\n\t\t\t\t\t<\/div>\n\t\t\t\t\t\t<\/div>\n\t\t\t\t\t<\/div>\n\t\t<\/div>\n\t\t\t\t\t<\/div>\n\t\t<\/section>\n\t\t\t\t<\/div>\n\t\t","protected":false},"excerpt":{"rendered":"<p>Volver Preguntas y Respuestas sobre Generador El\u00e9ctrico Port\u00e1til con Bater\u00edas de Litio \u00bfQu\u00e9 es un generador port\u00e1til con bater\u00edas de<\/p>\n","protected":false},"author":4029,"featured_media":0,"parent":37687,"menu_order":0,"comment_status":"closed","ping_status":"closed","template":"","meta":{"_relevanssi_hide_post":"","_relevanssi_hide_content":"","_relevanssi_pin_for_all":"","_relevanssi_pin_keywords":"","_relevanssi_unpin_keywords":"","_relevanssi_related_keywords":"","_relevanssi_related_include_ids":"","_relevanssi_related_exclude_ids":"","_relevanssi_related_no_append":"","_relevanssi_related_not_related":"","_relevanssi_related_posts":"","_relevanssi_noindex_reason":"","inline_featured_image":false,"footnotes":""},"class_list":["post-39162","page","type-page","status-publish","hentry"],"amp_enabled":true,"_links":{"self":[{"href":"https:\/\/enertik.com\/ar\/wp-json\/wp\/v2\/pages\/39162","targetHints":{"allow":["GET"]}}],"collection":[{"href":"https:\/\/enertik.com\/ar\/wp-json\/wp\/v2\/pages"}],"about":[{"href":"https:\/\/enertik.com\/ar\/wp-json\/wp\/v2\/types\/page"}],"author":[{"embeddable":true,"href":"https:\/\/enertik.com\/ar\/wp-json\/wp\/v2\/users\/4029"}],"replies":[{"embeddable":true,"href":"https:\/\/enertik.com\/ar\/wp-json\/wp\/v2\/comments?post=39162"}],"version-history":[{"count":0,"href":"https:\/\/enertik.com\/ar\/wp-json\/wp\/v2\/pages\/39162\/revisions"}],"up":[{"embeddable":true,"href":"https:\/\/enertik.com\/ar\/wp-json\/wp\/v2\/pages\/37687"}],"wp:attachment":[{"href":"https:\/\/enertik.com\/ar\/wp-json\/wp\/v2\/media?parent=39162"}],"curies":[{"name":"wp","href":"https:\/\/api.w.org\/{rel}","templated":true}]}}