{"id":39161,"date":"2025-04-21T07:22:48","date_gmt":"2025-04-21T10:22:48","guid":{"rendered":"https:\/\/enertik.com\/ar\/?page_id=39161"},"modified":"2025-04-21T07:27:15","modified_gmt":"2025-04-21T10:27:15","slug":"faq-variadores-de-frecuencia-vfd-de-corriente-alterna","status":"publish","type":"page","link":"https:\/\/enertik.com\/ar\/faq\/variadores-de-frecuencia-vfd-de-corriente-alterna\/","title":{"rendered":"FAQ &#8211; Variadores de Frecuencia (VFD) de Corriente Alterna"},"content":{"rendered":"\t\t<div data-elementor-type=\"wp-page\" data-elementor-id=\"39161\" class=\"elementor elementor-39161\" data-elementor-post-type=\"page\">\n\t\t\t\t\t\t<section class=\"wd-negative-gap elementor-section elementor-top-section elementor-element elementor-element-e25c568 elementor-section-boxed elementor-section-height-default elementor-section-height-default\" data-id=\"e25c568\" data-element_type=\"section\" data-e-type=\"section\">\n\t\t\t\t\t\t<div class=\"elementor-container elementor-column-gap-default\">\n\t\t\t\t\t<div class=\"elementor-column elementor-col-100 elementor-top-column elementor-element elementor-element-4580b59\" data-id=\"4580b59\" data-element_type=\"column\" data-e-type=\"column\">\n\t\t\t<div class=\"elementor-widget-wrap elementor-element-populated\">\n\t\t\t\t\t\t<div class=\"elementor-element elementor-element-12f32b6 elementor-widget elementor-widget-button\" data-id=\"12f32b6\" data-element_type=\"widget\" data-e-type=\"widget\" id=\"go-back-button\" data-widget_type=\"button.default\">\n\t\t\t\t\t\t\t\t\t\t<a class=\"elementor-button elementor-button-link elementor-size-sm\" href=\"#\">\n\t\t\t\t\t\t<span class=\"elementor-button-content-wrapper\">\n\t\t\t\t\t\t<span class=\"elementor-button-icon\">\n\t\t\t\t<svg aria-hidden=\"true\" class=\"e-font-icon-svg e-fas-long-arrow-alt-left\" viewBox=\"0 0 448 512\" xmlns=\"http:\/\/www.w3.org\/2000\/svg\"><path d=\"M134.059 296H436c6.627 0 12-5.373 12-12v-56c0-6.627-5.373-12-12-12H134.059v-46.059c0-21.382-25.851-32.09-40.971-16.971L7.029 239.029c-9.373 9.373-9.373 24.569 0 33.941l86.059 86.059c15.119 15.119 40.971 4.411 40.971-16.971V296z\"><\/path><\/svg>\t\t\t<\/span>\n\t\t\t\t\t\t\t\t\t<span class=\"elementor-button-text\">Volver<\/span>\n\t\t\t\t\t<\/span>\n\t\t\t\t\t<\/a>\n\t\t\t\t\t\t\t\t<\/div>\n\t\t\t\t<div class=\"elementor-element elementor-element-24df86e elementor-widget elementor-widget-html\" data-id=\"24df86e\" data-element_type=\"widget\" data-e-type=\"widget\" data-widget_type=\"html.default\">\n\t\t\t\t\t<script type=\"text\/javascript\">\njQuery(document).ready(function() { jQuery('#go-back-button').on('click', function() {\nwindow.history.go(-1);\nreturn false; });\n}); <\/script>\t\t\t\t<\/div>\n\t\t\t\t\t<\/div>\n\t\t<\/div>\n\t\t\t\t\t<\/div>\n\t\t<\/section>\n\t\t\t\t<section class=\"wd-negative-gap elementor-section elementor-top-section elementor-element elementor-element-376e76f elementor-section-boxed elementor-section-height-default elementor-section-height-default\" data-id=\"376e76f\" data-element_type=\"section\" data-e-type=\"section\">\n\t\t\t\t\t\t<div class=\"elementor-container elementor-column-gap-default\">\n\t\t\t\t\t<div class=\"elementor-column elementor-col-100 elementor-top-column elementor-element elementor-element-88b49b5\" data-id=\"88b49b5\" data-element_type=\"column\" data-e-type=\"column\">\n\t\t\t<div class=\"elementor-widget-wrap elementor-element-populated\">\n\t\t\t\t\t\t<div class=\"elementor-element elementor-element-6c75a7a wd-width-100 elementor-widget elementor-widget-wd_title\" data-id=\"6c75a7a\" data-element_type=\"widget\" data-e-type=\"widget\" data-widget_type=\"wd_title.default\">\n\t\t\t\t<div class=\"elementor-widget-container\">\n\t\t\t\t\t\t\t<div class=\"title-wrapper wd-set-mb reset-last-child wd-title-color-primary wd-title-style-default wd-title-size-medium text-left\">\n\n\t\t\t\n\t\t\t<div class=\"liner-continer\">\n\t\t\t\t<h3 class=\"woodmart-title-container title wd-fontsize-xl\">Preguntas y Respuestas sobre Variadores de Frecuencia (VFD) de Corriente Alterna<\/h3> \n\t\t\t\t\t\t\t<\/div>\n\n\t\t\t\t\t<\/div>\n\t\t\t\t\t\t<\/div>\n\t\t\t\t<\/div>\n\t\t\t\t\t<\/div>\n\t\t<\/div>\n\t\t\t\t\t<\/div>\n\t\t<\/section>\n\t\t\t\t<section class=\"wd-negative-gap elementor-section elementor-top-section elementor-element elementor-element-2b9ae82 elementor-section-boxed elementor-section-height-default elementor-section-height-default\" data-id=\"2b9ae82\" data-element_type=\"section\" data-e-type=\"section\">\n\t\t\t\t\t\t<div class=\"elementor-container elementor-column-gap-default\">\n\t\t\t\t\t<div class=\"elementor-column elementor-col-100 elementor-top-column elementor-element elementor-element-fac2050\" data-id=\"fac2050\" data-element_type=\"column\" data-e-type=\"column\">\n\t\t\t<div class=\"elementor-widget-wrap elementor-element-populated\">\n\t\t\t\t\t\t<div class=\"elementor-element elementor-element-0e07ebb elementor-widget elementor-widget-accordion\" data-id=\"0e07ebb\" data-element_type=\"widget\" data-e-type=\"widget\" data-widget_type=\"accordion.default\">\n\t\t\t\t\t\t\t<div class=\"elementor-accordion\">\n\t\t\t\t\t\t\t<div class=\"elementor-accordion-item\">\n\t\t\t\t\t<h4 id=\"elementor-tab-title-1471\" class=\"elementor-tab-title\" data-tab=\"1\" role=\"button\" aria-controls=\"elementor-tab-content-1471\" aria-expanded=\"false\">\n\t\t\t\t\t\t\t\t\t\t\t\t\t<span class=\"elementor-accordion-icon elementor-accordion-icon-left\" aria-hidden=\"true\">\n\t\t\t\t\t\t\t\t\t\t\t\t\t\t\t<span class=\"elementor-accordion-icon-closed\"><svg class=\"e-font-icon-svg e-fas-angle-down\" viewBox=\"0 0 320 512\" xmlns=\"http:\/\/www.w3.org\/2000\/svg\"><path d=\"M143 352.3L7 216.3c-9.4-9.4-9.4-24.6 0-33.9l22.6-22.6c9.4-9.4 24.6-9.4 33.9 0l96.4 96.4 96.4-96.4c9.4-9.4 24.6-9.4 33.9 0l22.6 22.6c9.4 9.4 9.4 24.6 0 33.9l-136 136c-9.2 9.4-24.4 9.4-33.8 0z\"><\/path><\/svg><\/span>\n\t\t\t\t\t\t\t\t<span class=\"elementor-accordion-icon-opened\"><svg class=\"e-font-icon-svg e-fas-angle-up\" viewBox=\"0 0 320 512\" xmlns=\"http:\/\/www.w3.org\/2000\/svg\"><path d=\"M177 159.7l136 136c9.4 9.4 9.4 24.6 0 33.9l-22.6 22.6c-9.4 9.4-24.6 9.4-33.9 0L160 255.9l-96.4 96.4c-9.4 9.4-24.6 9.4-33.9 0L7 329.7c-9.4-9.4-9.4-24.6 0-33.9l136-136c9.4-9.5 24.6-9.5 34-.1z\"><\/path><\/svg><\/span>\n\t\t\t\t\t\t\t\t\t\t\t\t\t\t<\/span>\n\t\t\t\t\t\t\t\t\t\t\t\t<a class=\"elementor-accordion-title\" tabindex=\"0\">\u00bfQu\u00e9 es un variador de frecuencia (VFD) y para qu\u00e9 se utiliza?<\/a>\n\t\t\t\t\t<\/h4>\n\t\t\t\t\t<div id=\"elementor-tab-content-1471\" class=\"elementor-tab-content elementor-clearfix\" data-tab=\"1\" role=\"region\" aria-labelledby=\"elementor-tab-title-1471\"><p data-start=\"2072\" data-end=\"2325\">Un <strong data-start=\"2075\" data-end=\"2107\">variador de frecuencia (VFD)<\/strong> es un dispositivo que controla la velocidad de un motor el\u00e9ctrico ajustando la frecuencia de la corriente alterna. Se utiliza principalmente en <strong data-start=\"2237\" data-end=\"2284\">bombas de agua y motores industriales<\/strong> para controlar la potencia de salida y la velocidad del motor de forma precisa. Adem\u00e1s, permite programar el comportamiento del motor, ayuda a mejorar la eficiencia energ\u00e9tica y alarga la vida \u00fatil del motor.<\/p><\/div>\n\t\t\t\t<\/div>\n\t\t\t\t\t\t\t<div class=\"elementor-accordion-item\">\n\t\t\t\t\t<h4 id=\"elementor-tab-title-1472\" class=\"elementor-tab-title\" data-tab=\"2\" role=\"button\" aria-controls=\"elementor-tab-content-1472\" aria-expanded=\"false\">\n\t\t\t\t\t\t\t\t\t\t\t\t\t<span class=\"elementor-accordion-icon elementor-accordion-icon-left\" aria-hidden=\"true\">\n\t\t\t\t\t\t\t\t\t\t\t\t\t\t\t<span class=\"elementor-accordion-icon-closed\"><svg class=\"e-font-icon-svg e-fas-angle-down\" viewBox=\"0 0 320 512\" xmlns=\"http:\/\/www.w3.org\/2000\/svg\"><path d=\"M143 352.3L7 216.3c-9.4-9.4-9.4-24.6 0-33.9l22.6-22.6c9.4-9.4 24.6-9.4 33.9 0l96.4 96.4 96.4-96.4c9.4-9.4 24.6-9.4 33.9 0l22.6 22.6c9.4 9.4 9.4 24.6 0 33.9l-136 136c-9.2 9.4-24.4 9.4-33.8 0z\"><\/path><\/svg><\/span>\n\t\t\t\t\t\t\t\t<span class=\"elementor-accordion-icon-opened\"><svg class=\"e-font-icon-svg e-fas-angle-up\" viewBox=\"0 0 320 512\" xmlns=\"http:\/\/www.w3.org\/2000\/svg\"><path d=\"M177 159.7l136 136c9.4 9.4 9.4 24.6 0 33.9l-22.6 22.6c-9.4 9.4-24.6 9.4-33.9 0L160 255.9l-96.4 96.4c-9.4 9.4-24.6 9.4-33.9 0L7 329.7c-9.4-9.4-9.4-24.6 0-33.9l136-136c9.4-9.5 24.6-9.5 34-.1z\"><\/path><\/svg><\/span>\n\t\t\t\t\t\t\t\t\t\t\t\t\t\t<\/span>\n\t\t\t\t\t\t\t\t\t\t\t\t<a class=\"elementor-accordion-title\" tabindex=\"0\">\u00bfCu\u00e1les son las ventajas de usar un VFD para controlar el motor?<\/a>\n\t\t\t\t\t<\/h4>\n\t\t\t\t\t<div id=\"elementor-tab-content-1472\" class=\"elementor-tab-content elementor-clearfix\" data-tab=\"2\" role=\"region\" aria-labelledby=\"elementor-tab-title-1472\"><ul><li data-start=\"2406\" data-end=\"2746\"><strong data-start=\"2409\" data-end=\"2430\">Ahorro de energ\u00eda<\/strong>: Permite reducir el consumo el\u00e9ctrico hasta un <strong data-start=\"2478\" data-end=\"2485\">30%<\/strong>.<\/li><li data-start=\"2406\" data-end=\"2746\"><strong data-start=\"2492\" data-end=\"2510\">Arranque suave<\/strong>: Evita picos de corriente que pueden da\u00f1ar el motor.<\/li><li data-start=\"2406\" data-end=\"2746\"><strong data-start=\"2569\" data-end=\"2598\">Mayor vida \u00fatil del motor<\/strong>: Al reducir el estr\u00e9s mec\u00e1nico.<\/li><li data-start=\"2406\" data-end=\"2746\"><strong data-start=\"2636\" data-end=\"2674\">Funcionamiento con paneles solares<\/strong>: Permite conectar bombas de CA a sistemas fotovoltaicos sin bater\u00edas.<\/li><\/ul><\/div>\n\t\t\t\t<\/div>\n\t\t\t\t\t\t\t\t\t\t<script type=\"application\/ld+json\">{\"@context\":\"https:\\\/\\\/schema.org\",\"@type\":\"FAQPage\",\"mainEntity\":[{\"@type\":\"Question\",\"name\":\"\\u00bfQu\\u00e9 es un variador de frecuencia (VFD) y para qu\\u00e9 se utiliza?\",\"acceptedAnswer\":{\"@type\":\"Answer\",\"text\":\"<p data-start=\\\"2072\\\" data-end=\\\"2325\\\">Un <strong data-start=\\\"2075\\\" data-end=\\\"2107\\\">variador de frecuencia (VFD)<\\\/strong> es un dispositivo que controla la velocidad de un motor el\\u00e9ctrico ajustando la frecuencia de la corriente alterna. Se utiliza principalmente en <strong data-start=\\\"2237\\\" data-end=\\\"2284\\\">bombas de agua y motores industriales<\\\/strong> para controlar la potencia de salida y la velocidad del motor de forma precisa. Adem\\u00e1s, permite programar el comportamiento del motor, ayuda a mejorar la eficiencia energ\\u00e9tica y alarga la vida \\u00fatil del motor.<\\\/p>\"}},{\"@type\":\"Question\",\"name\":\"\\u00bfCu\\u00e1les son las ventajas de usar un VFD para controlar el motor?\",\"acceptedAnswer\":{\"@type\":\"Answer\",\"text\":\"<ul><li data-start=\\\"2406\\\" data-end=\\\"2746\\\"><strong data-start=\\\"2409\\\" data-end=\\\"2430\\\">Ahorro de energ\\u00eda<\\\/strong>: Permite reducir el consumo el\\u00e9ctrico hasta un <strong data-start=\\\"2478\\\" data-end=\\\"2485\\\">30%<\\\/strong>.<\\\/li><li data-start=\\\"2406\\\" data-end=\\\"2746\\\"><strong data-start=\\\"2492\\\" data-end=\\\"2510\\\">Arranque suave<\\\/strong>: Evita picos de corriente que pueden da\\u00f1ar el motor.<\\\/li><li data-start=\\\"2406\\\" data-end=\\\"2746\\\"><strong data-start=\\\"2569\\\" data-end=\\\"2598\\\">Mayor vida \\u00fatil del motor<\\\/strong>: Al reducir el estr\\u00e9s mec\\u00e1nico.<\\\/li><li data-start=\\\"2406\\\" data-end=\\\"2746\\\"><strong data-start=\\\"2636\\\" data-end=\\\"2674\\\">Funcionamiento con paneles solares<\\\/strong>: Permite conectar bombas de CA a sistemas fotovoltaicos sin bater\\u00edas.<\\\/li><\\\/ul>\"}}]}<\/script>\n\t\t\t\t\t<\/div>\n\t\t\t\t\t\t<\/div>\n\t\t\t\t\t<\/div>\n\t\t<\/div>\n\t\t\t\t\t<\/div>\n\t\t<\/section>\n\t\t\t\t<\/div>\n\t\t","protected":false},"excerpt":{"rendered":"<p>Volver Preguntas y Respuestas sobre Variadores de Frecuencia (VFD) de Corriente Alterna \u00bfQu\u00e9 es un variador de frecuencia (VFD) y<\/p>\n","protected":false},"author":4029,"featured_media":0,"parent":37687,"menu_order":0,"comment_status":"closed","ping_status":"closed","template":"","meta":{"_relevanssi_hide_post":"","_relevanssi_hide_content":"","_relevanssi_pin_for_all":"","_relevanssi_pin_keywords":"","_relevanssi_unpin_keywords":"","_relevanssi_related_keywords":"","_relevanssi_related_include_ids":"","_relevanssi_related_exclude_ids":"","_relevanssi_related_no_append":"","_relevanssi_related_not_related":"","_relevanssi_related_posts":"","_relevanssi_noindex_reason":"","inline_featured_image":false,"footnotes":""},"class_list":["post-39161","page","type-page","status-publish","hentry"],"amp_enabled":true,"_links":{"self":[{"href":"https:\/\/enertik.com\/ar\/wp-json\/wp\/v2\/pages\/39161","targetHints":{"allow":["GET"]}}],"collection":[{"href":"https:\/\/enertik.com\/ar\/wp-json\/wp\/v2\/pages"}],"about":[{"href":"https:\/\/enertik.com\/ar\/wp-json\/wp\/v2\/types\/page"}],"author":[{"embeddable":true,"href":"https:\/\/enertik.com\/ar\/wp-json\/wp\/v2\/users\/4029"}],"replies":[{"embeddable":true,"href":"https:\/\/enertik.com\/ar\/wp-json\/wp\/v2\/comments?post=39161"}],"version-history":[{"count":0,"href":"https:\/\/enertik.com\/ar\/wp-json\/wp\/v2\/pages\/39161\/revisions"}],"up":[{"embeddable":true,"href":"https:\/\/enertik.com\/ar\/wp-json\/wp\/v2\/pages\/37687"}],"wp:attachment":[{"href":"https:\/\/enertik.com\/ar\/wp-json\/wp\/v2\/media?parent=39161"}],"curies":[{"name":"wp","href":"https:\/\/api.w.org\/{rel}","templated":true}]}}