{"id":37687,"date":"2025-03-18T04:18:46","date_gmt":"2025-03-18T07:18:46","guid":{"rendered":"https:\/\/enertik.com\/ar\/?page_id=37687"},"modified":"2025-04-21T07:38:55","modified_gmt":"2025-04-21T10:38:55","slug":"faq","status":"publish","type":"page","link":"https:\/\/enertik.com\/ar\/faq\/","title":{"rendered":"FAQ"},"content":{"rendered":"\t\t<div data-elementor-type=\"wp-page\" data-elementor-id=\"37687\" class=\"elementor elementor-37687\" data-elementor-post-type=\"page\">\n\t\t\t\t\t\t<section class=\"wd-negative-gap elementor-section elementor-top-section elementor-element elementor-element-5fad034 elementor-section-content-middle wd-section-stretch elementor-section-boxed elementor-section-height-default elementor-section-height-default\" data-id=\"5fad034\" data-element_type=\"section\" data-e-type=\"section\" data-settings=\"{&quot;background_background&quot;:&quot;classic&quot;}\">\n\t\t\t\t\t\t<div class=\"elementor-container elementor-column-gap-extended\">\n\t\t\t\t\t<div class=\"elementor-column elementor-col-100 elementor-top-column elementor-element elementor-element-6fb87df\" data-id=\"6fb87df\" data-element_type=\"column\" data-e-type=\"column\">\n\t\t\t<div class=\"elementor-widget-wrap elementor-element-populated\">\n\t\t\t\t\t\t<div class=\"elementor-element elementor-element-8e23e97 wd-width-100 elementor-widget elementor-widget-wd_title\" data-id=\"8e23e97\" data-element_type=\"widget\" data-e-type=\"widget\" data-widget_type=\"wd_title.default\">\n\t\t\t\t<div class=\"elementor-widget-container\">\n\t\t\t\t\t\t\t<div class=\"title-wrapper wd-set-mb reset-last-child wd-title-color-primary wd-title-style-default wd-title-size-medium text-left\">\n\n\t\t\t\t\t\t\t\t\t\t\t<div class=\"title-subtitle subtitle-color-primary subtitle-style-default wd-fontsize-xs\">\n\t\t\t\t\tFAQ\t\t\t\t<\/div>\n\t\t\t\n\t\t\t<div class=\"liner-continer\">\n\t\t\t\t<h4 class=\"woodmart-title-container title wd-fontsize-xl\">Preguntas Frecuentes: Soluciones y Componentes para Energ\u00eda Solar<\/h4> \n\t\t\t\t\t\t\t<\/div>\n\n\t\t\t\t\t<\/div>\n\t\t\t\t\t\t<\/div>\n\t\t\t\t<\/div>\n\t\t\t\t\t<\/div>\n\t\t<\/div>\n\t\t\t\t\t<\/div>\n\t\t<\/section>\n\t\t\t\t<section class=\"wd-negative-gap elementor-section elementor-top-section elementor-element elementor-element-6898741 elementor-section-boxed elementor-section-height-default elementor-section-height-default\" data-id=\"6898741\" data-element_type=\"section\" data-e-type=\"section\">\n\t\t\t\t\t\t<div class=\"elementor-container elementor-column-gap-default\">\n\t\t\t\t\t<div class=\"elementor-column elementor-col-100 elementor-top-column elementor-element elementor-element-005d190\" data-id=\"005d190\" data-element_type=\"column\" data-e-type=\"column\">\n\t\t\t<div class=\"elementor-widget-wrap elementor-element-populated\">\n\t\t\t\t\t\t<div class=\"elementor-element elementor-element-089566c wd-width-100 elementor-widget elementor-widget-wd_title\" data-id=\"089566c\" data-element_type=\"widget\" data-e-type=\"widget\" data-widget_type=\"wd_title.default\">\n\t\t\t\t<div class=\"elementor-widget-container\">\n\t\t\t\t\t\t\t<div class=\"title-wrapper wd-set-mb reset-last-child wd-title-color-primary wd-title-style-default wd-title-size-medium text-center\">\n\n\t\t\t\n\t\t\t<div class=\"liner-continer\">\n\t\t\t\t<h4 class=\"woodmart-title-container title wd-fontsize-xl\">Introducci\u00f3n<\/h4> \n\t\t\t\t\t\t\t<\/div>\n\n\t\t\t\t\t<\/div>\n\t\t\t\t\t\t<\/div>\n\t\t\t\t<\/div>\n\t\t\t\t\t<\/div>\n\t\t<\/div>\n\t\t\t\t\t<\/div>\n\t\t<\/section>\n\t\t\t\t<section class=\"wd-negative-gap elementor-section elementor-top-section elementor-element elementor-element-023ad65 elementor-section-boxed elementor-section-height-default elementor-section-height-default\" data-id=\"023ad65\" data-element_type=\"section\" data-e-type=\"section\">\n\t\t\t\t\t\t<div class=\"elementor-container elementor-column-gap-default\">\n\t\t\t\t\t<div class=\"elementor-column elementor-col-100 elementor-top-column elementor-element elementor-element-324fb22\" data-id=\"324fb22\" data-element_type=\"column\" data-e-type=\"column\">\n\t\t\t<div class=\"elementor-widget-wrap elementor-element-populated\">\n\t\t\t\t\t\t<div class=\"elementor-element elementor-element-9db34b5 elementor-widget elementor-widget-wd_text_block\" data-id=\"9db34b5\" data-element_type=\"widget\" data-e-type=\"widget\" data-widget_type=\"wd_text_block.default\">\n\t\t\t\t<div class=\"elementor-widget-container\">\n\t\t\t\t\t\t\t<div class=\"wd-text-block reset-last-child text-left\">\n\t\t\t\n\t\t\t<div class=\"flex max-w-full flex-col flex-grow\"><div class=\"min-h-8 text-message relative flex w-full flex-col items-end gap-2 whitespace-normal break-words text-start [.text-message+&amp;]:mt-5\" dir=\"auto\" data-message-author-role=\"assistant\" data-message-id=\"16e54230-4cda-45bd-83e0-6830255e9447\" data-message-model-slug=\"gpt-4o\"><div class=\"flex w-full flex-col gap-1 empty:hidden first:pt-[3px]\"><div class=\"markdown prose w-full break-words dark:prose-invert dark\"><p data-pm-slice=\"1 1 []\"><span style=\"color: #000000;\">En esta secci\u00f3n abordamos las preguntas m\u00e1s frecuentes (FAQ) sobre los distintos sistemas de energ\u00eda solar y sus componentes, incluyendo paneles solares, inversores, bater\u00edas, soportes, productos de sistemas t\u00e9rmicos (e.g. calentadores de agua solares, colectores solares y bombas de calor), productos de sistemas de bombeo solar (e.g. variadores de frecuencia solares y bombas sumergibles solares), equipos de conexi\u00f3n y protecci\u00f3n (e.g. cables solares, disyuntores)., etc, y otros productos relacionados.<\/span><\/p><p data-pm-slice=\"1 1 []\"><span style=\"color: #000000;\">Nuestro objetivo es ayudarte a comprender mejor cada tecnolog\u00eda, despejar las dudas y tomar decisiones informadas.<\/span><\/p><\/div><\/div><\/div><\/div>\n\t\t\t\t\t<\/div>\n\t\t\t\t\t\t<\/div>\n\t\t\t\t<\/div>\n\t\t\t\t\t<\/div>\n\t\t<\/div>\n\t\t\t\t\t<\/div>\n\t\t<\/section>\n\t\t\t\t<section class=\"wd-negative-gap elementor-section elementor-top-section elementor-element elementor-element-5d25a7a elementor-section-boxed elementor-section-height-default elementor-section-height-default\" data-id=\"5d25a7a\" data-element_type=\"section\" data-e-type=\"section\">\n\t\t\t\t\t\t<div class=\"elementor-container elementor-column-gap-default\">\n\t\t\t\t\t<div class=\"elementor-column elementor-col-100 elementor-top-column elementor-element elementor-element-75aa687\" data-id=\"75aa687\" data-element_type=\"column\" data-e-type=\"column\">\n\t\t\t<div class=\"elementor-widget-wrap elementor-element-populated\">\n\t\t\t\t\t\t<div class=\"elementor-element elementor-element-8515f75 elementor-widget-divider--separator-type-pattern elementor-widget-divider--no-spacing elementor-widget-divider--view-line elementor-widget elementor-widget-divider\" data-id=\"8515f75\" data-element_type=\"widget\" data-e-type=\"widget\" data-widget_type=\"divider.default\">\n\t\t\t\t\t\t\t<div class=\"elementor-divider\" style=\"--divider-pattern-url: url(&quot;data:image\/svg+xml,%3Csvg xmlns=&#039;http:\/\/www.w3.org\/2000\/svg&#039; preserveAspectRatio=&#039;xMidYMid meet&#039; overflow=&#039;visible&#039; height=&#039;100%&#039; viewBox=&#039;0 0 126 26&#039; fill=&#039;black&#039; stroke=&#039;none&#039;%3E%3Cpath d=&#039;M3,10.2c2.6,0,2.6,2,2.6,3.2S4.4,16.5,3,16.5s-3-1.4-3-3.2S0.4,10.2,3,10.2z M18.8,10.2c1.7,0,3.2,1.4,3.2,3.2s-1.4,3.2-3.2,3.2c-1.7,0-3.2-1.4-3.2-3.2S17,10.2,18.8,10.2z M34.6,10.2c1.5,0,2.6,1.4,2.6,3.2s-0.5,3.2-1.9,3.2c-1.5,0-3.4-1.4-3.4-3.2S33.1,10.2,34.6,10.2z M50.5,10.2c1.7,0,3.2,1.4,3.2,3.2s-1.4,3.2-3.2,3.2c-1.7,0-3.3-0.9-3.3-2.6S48.7,10.2,50.5,10.2z M66.2,10.2c1.5,0,3.4,1.4,3.4,3.2s-1.9,3.2-3.4,3.2c-1.5,0-2.6-0.4-2.6-2.1S64.8,10.2,66.2,10.2z M82.2,10.2c1.7,0.8,2.6,1.4,2.6,3.2s-0.1,3.2-1.6,3.2c-1.5,0-3.7-1.4-3.7-3.2S80.5,9.4,82.2,10.2zM98.6,10.2c1.5,0,2.6,0.4,2.6,2.1s-1.2,4.2-2.6,4.2c-1.5,0-3.7-0.4-3.7-2.1S97.1,10.2,98.6,10.2z M113.4,10.2c1.2,0,2.2,0.9,2.2,3.2s-0.1,3.2-1.3,3.2s-3.1-1.4-3.1-3.2S112.2,10.2,113.4,10.2z&#039;\/%3E%3C\/svg%3E&quot;);\">\n\t\t\t<span class=\"elementor-divider-separator\">\n\t\t\t\t\t\t<\/span>\n\t\t<\/div>\n\t\t\t\t\t\t<\/div>\n\t\t\t\t\t<\/div>\n\t\t<\/div>\n\t\t\t\t\t<\/div>\n\t\t<\/section>\n\t\t\t\t<section class=\"wd-negative-gap elementor-section elementor-top-section elementor-element elementor-element-c80f971 elementor-section-boxed elementor-section-height-default elementor-section-height-default\" data-id=\"c80f971\" data-element_type=\"section\" data-e-type=\"section\">\n\t\t\t\t\t\t<div class=\"elementor-container elementor-column-gap-default\">\n\t\t\t\t\t<div class=\"elementor-column elementor-col-100 elementor-top-column elementor-element elementor-element-5d7af4a\" data-id=\"5d7af4a\" data-element_type=\"column\" data-e-type=\"column\">\n\t\t\t<div class=\"elementor-widget-wrap elementor-element-populated\">\n\t\t\t\t\t\t<div class=\"elementor-element elementor-element-4da9d5b wd-width-100 elementor-widget elementor-widget-wd_title\" data-id=\"4da9d5b\" data-element_type=\"widget\" data-e-type=\"widget\" data-widget_type=\"wd_title.default\">\n\t\t\t\t<div class=\"elementor-widget-container\">\n\t\t\t\t\t\t\t<div class=\"title-wrapper wd-set-mb reset-last-child wd-title-color-primary wd-title-style-default wd-title-size-medium text-center\">\n\n\t\t\t\n\t\t\t<div class=\"liner-continer\">\n\t\t\t\t<h4 class=\"woodmart-title-container title wd-fontsize-xl\">Tabla de Contenido<\/h4> \n\t\t\t\t\t\t\t<\/div>\n\n\t\t\t\t\t<\/div>\n\t\t\t\t\t\t<\/div>\n\t\t\t\t<\/div>\n\t\t\t\t<div class=\"elementor-element elementor-element-6ac312f color-scheme-inherit text-left elementor-widget elementor-widget-text-editor\" data-id=\"6ac312f\" data-element_type=\"widget\" data-e-type=\"widget\" data-widget_type=\"text-editor.default\">\n\t\t\t\t\t\t\t\t\t<h2>ENERG\u00cdA SOLAR FOTOVOLTAICA\u200b<\/h2><ul><li><a href=\"\/ar\/faq\/energia-solar-fotovoltaica\"><span style=\"text-decoration: underline;\"><strong>Preguntas y Respuestas Generales sobre Energ\u00eda Solar Fotovoltaica<\/strong><\/span><\/a><\/li><li><a href=\"\/ar\/faq\/paneles-solares\"><span style=\"text-decoration: underline;\"><strong>Paneles Solares<\/strong><\/span><\/a><\/li><li><a href=\"\/ar\/faq\/reguladores-solares\"><span style=\"text-decoration: underline;\"><strong> Reguladores Solares<\/strong><\/span><\/a><\/li><li><a href=\"\/ar\/faq\/inversores-con-conexion-a-red\"><span style=\"text-decoration: underline;\"><strong>Inversores con Conexi\u00f3n a Red<\/strong><\/span><\/a><\/li><li><a href=\"\/ar\/faq\/soportes-sistemas-de-montaje-de-paneles-solares\"><span style=\"text-decoration: underline;\"><strong>Soportes (Sistemas de Montaje) de Paneles Solares<\/strong><\/span><\/a><\/li><li><a href=\"\/ar\/faq\/cables-fotovoltaicos\"><span style=\"text-decoration: underline;\"><strong>Cables Fotovoltaicos<\/strong><\/span><\/a><\/li><\/ul><h2>ENERG\u00cdA SOLAR T\u00c9RMICA<\/h2><ul><li><a href=\"\/ar\/faq\/termotanques-solares\"><span style=\"text-decoration: underline;\"><strong>Termotanques Solares<\/strong><\/span><\/a><\/li><\/ul><h2>BOMBEO SOLAR<\/h2><ul><li><a href=\"\/ar\/faq\/vfd-solares\"><span style=\"text-decoration: underline;\"><strong><span style=\"text-decoration: underline;\">VFD Solares<\/span><\/strong><\/span><\/a><\/li><li><a href=\"\/ar\/faq\/bombas-solares\"><span style=\"text-decoration: underline;\"><strong><span style=\"text-decoration: underline;\">Bombas Solares<\/span><\/strong><\/span><\/a><\/li><\/ul><h2>INVERSORES<\/h2><ul><li><a href=\"\/ar\/faq\/inversores\"><span style=\"text-decoration: underline;\"><strong><span style=\"text-decoration: underline;\">Preguntas y Respuestas Generales sobre Inversores<\/span><\/strong><\/span><\/a><\/li><li><a href=\"\/ar\/faq\/inversores-cargadores\"><span style=\"text-decoration: underline;\"><strong><span style=\"text-decoration: underline;\">Inversores-Cargadores<\/span><\/strong><\/span><\/a><\/li><\/ul><h2>BATER\u00cdAS Y SISTEMAS DE ALMACENAMIENTO<\/h2><ul><li><a href=\"\/ar\/faq\/baterias\"><span style=\"text-decoration: underline;\"><strong><span style=\"text-decoration: underline;\">Preguntas y Respuestas Generales sobre Bater\u00edas<\/span><\/strong><\/span><\/a><\/li><li><a href=\"\/ar\/faq\/baterias-agm\"><span style=\"text-decoration: underline;\"><strong><span style=\"text-decoration: underline;\">Bater\u00edas AGM<\/span><\/strong><\/span><\/a><\/li><li><a href=\"\/ar\/faq\/baterias-gel\"><span style=\"text-decoration: underline;\"><strong><span style=\"text-decoration: underline;\">Bater\u00edas GEL<\/span><\/strong><\/span><\/a><\/li><li><a href=\"\/ar\/faq\/baterias-de-opzv-tubulares-de-gel\"><span style=\"text-decoration: underline;\"><strong><span style=\"text-decoration: underline;\">Bater\u00edas de OPzV (Tubulares de Gel)<\/span><\/strong><\/span><\/a><\/li><li><a href=\"\/ar\/faq\/baterias-de-litio-lifepo4\"><span style=\"text-decoration: underline;\"><strong><span style=\"text-decoration: underline;\">Bater\u00edas de Litio (LiFePO4)<\/span><\/strong><\/span><\/a><\/li><li><a href=\"\/ar\/faq\/gabinetes-rack\/\"><span style=\"text-decoration: underline;\"><strong><span style=\"text-decoration: underline;\">Gabinetes Rack<\/span><\/strong><\/span><\/a><\/li><\/ul><h2>BOMBAS DE CALOR<\/h2><ul><li><a href=\"\/ar\/faq\/bombas-de-calor\"><span style=\"text-decoration: underline;\"><strong><span style=\"text-decoration: underline;\">Preguntas y Respuestas Generales sobre Bombas de Calor<\/span><\/strong><\/span><\/a><\/li><\/ul><h2>OTROS PRODUCTOS<\/h2><ul><li><a href=\"\/ar\/faq\/bombas-de-circulacion\"><span style=\"text-decoration: underline;\"><strong><span style=\"text-decoration: underline;\">Bombas de Circulaci\u00f3n<\/span><\/strong><\/span><\/a><\/li><li><a href=\"\/ar\/faq\/variadores-de-frecuencia-vfd-de-corriente-alterna\"><span style=\"text-decoration: underline;\"><strong><span style=\"text-decoration: underline;\">Variadores de Frecuencia (VFD) de Corriente Alterna<\/span><\/strong><\/span><\/a><\/li><li><a href=\"\/ar\/faq\/generador-electrico-portatil-con-baterias-de-litio\"><span style=\"text-decoration: underline;\"><strong><span style=\"text-decoration: underline;\">Generador El\u00e9ctrico Port\u00e1til con Bater\u00edas de Litio<\/span><\/strong><\/span><\/a><\/li><li><a href=\"\/ar\/faq\/cargadores-para-vehiculos-electricos\"><span style=\"text-decoration: underline;\"><strong><span style=\"text-decoration: underline;\"> Cargadores para Veh\u00edculos El\u00e9ctricos<\/span><\/strong><\/span><\/a><\/li><li><a href=\"\/ar\/faq\/convertidores-de-corriente-continua-dc-dc\"><span style=\"text-decoration: underline;\"><strong><span style=\"text-decoration: underline;\">Convertidores de Corriente Continua (DC-DC)<\/span><\/strong><\/span><\/a><\/li><li><a href=\"\/ar\/faq\/accesorios-de-proteccion-para-sistemas-fotovoltaicos\"><span style=\"text-decoration: underline;\"><strong><span style=\"text-decoration: underline;\">Accesorios de Protecci\u00f3n para Sistemas Fotovoltaicos<\/span><\/strong><\/span><\/a><\/li><\/ul><h2>ESTABILIZADORES DE VOLTAJE<\/h2><ul><li><a href=\"\/ar\/faq\/estabilizadores-de-tension\"><span style=\"text-decoration: underline;\"><strong>Preguntas y Respuestas Generales sobre Estabilizadores de Tensi\u00f3n<\/strong><\/span><\/a><\/li><\/ul>\t\t\t\t\t\t\t\t<\/div>\n\t\t\t\t\t<\/div>\n\t\t<\/div>\n\t\t\t\t\t<\/div>\n\t\t<\/section>\n\t\t\t\t<section class=\"wd-negative-gap elementor-section elementor-top-section elementor-element elementor-element-507b332 elementor-section-boxed elementor-section-height-default elementor-section-height-default\" data-id=\"507b332\" data-element_type=\"section\" data-e-type=\"section\">\n\t\t\t\t\t\t<div class=\"elementor-container elementor-column-gap-default\">\n\t\t\t\t\t<div class=\"elementor-column elementor-col-100 elementor-top-column elementor-element elementor-element-d44d6c5\" data-id=\"d44d6c5\" data-element_type=\"column\" data-e-type=\"column\">\n\t\t\t<div class=\"elementor-widget-wrap elementor-element-populated\">\n\t\t\t\t\t\t<div class=\"elementor-element elementor-element-6fc647d elementor-widget elementor-widget-wd_text_block\" data-id=\"6fc647d\" data-element_type=\"widget\" data-e-type=\"widget\" data-widget_type=\"wd_text_block.default\">\n\t\t\t\t<div class=\"elementor-widget-container\">\n\t\t\t\t\t\t\t<div class=\"wd-text-block reset-last-child text-left\">\n\t\t\t\n\t\t\t<p><span style=\"color: #000000;\">Tambi\u00e9n te invitamos a explorar nuestra lista de reproducci\u00f3n en YouTube, donde resolvemos las preguntas m\u00e1s frecuentes con explicaciones claras y demostraciones pr\u00e1cticas. Encuentra respuestas de forma r\u00e1pida y sencilla a trav\u00e9s de nuestros videos:<\/span><\/p>\n\t\t\t\t\t<\/div>\n\t\t\t\t\t\t<\/div>\n\t\t\t\t<\/div>\n\t\t\t\t\t<\/div>\n\t\t<\/div>\n\t\t\t\t\t<\/div>\n\t\t<\/section>\n\t\t\t\t<section class=\"elementor-section elementor-top-section elementor-element elementor-element-b4464ed elementor-section-boxed elementor-section-height-default elementor-section-height-default\" data-id=\"b4464ed\" data-element_type=\"section\" data-e-type=\"section\">\n\t\t\t\t\t\t<div class=\"elementor-container elementor-column-gap-default\">\n\t\t\t\t\t<div class=\"elementor-column elementor-col-100 elementor-top-column elementor-element elementor-element-787f4cf\" data-id=\"787f4cf\" data-element_type=\"column\" data-e-type=\"column\">\n\t\t\t<div class=\"elementor-widget-wrap elementor-element-populated\">\n\t\t\t\t\t\t<div class=\"elementor-element elementor-element-d87fa02 elementor-widget elementor-widget-html\" data-id=\"d87fa02\" data-element_type=\"widget\" data-e-type=\"widget\" data-widget_type=\"html.default\">\n\t\t\t\t\t<iframe width=\"560\" height=\"405\" src=\"https:\/\/www.youtube.com\/embed\/videoseries?si=vjsyClzW9eKuUOhY&amp;list=PLHtkDWl2_BC5RirKYGuy9EN4u7he8RTeu\" title=\"YouTube video player\" frameborder=\"0\" allow=\"accelerometer; autoplay; clipboard-write; encrypted-media; gyroscope; picture-in-picture; web-share\" referrerpolicy=\"strict-origin-when-cross-origin\" allowfullscreen><\/iframe>\t\t\t\t<\/div>\n\t\t\t\t\t<\/div>\n\t\t<\/div>\n\t\t\t\t\t<\/div>\n\t\t<\/section>\n\t\t\t\t<\/div>\n\t\t","protected":false},"excerpt":{"rendered":"<p>FAQ Preguntas Frecuentes: Soluciones y Componentes para Energ\u00eda Solar Introducci\u00f3n En esta secci\u00f3n abordamos las preguntas m\u00e1s frecuentes (FAQ) sobre<\/p>\n","protected":false},"author":4029,"featured_media":0,"parent":0,"menu_order":0,"comment_status":"closed","ping_status":"closed","template":"","meta":{"_relevanssi_hide_post":"","_relevanssi_hide_content":"","_relevanssi_pin_for_all":"","_relevanssi_pin_keywords":"","_relevanssi_unpin_keywords":"","_relevanssi_related_keywords":"","_relevanssi_related_include_ids":"","_relevanssi_related_exclude_ids":"","_relevanssi_related_no_append":"","_relevanssi_related_not_related":"","_relevanssi_related_posts":"","_relevanssi_noindex_reason":"","inline_featured_image":false,"footnotes":""},"class_list":["post-37687","page","type-page","status-publish","hentry"],"amp_enabled":true,"_links":{"self":[{"href":"https:\/\/enertik.com\/ar\/wp-json\/wp\/v2\/pages\/37687","targetHints":{"allow":["GET"]}}],"collection":[{"href":"https:\/\/enertik.com\/ar\/wp-json\/wp\/v2\/pages"}],"about":[{"href":"https:\/\/enertik.com\/ar\/wp-json\/wp\/v2\/types\/page"}],"author":[{"embeddable":true,"href":"https:\/\/enertik.com\/ar\/wp-json\/wp\/v2\/users\/4029"}],"replies":[{"embeddable":true,"href":"https:\/\/enertik.com\/ar\/wp-json\/wp\/v2\/comments?post=37687"}],"version-history":[{"count":0,"href":"https:\/\/enertik.com\/ar\/wp-json\/wp\/v2\/pages\/37687\/revisions"}],"wp:attachment":[{"href":"https:\/\/enertik.com\/ar\/wp-json\/wp\/v2\/media?parent=37687"}],"curies":[{"name":"wp","href":"https:\/\/api.w.org\/{rel}","templated":true}]}}