{"id":16901,"date":"2023-05-09T06:18:04","date_gmt":"2023-05-09T09:18:04","guid":{"rendered":"https:\/\/test.enertik.com\/ar\/?page_id=16901"},"modified":"2024-04-17T06:24:53","modified_gmt":"2024-04-17T09:24:53","slug":"revendedores","status":"publish","type":"page","link":"https:\/\/enertik.com\/ar\/revendedores\/","title":{"rendered":"Revendedores"},"content":{"rendered":"\t\t<div data-elementor-type=\"wp-page\" data-elementor-id=\"16901\" class=\"elementor elementor-16901\" data-elementor-post-type=\"page\">\n\t\t\t\t\t\t<section class=\"wd-negative-gap elementor-section elementor-top-section elementor-element elementor-element-1bd2d58 elementor-section-stretched elementor-section-boxed elementor-section-height-default elementor-section-height-default\" data-id=\"1bd2d58\" data-element_type=\"section\" data-e-type=\"section\" data-settings=\"{&quot;stretch_section&quot;:&quot;section-stretched&quot;,&quot;background_background&quot;:&quot;classic&quot;}\">\n\t\t\t\t\t\t<div class=\"elementor-container elementor-column-gap-default\">\n\t\t\t\t\t<div class=\"elementor-column elementor-col-100 elementor-top-column elementor-element elementor-element-5d6e64f\" data-id=\"5d6e64f\" data-element_type=\"column\" data-e-type=\"column\">\n\t\t\t<div class=\"elementor-widget-wrap elementor-element-populated\">\n\t\t\t\t\t\t<div class=\"elementor-element elementor-element-4fbf256 elementor-widget elementor-widget-wd_text_block\" data-id=\"4fbf256\" data-element_type=\"widget\" data-e-type=\"widget\" data-widget_type=\"wd_text_block.default\">\n\t\t\t\t<div class=\"elementor-widget-container\">\n\t\t\t\t\t\t\t<div class=\"wd-text-block reset-last-child text-left\">\n\t\t\t\n\t\t\t<h1 class=\"vc_custom_heading\" style=\"text-align: center;\"><span style=\"font-size: 18px;\">ACCED\u00c9 A GRANDES BENEFICIOS POR COMERCIALIZAR NUESTROS PRODUCTOS<\/span><\/h1>\n\t\t\t\t\t<\/div>\n\t\t\t\t\t\t<\/div>\n\t\t\t\t<\/div>\n\t\t\t\t\t<\/div>\n\t\t<\/div>\n\t\t\t\t\t<\/div>\n\t\t<\/section>\n\t\t\t\t<section class=\"wd-negative-gap elementor-section elementor-top-section elementor-element elementor-element-3030e23 elementor-section-stretched elementor-section-boxed elementor-section-height-default elementor-section-height-default\" data-id=\"3030e23\" data-element_type=\"section\" data-e-type=\"section\" data-settings=\"{&quot;stretch_section&quot;:&quot;section-stretched&quot;}\">\n\t\t\t\t\t\t<div class=\"elementor-container elementor-column-gap-default\">\n\t\t\t\t\t<div class=\"elementor-column elementor-col-100 elementor-top-column elementor-element elementor-element-7db26cb\" data-id=\"7db26cb\" data-element_type=\"column\" data-e-type=\"column\">\n\t\t\t<div class=\"elementor-widget-wrap elementor-element-populated\">\n\t\t\t\t\t\t<div class=\"elementor-element elementor-element-1c346b2 elementor-widget elementor-widget-heading\" data-id=\"1c346b2\" data-element_type=\"widget\" data-e-type=\"widget\" data-widget_type=\"heading.default\">\n\t\t\t\t\t<h2 class=\"elementor-heading-title elementor-size-default\">OFRECEMOS LOS MEJORES SERVICIOS<\/h2>\t\t\t\t<\/div>\n\t\t\t\t\t<\/div>\n\t\t<\/div>\n\t\t\t\t\t<\/div>\n\t\t<\/section>\n\t\t\t\t<section class=\"wd-negative-gap elementor-section elementor-top-section elementor-element elementor-element-4ba91c1 elementor-section-boxed elementor-section-height-default elementor-section-height-default\" data-id=\"4ba91c1\" data-element_type=\"section\" data-e-type=\"section\">\n\t\t\t\t\t\t<div class=\"elementor-container elementor-column-gap-default\">\n\t\t\t\t\t<div class=\"elementor-column elementor-col-25 elementor-top-column elementor-element elementor-element-762fd6c\" data-id=\"762fd6c\" data-element_type=\"column\" data-e-type=\"column\">\n\t\t\t<div class=\"elementor-widget-wrap elementor-element-populated\">\n\t\t\t\t\t\t<div class=\"elementor-element elementor-element-d68d7e1 elementor-widget elementor-widget-image\" data-id=\"d68d7e1\" data-element_type=\"widget\" data-e-type=\"widget\" data-widget_type=\"image.default\">\n\t\t\t\t\t\t\t\t\t\t\t\t<figure class=\"wp-caption\">\n\t\t\t\t\t\t\t\t\t\t<img decoding=\"async\" width=\"88\" height=\"88\" src=\"https:\/\/enertik.com\/ar\/wp-content\/themes\/woodmart\/images\/lazy.svg\" class=\"attachment-full size-full wp-image-10017 wd-lazy-fade\" alt=\"Icono Revendedores 6\" data-src=\"https:\/\/enertik.com\/ar\/wp-content\/uploads\/sites\/2\/iconos\/icono-revendedores-6.webp\" srcset=\"\" title=\"\">\t\t\t\t\t\t\t\t\t\t\t<figcaption class=\"widget-image-caption wp-caption-text\"><\/figcaption>\n\t\t\t\t\t\t\t\t\t\t<\/figure>\n\t\t\t\t\t\t\t\t\t<\/div>\n\t\t\t\t<div class=\"elementor-element elementor-element-b44a7f2 color-scheme-inherit text-left elementor-widget elementor-widget-text-editor\" data-id=\"b44a7f2\" data-element_type=\"widget\" data-e-type=\"widget\" data-widget_type=\"text-editor.default\">\n\t\t\t\t\t\t\t\t\t<p style=\"text-align: center;\">Asesoramiento t\u00e9cnico <strong>preventa y posventa<\/strong><\/p>\t\t\t\t\t\t\t\t<\/div>\n\t\t\t\t\t<\/div>\n\t\t<\/div>\n\t\t\t\t<div class=\"elementor-column elementor-col-25 elementor-top-column elementor-element elementor-element-df99dea\" data-id=\"df99dea\" data-element_type=\"column\" data-e-type=\"column\">\n\t\t\t<div class=\"elementor-widget-wrap elementor-element-populated\">\n\t\t\t\t\t\t<div class=\"elementor-element elementor-element-1cd15a8 elementor-widget elementor-widget-image\" data-id=\"1cd15a8\" data-element_type=\"widget\" data-e-type=\"widget\" data-widget_type=\"image.default\">\n\t\t\t\t\t\t\t\t\t\t\t\t<figure class=\"wp-caption\">\n\t\t\t\t\t\t\t\t\t\t<img decoding=\"async\" width=\"98\" height=\"98\" src=\"https:\/\/enertik.com\/ar\/wp-content\/themes\/woodmart\/images\/lazy.svg\" class=\"attachment-full size-full wp-image-10020 wd-lazy-fade\" alt=\"Icono Revendedores 9\" data-src=\"https:\/\/enertik.com\/ar\/wp-content\/uploads\/sites\/2\/iconos\/icono-revendedores-9.webp\" srcset=\"\" title=\"\">\t\t\t\t\t\t\t\t\t\t\t<figcaption class=\"widget-image-caption wp-caption-text\"><\/figcaption>\n\t\t\t\t\t\t\t\t\t\t<\/figure>\n\t\t\t\t\t\t\t\t\t<\/div>\n\t\t\t\t<div class=\"elementor-element elementor-element-2a8d43d color-scheme-inherit text-left elementor-widget elementor-widget-text-editor\" data-id=\"2a8d43d\" data-element_type=\"widget\" data-e-type=\"widget\" data-widget_type=\"text-editor.default\">\n\t\t\t\t\t\t\t\t\t<p style=\"text-align: center;\">Acompa\u00f1amiento en el <strong>dimensionamiento del proyecto<\/strong><\/p>\t\t\t\t\t\t\t\t<\/div>\n\t\t\t\t\t<\/div>\n\t\t<\/div>\n\t\t\t\t<div class=\"elementor-column elementor-col-25 elementor-top-column elementor-element elementor-element-d4318d9\" data-id=\"d4318d9\" data-element_type=\"column\" data-e-type=\"column\">\n\t\t\t<div class=\"elementor-widget-wrap elementor-element-populated\">\n\t\t\t\t\t\t<div class=\"elementor-element elementor-element-080c90f elementor-widget elementor-widget-image\" data-id=\"080c90f\" data-element_type=\"widget\" data-e-type=\"widget\" data-widget_type=\"image.default\">\n\t\t\t\t\t\t\t\t\t\t\t\t<figure class=\"wp-caption\">\n\t\t\t\t\t\t\t\t\t\t<img decoding=\"async\" width=\"88\" height=\"88\" src=\"https:\/\/enertik.com\/ar\/wp-content\/themes\/woodmart\/images\/lazy.svg\" class=\"attachment-full size-full wp-image-10013 wd-lazy-fade\" alt=\"Icono Revendedores 2\" data-src=\"https:\/\/enertik.com\/ar\/wp-content\/uploads\/sites\/2\/iconos\/icono-revendedores-2.webp\" srcset=\"\" title=\"\">\t\t\t\t\t\t\t\t\t\t\t<figcaption class=\"widget-image-caption wp-caption-text\"><\/figcaption>\n\t\t\t\t\t\t\t\t\t\t<\/figure>\n\t\t\t\t\t\t\t\t\t<\/div>\n\t\t\t\t<div class=\"elementor-element elementor-element-ecacae6 color-scheme-inherit text-left elementor-widget elementor-widget-text-editor\" data-id=\"ecacae6\" data-element_type=\"widget\" data-e-type=\"widget\" data-widget_type=\"text-editor.default\">\n\t\t\t\t\t\t\t\t\t<div class=\"wpb_column vc_column_container vc_col-sm-3 et_custom_uniqid_6463440a4612a mpc-column\" data-column-id=\"mpc_column-546463440b85e15\">\n<div class=\"vc_column-inner\">\n<div class=\"wpb_wrapper\">\n<div class=\"wpb_text_column wpb_content_element  vc_custom_1654781923045\">\n<div class=\"wpb_wrapper\">\n<p style=\"text-align: center;\">Servicio <strong>t\u00e9cnico<\/strong><\/p>\n<\/div>\n<\/div>\n<\/div>\n<\/div>\n<\/div>\t\t\t\t\t\t\t\t<\/div>\n\t\t\t\t\t<\/div>\n\t\t<\/div>\n\t\t\t\t<div class=\"elementor-column elementor-col-25 elementor-top-column elementor-element elementor-element-85fafaf\" data-id=\"85fafaf\" data-element_type=\"column\" data-e-type=\"column\">\n\t\t\t<div class=\"elementor-widget-wrap elementor-element-populated\">\n\t\t\t\t\t\t<div class=\"elementor-element elementor-element-b934911 elementor-widget elementor-widget-image\" data-id=\"b934911\" data-element_type=\"widget\" data-e-type=\"widget\" data-widget_type=\"image.default\">\n\t\t\t\t\t\t\t\t\t\t\t\t<figure class=\"wp-caption\">\n\t\t\t\t\t\t\t\t\t\t<img decoding=\"async\" width=\"88\" height=\"88\" src=\"https:\/\/enertik.com\/ar\/wp-content\/themes\/woodmart\/images\/lazy.svg\" class=\"attachment-full size-full wp-image-10016 wd-lazy-fade\" alt=\"Icono Revendedores 5\" data-src=\"https:\/\/enertik.com\/ar\/wp-content\/uploads\/sites\/2\/iconos\/icono-revendedores-5.webp\" srcset=\"\" title=\"\">\t\t\t\t\t\t\t\t\t\t\t<figcaption class=\"widget-image-caption wp-caption-text\"><\/figcaption>\n\t\t\t\t\t\t\t\t\t\t<\/figure>\n\t\t\t\t\t\t\t\t\t<\/div>\n\t\t\t\t<div class=\"elementor-element elementor-element-1f24e24 color-scheme-inherit text-left elementor-widget elementor-widget-text-editor\" data-id=\"1f24e24\" data-element_type=\"widget\" data-e-type=\"widget\" data-widget_type=\"text-editor.default\">\n\t\t\t\t\t\t\t\t\t<div class=\"wpb_column vc_column_container vc_col-sm-3 et_custom_uniqid_6463440a4612a mpc-column\" data-column-id=\"mpc_column-546463440b85e15\">\n<div class=\"vc_column-inner\">\n<div class=\"wpb_wrapper\">\n<div class=\"wpb_text_column wpb_content_element  vc_custom_1654781923045\">\n<div class=\"wpb_wrapper\">\n<p style=\"text-align: center;\">Folleter\u00eda<\/p>\n<\/div>\n<\/div>\n<\/div>\n<\/div>\n<\/div>\t\t\t\t\t\t\t\t<\/div>\n\t\t\t\t\t<\/div>\n\t\t<\/div>\n\t\t\t\t\t<\/div>\n\t\t<\/section>\n\t\t\t\t<section class=\"wd-negative-gap elementor-section elementor-top-section elementor-element elementor-element-5d0da71 elementor-section-boxed elementor-section-height-default elementor-section-height-default\" data-id=\"5d0da71\" data-element_type=\"section\" data-e-type=\"section\">\n\t\t\t\t\t\t<div class=\"elementor-container elementor-column-gap-default\">\n\t\t\t\t\t<div class=\"elementor-column elementor-col-25 elementor-top-column elementor-element elementor-element-aae165d\" data-id=\"aae165d\" data-element_type=\"column\" data-e-type=\"column\">\n\t\t\t<div class=\"elementor-widget-wrap elementor-element-populated\">\n\t\t\t\t\t\t<div class=\"elementor-element elementor-element-80fde0e elementor-widget elementor-widget-image\" data-id=\"80fde0e\" data-element_type=\"widget\" data-e-type=\"widget\" data-widget_type=\"image.default\">\n\t\t\t\t\t\t\t\t\t\t\t\t<figure class=\"wp-caption\">\n\t\t\t\t\t\t\t\t\t\t<img decoding=\"async\" width=\"88\" height=\"88\" src=\"https:\/\/enertik.com\/ar\/wp-content\/themes\/woodmart\/images\/lazy.svg\" class=\"attachment-full size-full wp-image-10018 wd-lazy-fade\" alt=\"Icono Revendedores 7\" data-src=\"https:\/\/enertik.com\/ar\/wp-content\/uploads\/sites\/2\/iconos\/icono-revendedores-7.webp\" srcset=\"\" title=\"\">\t\t\t\t\t\t\t\t\t\t\t<figcaption class=\"widget-image-caption wp-caption-text\"><\/figcaption>\n\t\t\t\t\t\t\t\t\t\t<\/figure>\n\t\t\t\t\t\t\t\t\t<\/div>\n\t\t\t\t<div class=\"elementor-element elementor-element-9864596 color-scheme-inherit text-left elementor-widget elementor-widget-text-editor\" data-id=\"9864596\" data-element_type=\"widget\" data-e-type=\"widget\" data-widget_type=\"text-editor.default\">\n\t\t\t\t\t\t\t\t\t<div class=\"wpb_column vc_column_container vc_col-sm-3 et_custom_uniqid_6463440a4612a mpc-column\" data-column-id=\"mpc_column-146463440b876a4\">\n<div class=\"vc_column-inner\">\n<div class=\"wpb_wrapper\">\n<div class=\"wpb_text_column wpb_content_element  vc_custom_1654781996129\">\n<div class=\"wpb_wrapper\">\n<p style=\"text-align: center;\">Pr\u00e9stamo de <strong>equipos para exposiciones<\/strong><\/p>\n<\/div>\n<\/div>\n<\/div>\n<\/div>\n<\/div>\t\t\t\t\t\t\t\t<\/div>\n\t\t\t\t\t<\/div>\n\t\t<\/div>\n\t\t\t\t<div class=\"elementor-column elementor-col-25 elementor-top-column elementor-element elementor-element-3f83164\" data-id=\"3f83164\" data-element_type=\"column\" data-e-type=\"column\">\n\t\t\t<div class=\"elementor-widget-wrap elementor-element-populated\">\n\t\t\t\t\t\t<div class=\"elementor-element elementor-element-1114616 elementor-widget elementor-widget-image\" data-id=\"1114616\" data-element_type=\"widget\" data-e-type=\"widget\" data-widget_type=\"image.default\">\n\t\t\t\t\t\t\t\t\t\t\t\t<figure class=\"wp-caption\">\n\t\t\t\t\t\t\t\t\t\t<img decoding=\"async\" width=\"88\" height=\"88\" src=\"https:\/\/enertik.com\/ar\/wp-content\/themes\/woodmart\/images\/lazy.svg\" class=\"attachment-full size-full wp-image-10021 wd-lazy-fade\" alt=\"Icono Revendedores\" data-src=\"https:\/\/enertik.com\/ar\/wp-content\/uploads\/sites\/2\/iconos\/icono-revendedores.webp\" srcset=\"\" title=\"\">\t\t\t\t\t\t\t\t\t\t\t<figcaption class=\"widget-image-caption wp-caption-text\"><\/figcaption>\n\t\t\t\t\t\t\t\t\t\t<\/figure>\n\t\t\t\t\t\t\t\t\t<\/div>\n\t\t\t\t<div class=\"elementor-element elementor-element-803ca95 color-scheme-inherit text-left elementor-widget elementor-widget-text-editor\" data-id=\"803ca95\" data-element_type=\"widget\" data-e-type=\"widget\" data-widget_type=\"text-editor.default\">\n\t\t\t\t\t\t\t\t\t<div class=\"wpb_column vc_column_container vc_col-sm-3 et_custom_uniqid_6463440a4612a mpc-column\" data-column-id=\"mpc_column-976463440b880e6\">\n<div class=\"vc_column-inner\">\n<div class=\"wpb_wrapper\">\n<div class=\"wpb_text_column wpb_content_element  vc_custom_1654781975795\">\n<div class=\"wpb_wrapper\">\n<p style=\"text-align: center;\">Stock <strong>permanente<\/strong><\/p>\n<\/div>\n<\/div>\n<\/div>\n<\/div>\n<\/div>\t\t\t\t\t\t\t\t<\/div>\n\t\t\t\t\t<\/div>\n\t\t<\/div>\n\t\t\t\t<div class=\"elementor-column elementor-col-25 elementor-top-column elementor-element elementor-element-9c5c001\" data-id=\"9c5c001\" data-element_type=\"column\" data-e-type=\"column\">\n\t\t\t<div class=\"elementor-widget-wrap elementor-element-populated\">\n\t\t\t\t\t\t<div class=\"elementor-element elementor-element-7d477ac elementor-widget elementor-widget-image\" data-id=\"7d477ac\" data-element_type=\"widget\" data-e-type=\"widget\" data-widget_type=\"image.default\">\n\t\t\t\t\t\t\t\t\t\t\t\t<figure class=\"wp-caption\">\n\t\t\t\t\t\t\t\t\t\t<img decoding=\"async\" width=\"88\" height=\"88\" src=\"https:\/\/enertik.com\/ar\/wp-content\/themes\/woodmart\/images\/lazy.svg\" class=\"attachment-full size-full wp-image-10015 wd-lazy-fade\" alt=\"Icono Revendedores 4\" data-src=\"https:\/\/enertik.com\/ar\/wp-content\/uploads\/sites\/2\/iconos\/icono-revendedores-4.webp\" srcset=\"\" title=\"\">\t\t\t\t\t\t\t\t\t\t\t<figcaption class=\"widget-image-caption wp-caption-text\"><\/figcaption>\n\t\t\t\t\t\t\t\t\t\t<\/figure>\n\t\t\t\t\t\t\t\t\t<\/div>\n\t\t\t\t<div class=\"elementor-element elementor-element-a01faa8 color-scheme-inherit text-left elementor-widget elementor-widget-text-editor\" data-id=\"a01faa8\" data-element_type=\"widget\" data-e-type=\"widget\" data-widget_type=\"text-editor.default\">\n\t\t\t\t\t\t\t\t\t<div class=\"wpb_column vc_column_container vc_col-sm-3 et_custom_uniqid_6463440a4612a mpc-column\" data-column-id=\"mpc_column-546463440b85e15\">\n<div class=\"vc_column-inner\">\n<div class=\"wpb_wrapper\">\n<div class=\"wpb_text_column wpb_content_element  vc_custom_1654781923045\">\n<div class=\"wpb_wrapper\">\n<div class=\"wpb_column vc_column_container vc_col-sm-3 et_custom_uniqid_6463440a4612a mpc-column\" data-column-id=\"mpc_column-226463440b88ac3\">\n<div class=\"vc_column-inner\">\n<div class=\"wpb_wrapper\">\n<div class=\"wpb_text_column wpb_content_element  vc_custom_1654781966358\">\n<div class=\"wpb_wrapper\">\n<p style=\"text-align: center;\">Programa de <strong>capacitaciones Online<\/strong><\/p>\n<\/div>\n<\/div>\n<\/div>\n<\/div>\n<\/div>\n<\/div>\n<\/div>\n<\/div>\n<\/div>\n<\/div>\t\t\t\t\t\t\t\t<\/div>\n\t\t\t\t\t<\/div>\n\t\t<\/div>\n\t\t\t\t<div class=\"elementor-column elementor-col-25 elementor-top-column elementor-element elementor-element-39de07c\" data-id=\"39de07c\" data-element_type=\"column\" data-e-type=\"column\">\n\t\t\t<div class=\"elementor-widget-wrap elementor-element-populated\">\n\t\t\t\t\t\t<div class=\"elementor-element elementor-element-654891f elementor-widget elementor-widget-image\" data-id=\"654891f\" data-element_type=\"widget\" data-e-type=\"widget\" data-widget_type=\"image.default\">\n\t\t\t\t\t\t\t\t\t\t\t\t<figure class=\"wp-caption\">\n\t\t\t\t\t\t\t\t\t\t<img decoding=\"async\" width=\"88\" height=\"88\" src=\"https:\/\/enertik.com\/ar\/wp-content\/themes\/woodmart\/images\/lazy.svg\" class=\"attachment-full size-full wp-image-10014 wd-lazy-fade\" alt=\"Icono Revendedores 3\" data-src=\"https:\/\/enertik.com\/ar\/wp-content\/uploads\/sites\/2\/iconos\/icono-revendedores-3.webp\" srcset=\"\" title=\"\">\t\t\t\t\t\t\t\t\t\t\t<figcaption class=\"widget-image-caption wp-caption-text\"><\/figcaption>\n\t\t\t\t\t\t\t\t\t\t<\/figure>\n\t\t\t\t\t\t\t\t\t<\/div>\n\t\t\t\t<div class=\"elementor-element elementor-element-98fefb8 color-scheme-inherit text-left elementor-widget elementor-widget-text-editor\" data-id=\"98fefb8\" data-element_type=\"widget\" data-e-type=\"widget\" data-widget_type=\"text-editor.default\">\n\t\t\t\t\t\t\t\t\t<div class=\"wpb_column vc_column_container vc_col-sm-3 et_custom_uniqid_6463440a4612a mpc-column\" data-column-id=\"mpc_column-546463440b85e15\">\n<div class=\"vc_column-inner\">\n<div class=\"wpb_wrapper\">\n<div class=\"wpb_text_column wpb_content_element  vc_custom_1654781923045\">\n<div class=\"wpb_wrapper\">\n<p style=\"text-align: center;\">Marca <strong>blanca<\/strong><\/p>\n<\/div>\n<\/div>\n<\/div>\n<\/div>\n<\/div>\t\t\t\t\t\t\t\t<\/div>\n\t\t\t\t\t<\/div>\n\t\t<\/div>\n\t\t\t\t\t<\/div>\n\t\t<\/section>\n\t\t\t\t<section class=\"wd-negative-gap elementor-section elementor-top-section elementor-element elementor-element-377fbb57 elementor-section-stretched elementor-section-boxed elementor-section-height-default elementor-section-height-default\" data-id=\"377fbb57\" data-element_type=\"section\" data-e-type=\"section\" data-settings=\"{&quot;stretch_section&quot;:&quot;section-stretched&quot;}\">\n\t\t\t\t\t\t<div class=\"elementor-container elementor-column-gap-default\">\n\t\t\t\t\t<div class=\"elementor-column elementor-col-100 elementor-top-column elementor-element elementor-element-4c2ba5a4\" data-id=\"4c2ba5a4\" data-element_type=\"column\" data-e-type=\"column\">\n\t\t\t<div class=\"elementor-widget-wrap elementor-element-populated\">\n\t\t\t\t\t\t<div class=\"elementor-element elementor-element-2b53bb8d color-scheme-inherit text-left elementor-widget elementor-widget-text-editor\" data-id=\"2b53bb8d\" data-element_type=\"widget\" data-e-type=\"widget\" data-widget_type=\"text-editor.default\">\n\t\t\t\t\t\t\t\t\t\n<p style=\"text-align: center;\"><iframe id=\"JotFormIFrame-81911619267462\" style=\"min-width: 100%; height: 539px; border: none;\" title=\"Revendedor\" src=\"https:\/\/form.jotform.me\/81911619267462\" frameborder=\"0\" scrolling=\"no\" allowfullscreen=\"allowfullscreen\">\n    <\/iframe> <script type=\"text\/javascript\">\n    var ifr = document.getElementById(\"JotFormIFrame-81911619267462\");\n    if (ifr) {\n      var src = ifr.src;\n      var iframeParams = [];\n      if (window.location.href && window.location.href.indexOf(\"?\") > -1) {\n        iframeParams = iframeParams.concat(window.location.href.substr(window.location.href.indexOf(\"?\") + 1).split('&'));\n      }\n      if (src && src.indexOf(\"?\") > -1) {\n        iframeParams = iframeParams.concat(src.substr(src.indexOf(\"?\") + 1).split(\"&\"));\n        src = src.substr(0, src.indexOf(\"?\"))\n      }\n      iframeParams.push(\"isIframeEmbed=1\");\n      ifr.src = src + \"?\" + iframeParams.join('&');\n    }\n    window.handleIFrameMessage = function(e) {\n      if (typeof e.data === 'object') { return; }\n      var args = e.data.split(\":\");\n      if (args.length > 2) { iframe = document.getElementById(\"JotFormIFrame-\" + args[(args.length - 1)]); } else { iframe = document.getElementById(\"JotFormIFrame\"); }\n      if (!iframe) { return; }\n      switch (args[0]) {\n        case \"scrollIntoView\":\n          iframe.scrollIntoView();\n          break;\n        case \"setHeight\":\n          iframe.style.height = args[1] + \"px\";\n          if (!isNaN(args[1]) && parseInt(iframe.style.minHeight) > parseInt(args[1])) {\n            iframe.style.minHeight = args[1] + \"px\";\n          }\n          break;\n        case \"collapseErrorPage\":\n          if (iframe.clientHeight > window.innerHeight) {\n            iframe.style.height = window.innerHeight + \"px\";\n          }\n          break;\n        case \"reloadPage\":\n          window.location.reload();\n          break;\n        case \"loadScript\":\n          if( !window.isPermitted(e.origin, ['jotform.com', 'jotform.pro']) ) { break; }\n          var src = args[1];\n          if (args.length > 3) {\n              src = args[1] + ':' + args[2];\n          }\n          var script = document.createElement('script');\n          script.src = src;\n          script.type = 'text\/javascript';\n          document.body.appendChild(script);\n          break;\n        case \"exitFullscreen\":\n          if      (window.document.exitFullscreen)        window.document.exitFullscreen();\n          else if (window.document.mozCancelFullScreen)   window.document.mozCancelFullScreen();\n          else if (window.document.mozCancelFullscreen)   window.document.mozCancelFullScreen();\n          else if (window.document.webkitExitFullscreen)  window.document.webkitExitFullscreen();\n          else if (window.document.msExitFullscreen)      window.document.msExitFullscreen();\n          break;\n      }\n      var isJotForm = (e.origin.indexOf(\"jotform\") > -1) ? true : false;\n      if(isJotForm && \"contentWindow\" in iframe && \"postMessage\" in iframe.contentWindow) {\n        var urls = {\"docurl\":encodeURIComponent(document.URL),\"referrer\":encodeURIComponent(document.referrer)};\n        iframe.contentWindow.postMessage(JSON.stringify({\"type\":\"urls\",\"value\":urls}), \"*\");\n      }\n    };\n    window.isPermitted = function(originUrl, whitelisted_domains) {\n      var url = document.createElement('a');\n      url.href = originUrl;\n      var hostname = url.hostname;\n      var result = false;\n      if( typeof hostname !== 'undefined' ) {\n        whitelisted_domains.forEach(function(element) {\n            if( hostname.slice((-1 * element.length - 1)) === '.'.concat(element) ||  hostname === element ) {\n                result = true;\n            }\n        });\n        return result;\n      }\n    };\n    if (window.addEventListener) {\n      window.addEventListener(\"message\", handleIFrameMessage, false);\n    } else if (window.attachEvent) {\n      window.attachEvent(\"onmessage\", handleIFrameMessage);\n    }\n    <\/script><\/p>\n\t\t\t\t\t\t\t\t<\/div>\n\t\t\t\t\t<\/div>\n\t\t<\/div>\n\t\t\t\t\t<\/div>\n\t\t<\/section>\n\t\t\t\t<\/div>\n\t\t","protected":false},"excerpt":{"rendered":"<p>ACCED\u00c9 A GRANDES BENEFICIOS POR COMERCIALIZAR NUESTROS PRODUCTOS OFRECEMOS LOS MEJORES SERVICIOS Asesoramiento t\u00e9cnico preventa y posventa Acompa\u00f1amiento en el<\/p>\n","protected":false},"author":4029,"featured_media":0,"parent":0,"menu_order":0,"comment_status":"closed","ping_status":"closed","template":"","meta":{"_relevanssi_hide_post":"","_relevanssi_hide_content":"","_relevanssi_pin_for_all":"","_relevanssi_pin_keywords":"","_relevanssi_unpin_keywords":"","_relevanssi_related_keywords":"","_relevanssi_related_include_ids":"","_relevanssi_related_exclude_ids":"","_relevanssi_related_no_append":"","_relevanssi_related_not_related":"","_relevanssi_related_posts":"","_relevanssi_noindex_reason":"","inline_featured_image":false,"footnotes":""},"class_list":["post-16901","page","type-page","status-publish","hentry"],"amp_enabled":true,"_links":{"self":[{"href":"https:\/\/enertik.com\/ar\/wp-json\/wp\/v2\/pages\/16901","targetHints":{"allow":["GET"]}}],"collection":[{"href":"https:\/\/enertik.com\/ar\/wp-json\/wp\/v2\/pages"}],"about":[{"href":"https:\/\/enertik.com\/ar\/wp-json\/wp\/v2\/types\/page"}],"author":[{"embeddable":true,"href":"https:\/\/enertik.com\/ar\/wp-json\/wp\/v2\/users\/4029"}],"replies":[{"embeddable":true,"href":"https:\/\/enertik.com\/ar\/wp-json\/wp\/v2\/comments?post=16901"}],"version-history":[{"count":0,"href":"https:\/\/enertik.com\/ar\/wp-json\/wp\/v2\/pages\/16901\/revisions"}],"wp:attachment":[{"href":"https:\/\/enertik.com\/ar\/wp-json\/wp\/v2\/media?parent=16901"}],"curies":[{"name":"wp","href":"https:\/\/api.w.org\/{rel}","templated":true}]}}